{"id":8256,"date":"2021-11-24T09:28:05","date_gmt":"2021-11-24T08:28:05","guid":{"rendered":"https:\/\/www.fleurop-home.ch\/?product=brauner-storchschnabel-geranium-phaeum-1709032240"},"modified":"2026-04-28T11:26:48","modified_gmt":"2026-04-28T09:26:48","slug":"brauner-storchschnabel-geranium-phaeum-1709032240","status":"publish","type":"product","link":"https:\/\/www.fleurop-home.ch\/de-ch\/p\/brauner-storchschnabel-geranium-phaeum-1709032240","title":{"rendered":"Brauner Storchschnabel  &#8211; Geranium phaeum"},"content":{"rendered":"<p>Der Braune Storchschnabel Klepper zeichnet sich als vielseitige Bl\u00fctenstaude mit nat\u00fcrlicher Ausstrahlung aus. Seine violetten Bl\u00fcten erscheinen von Mai bis Juli und locken zahlreiche Insekten an, was ihn besonders f\u00fcr naturnahe Pflanzungen empfiehlt. Diese Staude vertr\u00e4gt halbschattige Standorte sehr gut und kommt mit durchl\u00e4ssigem, m\u00e4ssig feuchtem Boden bestens zurecht. Dank seiner Winterh\u00e4rte eignet sich der Braune Storchschnabel hervorragend f\u00fcr den ganzj\u00e4hrigen Einsatz im Garten, auch am Geh\u00f6lzrand oder als Teil von Wildstaudenmischungen. Mit seiner anspruchslosen Art und der 100 % Schweizer Produktion steht er f\u00fcr langlebige Freude und eine lebendige Blumenpracht.<\/p>\n<p>H\u00f6he: 70 cm<br \/>\nTopf Gr\u00f6sse: 21 er Topf<br \/>\nWinterh\u00e4rte: winterhart<br \/>\nLicht: halbschattig<br \/>\nBl\u00fctezeit: Mai bis Juli<br \/>\nBoden: durchl\u00e4ssig<\/p>\n","protected":false},"excerpt":{"rendered":"<p>Brauner Storchschnabel Klepper \u2013 winterharte Bl\u00fctenstaude und Insektenmagnet<\/p>\n","protected":false},"featured_media":41407,"template":"","meta":[],"product_brand":[],"product_cat":[109,34,41],"product_tag":[299],"woo-feed-brand":[],"class_list":{"0":"post-8256","1":"product","2":"type-product","3":"status-publish","4":"has-post-thumbnail","6":"product_cat-saisonale-pflanzen","7":"product_cat-garten-balkon","8":"product_cat-outdoorpflanzen","9":"product_tag-santispracht","11":"first","12":"instock","13":"taxable","14":"shipping-taxable","15":"purchasable","16":"product-type-simple"},"_links":{"self":[{"href":"https:\/\/www.fleurop-home.ch\/de-ch\/wp-json\/wp\/v2\/product\/8256","targetHints":{"allow":["GET"]}}],"collection":[{"href":"https:\/\/www.fleurop-home.ch\/de-ch\/wp-json\/wp\/v2\/product"}],"about":[{"href":"https:\/\/www.fleurop-home.ch\/de-ch\/wp-json\/wp\/v2\/types\/product"}],"wp:featuredmedia":[{"embeddable":true,"href":"https:\/\/www.fleurop-home.ch\/de-ch\/wp-json\/wp\/v2\/media\/41407"}],"wp:attachment":[{"href":"https:\/\/www.fleurop-home.ch\/de-ch\/wp-json\/wp\/v2\/media?parent=8256"}],"wp:term":[{"taxonomy":"product_brand","embeddable":true,"href":"https:\/\/www.fleurop-home.ch\/de-ch\/wp-json\/wp\/v2\/product_brand?post=8256"},{"taxonomy":"product_cat","embeddable":true,"href":"https:\/\/www.fleurop-home.ch\/de-ch\/wp-json\/wp\/v2\/product_cat?post=8256"},{"taxonomy":"product_tag","embeddable":true,"href":"https:\/\/www.fleurop-home.ch\/de-ch\/wp-json\/wp\/v2\/product_tag?post=8256"},{"taxonomy":"woo-feed-brand","embeddable":true,"href":"https:\/\/www.fleurop-home.ch\/de-ch\/wp-json\/wp\/v2\/woo-feed-brand?post=8256"}],"curies":[{"name":"wp","href":"https:\/\/api.w.org\/{rel}","templated":true}]}}