{"id":7990,"date":"2021-09-21T14:04:27","date_gmt":"2021-09-21T12:04:27","guid":{"rendered":"https:\/\/www.fleurop-home.ch\/?product=gottlieber-geschenkset-macardo-whisky"},"modified":"2026-02-05T14:32:23","modified_gmt":"2026-02-05T13:32:23","slug":"gottlieber-geschenkset-macardo-whisky-2","status":"publish","type":"product","link":"https:\/\/www.fleurop-home.ch\/de-ch\/p\/gottlieber-geschenkset-macardo-whisky-2","title":{"rendered":"Gottlieber Geschenkset \u00abMacardo Whisky\u00bb"},"content":{"rendered":"<p>F\u00fcr aussergew\u00f6hnliche Genussmomente! Das Geschenkset Macardo Whisky ist eine Kombination der Gottlieber Premium H\u00fcppen Black Special Grand Cru und einer Flasche Single Malt Whisky der Opening Edition 1904 (42 % Vol., 70 cl) der Macardo Swiss Distillery.[nbsp] Zwei Thurgauer Qualit\u00e4tsprodukte, die sich besser nicht erg\u00e4nzen k\u00f6nnten.<\/p>\n<p><a href=\"https:\/\/www.macardo.ch\/produkt\/opening-edition\/\" target=\"_blank\" rel=\"noopener\"><span style=\"text-decoration: underline;\">Opening Edition 1904 Single Malt Whisky:<\/span> <\/a>Auf 1904 Flaschen limitierter Single Malt Whisky, hergestellt f\u00fcr die Er\u00f6ffnung der \u00abWelt von Macardo\u00bb in Strohwilen TG im November 2020. Ein besonderer Single Malt Whisky f\u00fcr einen aussergew\u00f6hnlichen Anlass. \u00dcberdies mit Hingabe gebrannt aus feinster Thurgauer Gerste, fermentiert mit ausgew\u00e4hlten Spezialhefen, gereift in auserlesenen, von Macardo gezielt ausgesuchten, belegten Armagnac-Sherry- und Portf\u00e4ssern. Ein Swiss Premium Whisky, angenehm zu trinken und ein perfekter Begleiter f\u00fcr eine feine Zigarre und feinsten Gottlieber Grand Cru-H\u00fcppen. Mit \u00fcber 60% Cacao sorgt f\u00fcr traumhafte und unvergessliche Momente.<\/p>\n<p>Der Cacao Nacional w\u00e4chst in Ecuador und z\u00e4hlt zu den edelsten Aromakakaos der Welt. Das \u00abschwarze Gold\u00bb S\u00fcdamerikas verleiht unserer Premium-F\u00fcllung Black Special Grand Cru den intensiven Geschmack edelster Zartbitterschokolade.<\/p>\n<p><strong>H\u00fcppen-F\u00fcllung<\/strong><br \/>\nBlack Special Grand Cru<\/p>\n<p><strong>Inhalt<\/strong>:<br \/>\n8 H\u00fcppen, 120 g<br \/>\n1 Whisky Macardo Opening Edition 1904 Single Malt, 42% Vol, 70 cl<\/p>\n<p><strong>Masse<\/strong><br \/>\n365 x 380 x 98 mm<\/p>\n<h4>N\u00e4hrwertinformationen und Allergikerhinweise<\/h4>\n<p><a href=\"https:\/\/www.gottlieber.ch\/de\/online-shop\/naehrwertinformationen\" target=\"_blank\" rel=\"noopener\">N\u00e4hrwertinformationen und Allergikerhinweise<\/a><\/p>\n","protected":false},"excerpt":{"rendered":"<p>Gottlieber Geschenkset Macardo Whisky mit Black Special Grand Cru und Single Malt<\/p>\n","protected":false},"featured_media":7991,"template":"","meta":[],"product_brand":[],"product_cat":[53,1002,1090,910,1020,1018,984,993,999,1088,909,916,42,115,114,885,52,1225],"product_tag":[147,286],"woo-feed-brand":[],"class_list":{"0":"post-7990","1":"product","2":"type-product","3":"status-publish","4":"has-post-thumbnail","6":"product_cat-geschenksets","7":"product_cat-fuer-ihn","8":"product_cat-geniesser","9":"product_cat-geschenkideen","10":"product_cat-ostergeschenke","11":"product_cat-ostern","12":"product_cat-silvester","13":"product_cat-silvestergeschenke","14":"product_cat-valentinstag","15":"product_cat-vatertag","16":"product_cat-weihnachten","17":"product_cat-praesente","18":"product_cat-kueche","19":"product_cat-spirituosen","20":"product_cat-schokolade-sweets","21":"product_cat-koestlichkeiten","22":"product_cat-geschenke","23":"product_cat-genuss","24":"product_tag-alkohol","25":"product_tag-gottlieber-spezialitaten-ag","27":"first","28":"instock","29":"taxable","30":"shipping-taxable","31":"purchasable","32":"product-type-simple"},"_links":{"self":[{"href":"https:\/\/www.fleurop-home.ch\/de-ch\/wp-json\/wp\/v2\/product\/7990","targetHints":{"allow":["GET"]}}],"collection":[{"href":"https:\/\/www.fleurop-home.ch\/de-ch\/wp-json\/wp\/v2\/product"}],"about":[{"href":"https:\/\/www.fleurop-home.ch\/de-ch\/wp-json\/wp\/v2\/types\/product"}],"wp:featuredmedia":[{"embeddable":true,"href":"https:\/\/www.fleurop-home.ch\/de-ch\/wp-json\/wp\/v2\/media\/7991"}],"wp:attachment":[{"href":"https:\/\/www.fleurop-home.ch\/de-ch\/wp-json\/wp\/v2\/media?parent=7990"}],"wp:term":[{"taxonomy":"product_brand","embeddable":true,"href":"https:\/\/www.fleurop-home.ch\/de-ch\/wp-json\/wp\/v2\/product_brand?post=7990"},{"taxonomy":"product_cat","embeddable":true,"href":"https:\/\/www.fleurop-home.ch\/de-ch\/wp-json\/wp\/v2\/product_cat?post=7990"},{"taxonomy":"product_tag","embeddable":true,"href":"https:\/\/www.fleurop-home.ch\/de-ch\/wp-json\/wp\/v2\/product_tag?post=7990"},{"taxonomy":"woo-feed-brand","embeddable":true,"href":"https:\/\/www.fleurop-home.ch\/de-ch\/wp-json\/wp\/v2\/woo-feed-brand?post=7990"}],"curies":[{"name":"wp","href":"https:\/\/api.w.org\/{rel}","templated":true}]}}