{"id":7976,"date":"2021-09-21T12:42:17","date_gmt":"2021-09-21T10:42:17","guid":{"rendered":"https:\/\/www.fleurop-home.ch\/?product=gottlieber-wochenkalender-liebe"},"modified":"2026-04-01T13:37:58","modified_gmt":"2026-04-01T11:37:58","slug":"gottlieber-7-tage-genuss-kalender-liebe","status":"publish","type":"product","link":"https:\/\/www.fleurop-home.ch\/de-ch\/p\/gottlieber-7-tage-genuss-kalender-liebe","title":{"rendered":"Gottlieber 7 Tage Genuss-Kalender \u00abLiebe\u00bb"},"content":{"rendered":"<div class=\"description\">\n<p>Eine Woche Liebe verschenken! Der neue Gottlieber Gourmet-Wochenkalender vereint erlesene K\u00f6stlichkeiten unserer Zuckerb\u00e4ckerei. In jeder der sieben Schachteln verbirgt sich eine s\u00fcsse \u00dcberraschung: knusprige H\u00fcppen, zart duftender Tee, verf\u00fchrerische Tartufi sowie die haus- und handgemachte Pralin\u00e9creme \u00abMorgens\u00fcnde\u00bb.<\/p>\n<p>Die edle Goldpr\u00e4gung wertet den hochwertigen Kalender und Sleeve zus\u00e4tzlich auf.<\/p>\n<\/div>\n<dl class=\"product-attributes\">\n<dt class=\"label\"><strong>Inhalt<\/strong><\/dt>\n<dt class=\"label\">7 verschiedene Gottlieber \u00dcberraschungen<br \/>\n<strong>Masse<\/strong><br \/>\n267 x 193 x 190<br \/>\n<a href=\"https:\/\/www.gottlieber.ch\/de\/online-shop\/naehrwertinformationen\" target=\"_blank\" rel=\"noopener\">N\u00e4hrwertinformationen und Allergikerhinweise<\/a><\/dt>\n<\/dl>\n","protected":false},"excerpt":{"rendered":"<p>Der Gottlieber Wochenkalender Liebe ist gef\u00fcllt mit 7 K\u00f6stlichkeiten.<\/p>\n","protected":false},"featured_media":7977,"template":"","meta":[],"product_brand":[],"product_cat":[53,1023,797,42,114,885,52,1223,1225],"product_tag":[286],"woo-feed-brand":[],"class_list":{"0":"post-7976","1":"product","2":"type-product","3":"status-publish","4":"has-post-thumbnail","6":"product_cat-geschenksets","7":"product_cat-fuer-mama","8":"product_cat-muttertag","9":"product_cat-kueche","10":"product_cat-schokolade-sweets","11":"product_cat-koestlichkeiten","12":"product_cat-geschenke","13":"product_cat-anlaesse","14":"product_cat-genuss","15":"product_tag-gottlieber-spezialitaten-ag","17":"first","18":"instock","19":"taxable","20":"shipping-taxable","21":"purchasable","22":"product-type-simple"},"_links":{"self":[{"href":"https:\/\/www.fleurop-home.ch\/de-ch\/wp-json\/wp\/v2\/product\/7976","targetHints":{"allow":["GET"]}}],"collection":[{"href":"https:\/\/www.fleurop-home.ch\/de-ch\/wp-json\/wp\/v2\/product"}],"about":[{"href":"https:\/\/www.fleurop-home.ch\/de-ch\/wp-json\/wp\/v2\/types\/product"}],"wp:featuredmedia":[{"embeddable":true,"href":"https:\/\/www.fleurop-home.ch\/de-ch\/wp-json\/wp\/v2\/media\/7977"}],"wp:attachment":[{"href":"https:\/\/www.fleurop-home.ch\/de-ch\/wp-json\/wp\/v2\/media?parent=7976"}],"wp:term":[{"taxonomy":"product_brand","embeddable":true,"href":"https:\/\/www.fleurop-home.ch\/de-ch\/wp-json\/wp\/v2\/product_brand?post=7976"},{"taxonomy":"product_cat","embeddable":true,"href":"https:\/\/www.fleurop-home.ch\/de-ch\/wp-json\/wp\/v2\/product_cat?post=7976"},{"taxonomy":"product_tag","embeddable":true,"href":"https:\/\/www.fleurop-home.ch\/de-ch\/wp-json\/wp\/v2\/product_tag?post=7976"},{"taxonomy":"woo-feed-brand","embeddable":true,"href":"https:\/\/www.fleurop-home.ch\/de-ch\/wp-json\/wp\/v2\/woo-feed-brand?post=7976"}],"curies":[{"name":"wp","href":"https:\/\/api.w.org\/{rel}","templated":true}]}}