{"id":7970,"date":"2021-09-20T16:36:20","date_gmt":"2021-09-20T14:36:20","guid":{"rendered":"https:\/\/www.fleurop-home.ch\/?product=gottlieber-wochenkalender-gluck"},"modified":"2026-02-05T14:30:37","modified_gmt":"2026-02-05T13:30:37","slug":"gottlieber-7-tage-genuss-kalender-glueck","status":"publish","type":"product","link":"https:\/\/www.fleurop-home.ch\/de-ch\/p\/gottlieber-7-tage-genuss-kalender-glueck","title":{"rendered":"Gottlieber 7 Tage Genuss-Kalender \u00abGl\u00fcck\u00bb"},"content":{"rendered":"<div class=\"description\">\n<p>Eine Woche Gl\u00fcck verschenken! Der neue Gottlieber Gourmet-Wochenkalender vereint erlesene K\u00f6stlichkeiten unserer Zuckerb\u00e4ckerei. In jeder der sieben Schachteln verbirgt sich eine s\u00fcsse \u00dcberraschung: knusprige H\u00fcppen, zart duftender Tee, verf\u00fchrerische Tartufi sowie die haus- und handgemachte Pralin\u00e9creme \u00abMorgens\u00fcnde\u00bb.<\/p>\n<p>Die edle Goldpr\u00e4gung wertet den hochwertigen Kalender und Sleeve zus\u00e4tzlich auf.<\/p>\n<p><strong>Inhalt<\/strong><br \/>\n7 verschiedene Gottlieber \u00dcberraschungen<\/p>\n<p><strong>Masse<\/strong><br \/>\n267 x 193 x 190<\/p>\n<\/div>\n<dl class=\"product-attributes\">\n<dt class=\"label\"><\/dt>\n<dt class=\"label\"><\/dt>\n<dt class=\"label\"><\/dt>\n<dt class=\"label\"><\/dt>\n<dt class=\"label\"><\/dt>\n<dt class=\"label\"><a href=\"https:\/\/www.gottlieber.ch\/de\/online-shop\/naehrwertinformationen\" target=\"_blank\" rel=\"noopener\">N\u00e4hrwertinformationen und Allergikerhinweise<\/a><\/dt>\n<dt class=\"label\"><\/dt>\n<dt class=\"label\"><\/dt>\n<dt class=\"label\"><\/dt>\n<dt class=\"label\"><\/dt>\n<\/dl>\n","protected":false},"excerpt":{"rendered":"<p>Gottlieber Wochenkalender Gl\u00fcck gef\u00fcllt mit sieben K\u00f6stlichkeiten.<\/p>\n","protected":false},"featured_media":71076,"template":"","meta":[],"product_brand":[],"product_cat":[53,984,993,42,114,885,52,1223,1225],"product_tag":[286],"woo-feed-brand":[],"class_list":{"0":"post-7970","1":"product","2":"type-product","3":"status-publish","4":"has-post-thumbnail","6":"product_cat-geschenksets","7":"product_cat-silvester","8":"product_cat-silvestergeschenke","9":"product_cat-kueche","10":"product_cat-schokolade-sweets","11":"product_cat-koestlichkeiten","12":"product_cat-geschenke","13":"product_cat-anlaesse","14":"product_cat-genuss","15":"product_tag-gottlieber-spezialitaten-ag","17":"first","18":"instock","19":"taxable","20":"shipping-taxable","21":"purchasable","22":"product-type-simple"},"_links":{"self":[{"href":"https:\/\/www.fleurop-home.ch\/de-ch\/wp-json\/wp\/v2\/product\/7970","targetHints":{"allow":["GET"]}}],"collection":[{"href":"https:\/\/www.fleurop-home.ch\/de-ch\/wp-json\/wp\/v2\/product"}],"about":[{"href":"https:\/\/www.fleurop-home.ch\/de-ch\/wp-json\/wp\/v2\/types\/product"}],"wp:featuredmedia":[{"embeddable":true,"href":"https:\/\/www.fleurop-home.ch\/de-ch\/wp-json\/wp\/v2\/media\/71076"}],"wp:attachment":[{"href":"https:\/\/www.fleurop-home.ch\/de-ch\/wp-json\/wp\/v2\/media?parent=7970"}],"wp:term":[{"taxonomy":"product_brand","embeddable":true,"href":"https:\/\/www.fleurop-home.ch\/de-ch\/wp-json\/wp\/v2\/product_brand?post=7970"},{"taxonomy":"product_cat","embeddable":true,"href":"https:\/\/www.fleurop-home.ch\/de-ch\/wp-json\/wp\/v2\/product_cat?post=7970"},{"taxonomy":"product_tag","embeddable":true,"href":"https:\/\/www.fleurop-home.ch\/de-ch\/wp-json\/wp\/v2\/product_tag?post=7970"},{"taxonomy":"woo-feed-brand","embeddable":true,"href":"https:\/\/www.fleurop-home.ch\/de-ch\/wp-json\/wp\/v2\/woo-feed-brand?post=7970"}],"curies":[{"name":"wp","href":"https:\/\/api.w.org\/{rel}","templated":true}]}}