{"id":78581,"date":"2026-05-08T17:39:20","date_gmt":"2026-05-08T15:39:20","guid":{"rendered":"https:\/\/www.fleurop-home.ch\/de-ch\/?post_type=product&#038;p=78581"},"modified":"2026-05-11T09:01:46","modified_gmt":"2026-05-11T07:01:46","slug":"geschenkset-secrets-de-paris","status":"publish","type":"product","link":"https:\/\/www.fleurop-home.ch\/de-ch\/p\/geschenkset-secrets-de-paris","title":{"rendered":"Geschenkset Secrets de Paris"},"content":{"rendered":"<p class=\"pp-section-title toggle-title toggle-title-md gray-border-bottom-lte-md py-2 mb-2 py-md-0 mb-md-2\"><strong>Produktbeschreibung<br \/>\n<\/strong>Mit diesem einzigartigen Geschenkset f\u00fchlst du dich f\u00fcr einen Moment wie in Paris und erlebst den Luxus der franz\u00f6sischen Hauptstadt. Das Set besteht aus einem Duftst\u00e4bchen-Set und einer Duftkerze im Duft Secret de Paris.<\/p>\n<div class=\"toggle-content toggle-content-md content\">\n<p><strong><span class=\"Y2IQFc\" lang=\"de\">Duftbeschreibung Secret de Paris<br \/>\n<\/span><\/strong>Secret de Paris ist ein sehr nuancierter Duft, der sowohl s\u00fcss als auch sinnlich ist. Das Parfum erfreut sich an floralen Akkorden, die von t\u00fcrkischer Rose, Maigl\u00f6ckchen und Pfingstrose dominiert werden, gemischt mit den abgerundeten Noten von Litschi.<\/p>\n<\/div>\n","protected":false},"excerpt":{"rendered":"<p>Dies ist das perfekte, charmante Mitbringsel f\u00fcr jede Gelegenheit und eine elegante Einladung zum Tr\u00e4umen. Dieses kompakte Set vereint eine Duftkerze und Duftst\u00e4bchen, um jeden Raum sofort in eine romantische Oase zu verwandeln.<\/p>\n","protected":false},"featured_media":78583,"template":"","meta":[],"product_brand":[],"product_cat":[99,23,28,48,51,52,1224,53,132],"product_tag":[1094],"woo-feed-brand":[],"class_list":{"0":"post-78581","1":"product","2":"type-product","3":"status-publish","4":"has-post-thumbnail","6":"product_cat-duftkerzen","7":"product_cat-home-living","8":"product_cat-kerzen-lichter","9":"product_cat-bad-wellness","10":"product_cat-raumduefte","11":"product_cat-geschenke","12":"product_cat-beauty-wellness","13":"product_cat-geschenksets","14":"product_cat-neu","15":"product_tag-corinas","17":"first","18":"instock","19":"taxable","20":"shipping-taxable","21":"purchasable","22":"product-type-simple"},"_links":{"self":[{"href":"https:\/\/www.fleurop-home.ch\/de-ch\/wp-json\/wp\/v2\/product\/78581","targetHints":{"allow":["GET"]}}],"collection":[{"href":"https:\/\/www.fleurop-home.ch\/de-ch\/wp-json\/wp\/v2\/product"}],"about":[{"href":"https:\/\/www.fleurop-home.ch\/de-ch\/wp-json\/wp\/v2\/types\/product"}],"wp:featuredmedia":[{"embeddable":true,"href":"https:\/\/www.fleurop-home.ch\/de-ch\/wp-json\/wp\/v2\/media\/78583"}],"wp:attachment":[{"href":"https:\/\/www.fleurop-home.ch\/de-ch\/wp-json\/wp\/v2\/media?parent=78581"}],"wp:term":[{"taxonomy":"product_brand","embeddable":true,"href":"https:\/\/www.fleurop-home.ch\/de-ch\/wp-json\/wp\/v2\/product_brand?post=78581"},{"taxonomy":"product_cat","embeddable":true,"href":"https:\/\/www.fleurop-home.ch\/de-ch\/wp-json\/wp\/v2\/product_cat?post=78581"},{"taxonomy":"product_tag","embeddable":true,"href":"https:\/\/www.fleurop-home.ch\/de-ch\/wp-json\/wp\/v2\/product_tag?post=78581"},{"taxonomy":"woo-feed-brand","embeddable":true,"href":"https:\/\/www.fleurop-home.ch\/de-ch\/wp-json\/wp\/v2\/woo-feed-brand?post=78581"}],"curies":[{"name":"wp","href":"https:\/\/api.w.org\/{rel}","templated":true}]}}