{"id":78216,"date":"2026-05-05T06:19:14","date_gmt":"2026-05-05T04:19:14","guid":{"rendered":"https:\/\/www.fleurop-home.ch\/de-ch\/?post_type=product&#038;p=78216"},"modified":"2026-05-05T12:55:48","modified_gmt":"2026-05-05T10:55:48","slug":"kraeutererde-bioline-torffrei-15-liter","status":"publish","type":"product","link":"https:\/\/www.fleurop-home.ch\/de-ch\/p\/kraeutererde-bioline-torffrei-15-liter","title":{"rendered":"Kr\u00e4utererde BIOLINE torffrei 15 Liter"},"content":{"rendered":"<p>Die Kr\u00e4utererde Bioline torffrei von Ricoter ist eine hochwertige, lockere Spezialerde f\u00fcr aromatische K\u00fcchen\u2011 und Gartenkr\u00e4uter. Sie besteht aus nat\u00fcrlichen, torffreien Rohstoffen, speichert Wasser gut und sorgt f\u00fcr ein gesundes, kr\u00e4ftiges Wachstum von Kr\u00e4utern im Topf, Hochbeet oder Garten.<\/p>\n","protected":false},"excerpt":{"rendered":"<p>Die Kr\u00e4utererde Bioline torffrei von Ricoter ist eine lockere, nat\u00fcrliche Spezialerde f\u00fcr aromatische Kr\u00e4uter im Topf, Hochbeet oder Garten.<\/p>\n","protected":false},"featured_media":78233,"template":"","meta":[],"product_brand":[],"product_cat":[105,34,41,132],"product_tag":[983],"woo-feed-brand":[],"class_list":{"0":"post-78216","1":"product","2":"type-product","3":"status-publish","4":"has-post-thumbnail","6":"product_cat-kraeuter","7":"product_cat-garten-balkon","8":"product_cat-outdoorpflanzen","9":"product_cat-neu","10":"product_tag-selection-by-fleurophome","12":"first","13":"instock","14":"taxable","15":"shipping-taxable","16":"purchasable","17":"product-type-simple"},"_links":{"self":[{"href":"https:\/\/www.fleurop-home.ch\/de-ch\/wp-json\/wp\/v2\/product\/78216","targetHints":{"allow":["GET"]}}],"collection":[{"href":"https:\/\/www.fleurop-home.ch\/de-ch\/wp-json\/wp\/v2\/product"}],"about":[{"href":"https:\/\/www.fleurop-home.ch\/de-ch\/wp-json\/wp\/v2\/types\/product"}],"wp:featuredmedia":[{"embeddable":true,"href":"https:\/\/www.fleurop-home.ch\/de-ch\/wp-json\/wp\/v2\/media\/78233"}],"wp:attachment":[{"href":"https:\/\/www.fleurop-home.ch\/de-ch\/wp-json\/wp\/v2\/media?parent=78216"}],"wp:term":[{"taxonomy":"product_brand","embeddable":true,"href":"https:\/\/www.fleurop-home.ch\/de-ch\/wp-json\/wp\/v2\/product_brand?post=78216"},{"taxonomy":"product_cat","embeddable":true,"href":"https:\/\/www.fleurop-home.ch\/de-ch\/wp-json\/wp\/v2\/product_cat?post=78216"},{"taxonomy":"product_tag","embeddable":true,"href":"https:\/\/www.fleurop-home.ch\/de-ch\/wp-json\/wp\/v2\/product_tag?post=78216"},{"taxonomy":"woo-feed-brand","embeddable":true,"href":"https:\/\/www.fleurop-home.ch\/de-ch\/wp-json\/wp\/v2\/woo-feed-brand?post=78216"}],"curies":[{"name":"wp","href":"https:\/\/api.w.org\/{rel}","templated":true}]}}