{"id":78213,"date":"2026-05-05T06:12:34","date_gmt":"2026-05-05T04:12:34","guid":{"rendered":"https:\/\/www.fleurop-home.ch\/de-ch\/?post_type=product&#038;p=78213"},"modified":"2026-05-05T12:55:48","modified_gmt":"2026-05-05T10:55:48","slug":"belflor-universalerde-10-liter","status":"publish","type":"product","link":"https:\/\/www.fleurop-home.ch\/de-ch\/p\/belflor-universalerde-10-liter","title":{"rendered":"Belflor Universalerde 10 Liter"},"content":{"rendered":"<p>Beflor Universalerde von Ricoter ist eine hochwertige, torffreie Pflanzerde aus Schweizer Produktion. Sie besteht aus sorgf\u00e4ltig aufbereiteten nat\u00fcrlichen Rohstoffen wie Kompost, Holzfasern und mineralischen Bestandteilen. Die Erde ist strukturstabil, luftig, n\u00e4hrstoffreich und sorgt f\u00fcr ein gesundes Wurzelwachstum. Ideal f\u00fcr das Umtopfen, Neupflanzen und die allgemeine Pflanzenpflege im Innen\u2011 und Aussenbereich.<\/p>\n","protected":false},"excerpt":{"rendered":"<p>Beflor Universalerde von Ricoter ist eine torffreie, n\u00e4hrstoffreiche Pflanzerde f\u00fcr fast alle Zimmer\u2011, Balkon\u2011 und Gartenpflanzen.<\/p>\n","protected":false},"featured_media":78232,"template":"","meta":[],"product_brand":[],"product_cat":[132,23,118,26,34,109,41],"product_tag":[983],"woo-feed-brand":[],"class_list":{"0":"post-78213","1":"product","2":"type-product","3":"status-publish","4":"has-post-thumbnail","6":"product_cat-neu","7":"product_cat-home-living","8":"product_cat-zimmerpflanzen","9":"product_cat-blumen-pflanzen","10":"product_cat-garten-balkon","11":"product_cat-saisonale-pflanzen","12":"product_cat-outdoorpflanzen","13":"product_tag-selection-by-fleurophome","15":"first","16":"instock","17":"taxable","18":"shipping-taxable","19":"purchasable","20":"product-type-simple"},"_links":{"self":[{"href":"https:\/\/www.fleurop-home.ch\/de-ch\/wp-json\/wp\/v2\/product\/78213","targetHints":{"allow":["GET"]}}],"collection":[{"href":"https:\/\/www.fleurop-home.ch\/de-ch\/wp-json\/wp\/v2\/product"}],"about":[{"href":"https:\/\/www.fleurop-home.ch\/de-ch\/wp-json\/wp\/v2\/types\/product"}],"wp:featuredmedia":[{"embeddable":true,"href":"https:\/\/www.fleurop-home.ch\/de-ch\/wp-json\/wp\/v2\/media\/78232"}],"wp:attachment":[{"href":"https:\/\/www.fleurop-home.ch\/de-ch\/wp-json\/wp\/v2\/media?parent=78213"}],"wp:term":[{"taxonomy":"product_brand","embeddable":true,"href":"https:\/\/www.fleurop-home.ch\/de-ch\/wp-json\/wp\/v2\/product_brand?post=78213"},{"taxonomy":"product_cat","embeddable":true,"href":"https:\/\/www.fleurop-home.ch\/de-ch\/wp-json\/wp\/v2\/product_cat?post=78213"},{"taxonomy":"product_tag","embeddable":true,"href":"https:\/\/www.fleurop-home.ch\/de-ch\/wp-json\/wp\/v2\/product_tag?post=78213"},{"taxonomy":"woo-feed-brand","embeddable":true,"href":"https:\/\/www.fleurop-home.ch\/de-ch\/wp-json\/wp\/v2\/woo-feed-brand?post=78213"}],"curies":[{"name":"wp","href":"https:\/\/api.w.org\/{rel}","templated":true}]}}