{"id":78207,"date":"2026-05-05T05:53:31","date_gmt":"2026-05-05T03:53:31","guid":{"rendered":"https:\/\/www.fleurop-home.ch\/de-ch\/?post_type=product&#038;p=78207"},"modified":"2026-05-05T12:55:48","modified_gmt":"2026-05-05T10:55:48","slug":"dekorkies-giallo-siena-3-8mm-10kg","status":"publish","type":"product","link":"https:\/\/www.fleurop-home.ch\/de-ch\/p\/dekorkies-giallo-siena-3-8mm-10kg","title":{"rendered":"Dekorkies Giallo Siena 3-8mm 10kg"},"content":{"rendered":"<p>Dekorkies Giallo Siena (K\u00f6rnung 3\u20138\u202fmm, 10\u202fkg) ist ein nat\u00fcrlich abgerundeter Zierkies mit charakteristischen gelb\u2011goldenen und beige\u2011marmorierten Farbt\u00f6nen. Er wird h\u00e4ufig f\u00fcr Beete, Wege, Pflanzk\u00fcbel, Steing\u00e4rten, Grabgestaltung oder als Dekoelement im Innen\u2011 und Aussenbereich verwendet. Durch seine warme Farbwirkung sorgt er f\u00fcr mediterranes Flair und harmoniert besonders gut mit Holz, Naturstein und gr\u00fcnen Pflanzen.<\/p>\n","protected":false},"excerpt":{"rendered":"<p>Dekorkies Giallo Siena 3\u20138\u202fmm (10\u202fkg) ist ein warm\u2011gelber Naturkies, ideal f\u00fcr dekorative Garten\u2011 und Landschaftsgestaltung.<\/p>\n","protected":false},"featured_media":78209,"template":"","meta":[],"product_brand":[],"product_cat":[1196,23,29,132],"product_tag":[983],"woo-feed-brand":[],"class_list":{"0":"post-78207","1":"product","2":"type-product","3":"status-publish","4":"has-post-thumbnail","6":"product_cat-natur-deko","7":"product_cat-home-living","8":"product_cat-do-it-yourself","9":"product_cat-neu","10":"product_tag-selection-by-fleurophome","12":"first","13":"instock","14":"taxable","15":"shipping-taxable","16":"purchasable","17":"product-type-simple"},"_links":{"self":[{"href":"https:\/\/www.fleurop-home.ch\/de-ch\/wp-json\/wp\/v2\/product\/78207","targetHints":{"allow":["GET"]}}],"collection":[{"href":"https:\/\/www.fleurop-home.ch\/de-ch\/wp-json\/wp\/v2\/product"}],"about":[{"href":"https:\/\/www.fleurop-home.ch\/de-ch\/wp-json\/wp\/v2\/types\/product"}],"wp:featuredmedia":[{"embeddable":true,"href":"https:\/\/www.fleurop-home.ch\/de-ch\/wp-json\/wp\/v2\/media\/78209"}],"wp:attachment":[{"href":"https:\/\/www.fleurop-home.ch\/de-ch\/wp-json\/wp\/v2\/media?parent=78207"}],"wp:term":[{"taxonomy":"product_brand","embeddable":true,"href":"https:\/\/www.fleurop-home.ch\/de-ch\/wp-json\/wp\/v2\/product_brand?post=78207"},{"taxonomy":"product_cat","embeddable":true,"href":"https:\/\/www.fleurop-home.ch\/de-ch\/wp-json\/wp\/v2\/product_cat?post=78207"},{"taxonomy":"product_tag","embeddable":true,"href":"https:\/\/www.fleurop-home.ch\/de-ch\/wp-json\/wp\/v2\/product_tag?post=78207"},{"taxonomy":"woo-feed-brand","embeddable":true,"href":"https:\/\/www.fleurop-home.ch\/de-ch\/wp-json\/wp\/v2\/woo-feed-brand?post=78207"}],"curies":[{"name":"wp","href":"https:\/\/api.w.org\/{rel}","templated":true}]}}