{"id":78153,"date":"2026-05-03T19:54:30","date_gmt":"2026-05-03T17:54:30","guid":{"rendered":"https:\/\/www.fleurop-home.ch\/de-ch\/?post_type=product&#038;p=78153"},"modified":"2026-05-04T09:28:19","modified_gmt":"2026-05-04T07:28:19","slug":"bier-kerze","status":"publish","type":"product","link":"https:\/\/www.fleurop-home.ch\/de-ch\/p\/bier-kerze","title":{"rendered":"Bier Kerze"},"content":{"rendered":"<p data-start=\"226\" data-end=\"454\">Was nach einem frisch gezapften, prickelnden Bier aussieht, ist in Wirklichkeit ein Kunstwerk aus hochwertigem europ\u00e4ischen Wachs. Die t\u00e4uschend echten Bl\u00e4schen im goldenen Wachs, das cremige Schaumkr\u00f6nchen obendrauf \u2013 durch die Doppelwandung des Glases entsteht ein 3D-Effekt, der selbst auf den zweiten Blick noch verbl\u00fcfft.<\/p>\n<p data-start=\"456\" data-end=\"481\">Die Bier-Kerze ist das perfekte Geschenk f\u00fcr M\u00e4nner (und Frauen), die sonst schon alles haben \u2013 und f\u00fcr alle, die ihnen eine wirklich besondere Freude machen m\u00f6chten. Ob zum Geburtstag, zu Weihnachten, zum Vatertag oder einfach so: Dieses St\u00fcck bringt ein Schmunzeln ins Gesicht und echten Charakter in jeden Raum.<\/p>\n<p>&nbsp;<\/p>\n<p>Falls du sie anz\u00fcnden m\u00f6chtest, beachte bitte folgende <strong>Warn- und Sicherheitshinweise:<\/strong><\/p>\n<p>Bitte k\u00fcrze den Docht regelm\u00e4ssig (5 mm), um schwarze Rauchspuren am Glas zu vermeiden.<\/p>\n","protected":false},"excerpt":{"rendered":"<p class=\"font-claude-response-body break-words whitespace-normal leading-[1.7]\">Bier-Kerze \u2013 F\u00fcr M\u00e4nner, die Stil haben. Oder f\u00fcr alle, die ihnen etwas G\u00f6nnen.<\/p>\n<p class=\"font-claude-response-body break-words whitespace-normal leading-[1.7]\">\n","protected":false},"featured_media":78158,"template":"","meta":[],"product_brand":[],"product_cat":[103,23,1088,1092,28,132],"product_tag":[1159],"woo-feed-brand":[],"class_list":{"0":"post-78153","1":"product","2":"type-product","3":"status-publish","4":"has-post-thumbnail","6":"product_cat-kerzen","7":"product_cat-home-living","8":"product_cat-vatertag","9":"product_cat-wohlfuehltyp","10":"product_cat-kerzen-lichter","11":"product_cat-neu","12":"product_tag-glowing-celebrations","14":"first","15":"instock","16":"taxable","17":"shipping-taxable","18":"purchasable","19":"product-type-simple"},"_links":{"self":[{"href":"https:\/\/www.fleurop-home.ch\/de-ch\/wp-json\/wp\/v2\/product\/78153","targetHints":{"allow":["GET"]}}],"collection":[{"href":"https:\/\/www.fleurop-home.ch\/de-ch\/wp-json\/wp\/v2\/product"}],"about":[{"href":"https:\/\/www.fleurop-home.ch\/de-ch\/wp-json\/wp\/v2\/types\/product"}],"wp:featuredmedia":[{"embeddable":true,"href":"https:\/\/www.fleurop-home.ch\/de-ch\/wp-json\/wp\/v2\/media\/78158"}],"wp:attachment":[{"href":"https:\/\/www.fleurop-home.ch\/de-ch\/wp-json\/wp\/v2\/media?parent=78153"}],"wp:term":[{"taxonomy":"product_brand","embeddable":true,"href":"https:\/\/www.fleurop-home.ch\/de-ch\/wp-json\/wp\/v2\/product_brand?post=78153"},{"taxonomy":"product_cat","embeddable":true,"href":"https:\/\/www.fleurop-home.ch\/de-ch\/wp-json\/wp\/v2\/product_cat?post=78153"},{"taxonomy":"product_tag","embeddable":true,"href":"https:\/\/www.fleurop-home.ch\/de-ch\/wp-json\/wp\/v2\/product_tag?post=78153"},{"taxonomy":"woo-feed-brand","embeddable":true,"href":"https:\/\/www.fleurop-home.ch\/de-ch\/wp-json\/wp\/v2\/woo-feed-brand?post=78153"}],"curies":[{"name":"wp","href":"https:\/\/api.w.org\/{rel}","templated":true}]}}