{"id":78055,"date":"2026-04-30T09:40:01","date_gmt":"2026-04-30T07:40:01","guid":{"rendered":"https:\/\/www.fleurop-home.ch\/?post_type=product&#038;p=78055"},"modified":"2026-04-30T09:42:33","modified_gmt":"2026-04-30T07:42:33","slug":"hauswurz-sempervivum-hybrida-25","status":"publish","type":"product","link":"https:\/\/www.fleurop-home.ch\/de-ch\/p\/hauswurz-sempervivum-hybrida-25","title":{"rendered":"Hauswurz &#8211; Sempervivum Hybrida"},"content":{"rendered":"<p>Der Hauswurz Coral Red ist ein robustes Dickblattgew\u00e4chs, das seine St\u00e4rken besonders in Steing\u00e4rten, Trockenmauern und Pflanzgef\u00e4ssen entfaltet. Die markante rote F\u00e4rbung macht diese Staude zu einem attraktiven Blickfang. Dank der winterharten Eigenschaften kannst du auf zuverl\u00e4ssige Pflanzenkraft aus 100 % Schweizer Produktion setzen. Mit einer Wuchsh\u00f6he von ca. 10 cm ben\u00f6tigt diese Pflanze nur wenig Wasser und bevorzugt gut durchl\u00e4ssigen Boden an sonnigen Standorten. Hauswurz ist pflegeleicht und eignet sich daher auch bestens f\u00fcr naturnahe Fl\u00e4chen und Grabbepflanzungen.<\/p>\n<p>H\u00f6he: 10 cm<br \/>\nTopf Gr\u00f6sse: 30 er Schale<br \/>\nWinterh\u00e4rte: winterhart<br \/>\nLicht: sonnig<br \/>\nBl\u00fctezeit: Juni bis August<br \/>\nBoden: durchl\u00e4ssig<\/p>\n","protected":false},"excerpt":{"rendered":"<p>Hauswurz Coral Red \u2013 anspruchslose, winterharte Steingartenpflanze aus der Schweiz<\/p>\n","protected":false},"featured_media":78057,"template":"","meta":[],"product_brand":[],"product_cat":[109,34,41],"product_tag":[299],"woo-feed-brand":[],"class_list":{"0":"post-78055","1":"product","2":"type-product","3":"status-publish","4":"has-post-thumbnail","6":"product_cat-saisonale-pflanzen","7":"product_cat-garten-balkon","8":"product_cat-outdoorpflanzen","9":"product_tag-santispracht","11":"first","12":"instock","13":"taxable","14":"shipping-taxable","15":"purchasable","16":"product-type-simple"},"_links":{"self":[{"href":"https:\/\/www.fleurop-home.ch\/de-ch\/wp-json\/wp\/v2\/product\/78055","targetHints":{"allow":["GET"]}}],"collection":[{"href":"https:\/\/www.fleurop-home.ch\/de-ch\/wp-json\/wp\/v2\/product"}],"about":[{"href":"https:\/\/www.fleurop-home.ch\/de-ch\/wp-json\/wp\/v2\/types\/product"}],"wp:featuredmedia":[{"embeddable":true,"href":"https:\/\/www.fleurop-home.ch\/de-ch\/wp-json\/wp\/v2\/media\/78057"}],"wp:attachment":[{"href":"https:\/\/www.fleurop-home.ch\/de-ch\/wp-json\/wp\/v2\/media?parent=78055"}],"wp:term":[{"taxonomy":"product_brand","embeddable":true,"href":"https:\/\/www.fleurop-home.ch\/de-ch\/wp-json\/wp\/v2\/product_brand?post=78055"},{"taxonomy":"product_cat","embeddable":true,"href":"https:\/\/www.fleurop-home.ch\/de-ch\/wp-json\/wp\/v2\/product_cat?post=78055"},{"taxonomy":"product_tag","embeddable":true,"href":"https:\/\/www.fleurop-home.ch\/de-ch\/wp-json\/wp\/v2\/product_tag?post=78055"},{"taxonomy":"woo-feed-brand","embeddable":true,"href":"https:\/\/www.fleurop-home.ch\/de-ch\/wp-json\/wp\/v2\/woo-feed-brand?post=78055"}],"curies":[{"name":"wp","href":"https:\/\/api.w.org\/{rel}","templated":true}]}}