{"id":78051,"date":"2026-04-30T09:37:16","date_gmt":"2026-04-30T07:37:16","guid":{"rendered":"https:\/\/www.fleurop-home.ch\/?post_type=product&#038;p=78051"},"modified":"2026-04-30T09:39:39","modified_gmt":"2026-04-30T07:39:39","slug":"hauswurz-sempervivum-hybrida-24","status":"publish","type":"product","link":"https:\/\/www.fleurop-home.ch\/de-ch\/p\/hauswurz-sempervivum-hybrida-24","title":{"rendered":"Hauswurz &#8211; Sempervivum Hybrida"},"content":{"rendered":"<p>Dieses anspruchslose Dickblattgew\u00e4chs eignet sich ideal f\u00fcr sonnige Standorte und \u00fcberzeugt durch seine Robustheit und vielseitigen Einsatzm\u00f6glichkeiten. Ob im Steingarten, in Trockenmauern, auf Gr\u00e4bern oder in verschiedensten Pflanzgef\u00e4ssen \u2013 der Hauswurz f\u00fchlt sich \u00fcberall wohl. Dank seiner winterharten Eigenschaften trotzt er selbst rauen Bedingungen und bleibt das ganze Jahr \u00fcber attraktiv. Ein durchl\u00e4ssiger Boden und nur wenig Wasserbedarf machen die Pflege besonders einfach. Produziert nach Suisse Garantie steht diese Pflanze f\u00fcr hohe Qualit\u00e4t und Blumenpracht aus Urkraft.<\/p>\n<p>H\u00f6he: 10 cm<br \/>\nTopf Gr\u00f6sse: 14 er Topf<br \/>\nWinterh\u00e4rte: winterhart<br \/>\nLicht: sonnig<br \/>\nBl\u00fctezeit: Juni bis August<br \/>\nBoden: durchl\u00e4ssig<\/p>\n","protected":false},"excerpt":{"rendered":"<p>Hauswurz Sempervivum oscularis im 14er Topf \u2013 robust und winterhart<\/p>\n","protected":false},"featured_media":78053,"template":"","meta":[],"product_brand":[],"product_cat":[109,34,41],"product_tag":[299],"woo-feed-brand":[],"class_list":{"0":"post-78051","1":"product","2":"type-product","3":"status-publish","4":"has-post-thumbnail","6":"product_cat-saisonale-pflanzen","7":"product_cat-garten-balkon","8":"product_cat-outdoorpflanzen","9":"product_tag-santispracht","11":"first","12":"instock","13":"taxable","14":"shipping-taxable","15":"purchasable","16":"product-type-simple"},"_links":{"self":[{"href":"https:\/\/www.fleurop-home.ch\/de-ch\/wp-json\/wp\/v2\/product\/78051","targetHints":{"allow":["GET"]}}],"collection":[{"href":"https:\/\/www.fleurop-home.ch\/de-ch\/wp-json\/wp\/v2\/product"}],"about":[{"href":"https:\/\/www.fleurop-home.ch\/de-ch\/wp-json\/wp\/v2\/types\/product"}],"wp:featuredmedia":[{"embeddable":true,"href":"https:\/\/www.fleurop-home.ch\/de-ch\/wp-json\/wp\/v2\/media\/78053"}],"wp:attachment":[{"href":"https:\/\/www.fleurop-home.ch\/de-ch\/wp-json\/wp\/v2\/media?parent=78051"}],"wp:term":[{"taxonomy":"product_brand","embeddable":true,"href":"https:\/\/www.fleurop-home.ch\/de-ch\/wp-json\/wp\/v2\/product_brand?post=78051"},{"taxonomy":"product_cat","embeddable":true,"href":"https:\/\/www.fleurop-home.ch\/de-ch\/wp-json\/wp\/v2\/product_cat?post=78051"},{"taxonomy":"product_tag","embeddable":true,"href":"https:\/\/www.fleurop-home.ch\/de-ch\/wp-json\/wp\/v2\/product_tag?post=78051"},{"taxonomy":"woo-feed-brand","embeddable":true,"href":"https:\/\/www.fleurop-home.ch\/de-ch\/wp-json\/wp\/v2\/woo-feed-brand?post=78051"}],"curies":[{"name":"wp","href":"https:\/\/api.w.org\/{rel}","templated":true}]}}