{"id":78020,"date":"2026-04-29T14:12:12","date_gmt":"2026-04-29T12:12:12","guid":{"rendered":"https:\/\/www.fleurop-home.ch\/?post_type=product&#038;p=78020"},"modified":"2026-04-29T14:16:39","modified_gmt":"2026-04-29T12:16:39","slug":"olivenoel-spruehflasche","status":"publish","type":"product","link":"https:\/\/www.fleurop-home.ch\/de-ch\/p\/olivenoel-spruehflasche","title":{"rendered":"Oliven\u00f6l Spr\u00fchflasche"},"content":{"rendered":"<p>Essig und \u00d6l ganz fein dosiert! Dank dieser handlichen Spr\u00fchflasche ertr\u00e4nkst du dein Salat nie wieder im Dressing!<\/p>\n<p>Mit unserem \u00d6l Spray Spender zauberst du im Nu eine spezielle Note f\u00fcr deine Gerichte wie, Salat, Fleisch etc. Der feine Spr\u00fchnebel legt sich d\u00fcnn \u00fcber die Speisen, anstatt am Boden der Sch\u00fcssel zusammenzulaufen. Die Spr\u00fchflasche in elegantem Design besteht aus Glas mit einem Edelstahl Deckel. Sowohl f\u00fcr Essig als auch f\u00fcr Oliven\u00f6l, Zitronensaft, Wein, Sojasauce etc. geeignet.<\/p>\n<p>HINWEIS: Das Glas kann ohne den Pumpverschluss in der Geschirrsp\u00fclmaschine gereinigt werden.<\/p>\n<p>\u2022 Aus hochwertigem Edelstahl und Glas<br \/>\n\u2022 Zerst\u00e4uber f\u00fcr \u00d6l, Essig, Zitronensaft etc.<br \/>\n\u2022 200 ml edles, transparentes Design<br \/>\n\u2022 Perfekt zum Aromatisieren von Fleisch, Salaten etc.<br \/>\n\u2022 Einfache Anwendung und Reinigung<br \/>\n\u2022 Inkl. Trichter f\u00fcr das Bef\u00fcllen des Spenders<br \/>\n\u2022 Kann beim Kochen, BBQ etc. verwendet werden<br \/>\n\u2022 Farbe: Transparent\/Silber<br \/>\n\u2022 Material: Glas\/Edelstahl<br \/>\n\u2022 Gr\u00f6sse: ca. 17 x 7.8 cm<br \/>\n\u2022 F\u00fcllmenge: ca. 200 ml<br \/>\n\u2022 Gewicht: ca. 224 g<\/p>\n","protected":false},"excerpt":{"rendered":"<p>Oliven\u00f6l Spr\u00fchflasche \/ \u00d6l \/ Essig \/ Wein \/ Sojasauce Glas Spender, 200ml<\/p>\n","protected":false},"featured_media":78022,"template":"","meta":[],"product_brand":[],"product_cat":[44,42,1102,1101,43,132],"product_tag":[324],"woo-feed-brand":[],"class_list":{"0":"post-78020","1":"product","2":"type-product","3":"status-publish","4":"has-post-thumbnail","6":"product_cat-kuechenhelfer","7":"product_cat-kueche","8":"product_cat-essen","9":"product_cat-geschirr","10":"product_cat-gedeckter-tisch","11":"product_cat-neu","12":"product_tag-marein-ag","14":"first","15":"instock","16":"taxable","17":"shipping-taxable","18":"purchasable","19":"product-type-simple"},"_links":{"self":[{"href":"https:\/\/www.fleurop-home.ch\/de-ch\/wp-json\/wp\/v2\/product\/78020","targetHints":{"allow":["GET"]}}],"collection":[{"href":"https:\/\/www.fleurop-home.ch\/de-ch\/wp-json\/wp\/v2\/product"}],"about":[{"href":"https:\/\/www.fleurop-home.ch\/de-ch\/wp-json\/wp\/v2\/types\/product"}],"wp:featuredmedia":[{"embeddable":true,"href":"https:\/\/www.fleurop-home.ch\/de-ch\/wp-json\/wp\/v2\/media\/78022"}],"wp:attachment":[{"href":"https:\/\/www.fleurop-home.ch\/de-ch\/wp-json\/wp\/v2\/media?parent=78020"}],"wp:term":[{"taxonomy":"product_brand","embeddable":true,"href":"https:\/\/www.fleurop-home.ch\/de-ch\/wp-json\/wp\/v2\/product_brand?post=78020"},{"taxonomy":"product_cat","embeddable":true,"href":"https:\/\/www.fleurop-home.ch\/de-ch\/wp-json\/wp\/v2\/product_cat?post=78020"},{"taxonomy":"product_tag","embeddable":true,"href":"https:\/\/www.fleurop-home.ch\/de-ch\/wp-json\/wp\/v2\/product_tag?post=78020"},{"taxonomy":"woo-feed-brand","embeddable":true,"href":"https:\/\/www.fleurop-home.ch\/de-ch\/wp-json\/wp\/v2\/woo-feed-brand?post=78020"}],"curies":[{"name":"wp","href":"https:\/\/api.w.org\/{rel}","templated":true}]}}