{"id":78013,"date":"2026-04-29T14:08:38","date_gmt":"2026-04-29T12:08:38","guid":{"rendered":"https:\/\/www.fleurop-home.ch\/?post_type=product&#038;p=78013"},"modified":"2026-04-29T14:11:38","modified_gmt":"2026-04-29T12:11:38","slug":"keramikuntersetzer-blume-gelb-4-stueck","status":"publish","type":"product","link":"https:\/\/www.fleurop-home.ch\/de-ch\/p\/keramikuntersetzer-blume-gelb-4-stueck","title":{"rendered":"Keramikuntersetzer Blume, Gelb, 4 St\u00fcck"},"content":{"rendered":"<p>Die Keramikuntersetzer Flower Power im 4er Set setzen einen fr\u00f6hlichen Akzent auf jedem Tisch. Die blumenf\u00f6rmigen Untersetzer in frischem Gelb mit charakteristischem Loch in der Mitte sind ein echter Hingucker \u2013 funktional und dekorativ zugleich.<\/p>\n<p>Mit einem Durchmesser von 10 cm bieten die Keramik Untersetzer ausreichend Platz f\u00fcr Gl\u00e4ser, Tassen und Becher. Die Gleiter auf der Unterseite sorgen daf\u00fcr, dass die Untersetzer rutschfest aufliegen und Oberfl\u00e4chen nicht zerkratzen.<\/p>\n<p>Ein stilvolles Accessoire f\u00fcr alle, die ihrem Zuhause einen verspielten und modernen Touch verleihen m\u00f6chten.<\/p>\n<ul>\n<li>Inhalt: 4 St\u00fcck<\/li>\n<li>Material: Keramik<\/li>\n<li>Farbe: Gelb<\/li>\n<li>Durchmesser: 10 cm<\/li>\n<li>Blumenform mit Loch in der Mitte<\/li>\n<li>Gleiter auf der Unterseite \u2013 rutschfest und kratzschutzend<\/li>\n<\/ul>\n","protected":false},"excerpt":{"rendered":"<p>Die Keramikuntersetzer Flower Power im 4er Set setzen einen fr\u00f6hlichen Akzent auf jedem Tisch.<\/p>\n","protected":false},"featured_media":78015,"template":"","meta":[],"product_brand":[],"product_cat":[1106,1019,1018,42,1104,43,132],"product_tag":[324],"woo-feed-brand":[],"class_list":{"0":"post-78013","1":"product","2":"type-product","3":"status-publish","4":"has-post-thumbnail","6":"product_cat-untersetzer","7":"product_cat-osterbrunch","8":"product_cat-ostern","9":"product_cat-kueche","10":"product_cat-tischakzente","11":"product_cat-gedeckter-tisch","12":"product_cat-neu","13":"product_tag-marein-ag","15":"first","16":"instock","17":"taxable","18":"shipping-taxable","19":"purchasable","20":"product-type-simple"},"_links":{"self":[{"href":"https:\/\/www.fleurop-home.ch\/de-ch\/wp-json\/wp\/v2\/product\/78013","targetHints":{"allow":["GET"]}}],"collection":[{"href":"https:\/\/www.fleurop-home.ch\/de-ch\/wp-json\/wp\/v2\/product"}],"about":[{"href":"https:\/\/www.fleurop-home.ch\/de-ch\/wp-json\/wp\/v2\/types\/product"}],"wp:featuredmedia":[{"embeddable":true,"href":"https:\/\/www.fleurop-home.ch\/de-ch\/wp-json\/wp\/v2\/media\/78015"}],"wp:attachment":[{"href":"https:\/\/www.fleurop-home.ch\/de-ch\/wp-json\/wp\/v2\/media?parent=78013"}],"wp:term":[{"taxonomy":"product_brand","embeddable":true,"href":"https:\/\/www.fleurop-home.ch\/de-ch\/wp-json\/wp\/v2\/product_brand?post=78013"},{"taxonomy":"product_cat","embeddable":true,"href":"https:\/\/www.fleurop-home.ch\/de-ch\/wp-json\/wp\/v2\/product_cat?post=78013"},{"taxonomy":"product_tag","embeddable":true,"href":"https:\/\/www.fleurop-home.ch\/de-ch\/wp-json\/wp\/v2\/product_tag?post=78013"},{"taxonomy":"woo-feed-brand","embeddable":true,"href":"https:\/\/www.fleurop-home.ch\/de-ch\/wp-json\/wp\/v2\/woo-feed-brand?post=78013"}],"curies":[{"name":"wp","href":"https:\/\/api.w.org\/{rel}","templated":true}]}}