{"id":78005,"date":"2026-04-29T14:04:05","date_gmt":"2026-04-29T12:04:05","guid":{"rendered":"https:\/\/www.fleurop-home.ch\/?post_type=product&#038;p=78005"},"modified":"2026-04-29T14:07:29","modified_gmt":"2026-04-29T12:07:29","slug":"trinkglas-set-2-stueck","status":"publish","type":"product","link":"https:\/\/www.fleurop-home.ch\/de-ch\/p\/trinkglas-set-2-stueck","title":{"rendered":"Trinkglas Set, 2 St\u00fcck"},"content":{"rendered":"<p>Das Trinkglas Set \u201cFlua\u201d vereint organisches Design mit hochwertiger Glasqualit\u00e4t. Die zwei Gl\u00e4ser mit je 300 ml Fassungsverm\u00f6gen sind ein echter Blickfang auf jedem Tisch \u2013 ob beim Dinner, beim Kaffee oder beim Cocktail.<\/p>\n<p>Mit einem Durchmesser von 8,5 cm und einer H\u00f6he von 8,3 cm liegen die Gl\u00e4ser angenehm in der Hand. Das zeitlose, transparente Design passt zu jedem Anlass und l\u00e4sst sich vielseitig kombinieren. Dank Sp\u00fclmaschinenfestigkeit sind sie im Alltag unkompliziert zu reinigen.<\/p>\n<ul>\n<li>Inhalt: 2 St\u00fcck<\/li>\n<li>Fassungsverm\u00f6gen: 300 ml<\/li>\n<li>Masse: \u00d8 8,5 cm, H\u00f6he 8,3 cm<\/li>\n<li>Material: Glas, hochwertig und transparent<\/li>\n<li>Organische, elegante Formgebung<\/li>\n<li>Sp\u00fclmaschinenfest<\/li>\n<li>Geeignet f\u00fcr Wasser, Saft, Eiskaffee, Whiskey, Cocktails und Matcha<\/li>\n<\/ul>\n","protected":false},"excerpt":{"rendered":"<p>Trinkglas Set, 300 ml, 2 St\u00fcck<\/p>\n","protected":false},"featured_media":78007,"template":"","meta":[],"product_brand":[],"product_cat":[1103,42,1101,43,132],"product_tag":[324],"woo-feed-brand":[],"class_list":{"0":"post-78005","1":"product","2":"type-product","3":"status-publish","4":"has-post-thumbnail","6":"product_cat-trinken","7":"product_cat-kueche","8":"product_cat-geschirr","9":"product_cat-gedeckter-tisch","10":"product_cat-neu","11":"product_tag-marein-ag","13":"first","14":"instock","15":"taxable","16":"shipping-taxable","17":"purchasable","18":"product-type-simple"},"_links":{"self":[{"href":"https:\/\/www.fleurop-home.ch\/de-ch\/wp-json\/wp\/v2\/product\/78005","targetHints":{"allow":["GET"]}}],"collection":[{"href":"https:\/\/www.fleurop-home.ch\/de-ch\/wp-json\/wp\/v2\/product"}],"about":[{"href":"https:\/\/www.fleurop-home.ch\/de-ch\/wp-json\/wp\/v2\/types\/product"}],"wp:featuredmedia":[{"embeddable":true,"href":"https:\/\/www.fleurop-home.ch\/de-ch\/wp-json\/wp\/v2\/media\/78007"}],"wp:attachment":[{"href":"https:\/\/www.fleurop-home.ch\/de-ch\/wp-json\/wp\/v2\/media?parent=78005"}],"wp:term":[{"taxonomy":"product_brand","embeddable":true,"href":"https:\/\/www.fleurop-home.ch\/de-ch\/wp-json\/wp\/v2\/product_brand?post=78005"},{"taxonomy":"product_cat","embeddable":true,"href":"https:\/\/www.fleurop-home.ch\/de-ch\/wp-json\/wp\/v2\/product_cat?post=78005"},{"taxonomy":"product_tag","embeddable":true,"href":"https:\/\/www.fleurop-home.ch\/de-ch\/wp-json\/wp\/v2\/product_tag?post=78005"},{"taxonomy":"woo-feed-brand","embeddable":true,"href":"https:\/\/www.fleurop-home.ch\/de-ch\/wp-json\/wp\/v2\/woo-feed-brand?post=78005"}],"curies":[{"name":"wp","href":"https:\/\/api.w.org\/{rel}","templated":true}]}}