{"id":77999,"date":"2026-04-29T14:01:09","date_gmt":"2026-04-29T12:01:09","guid":{"rendered":"https:\/\/www.fleurop-home.ch\/?post_type=product&#038;p=77999"},"modified":"2026-04-29T14:03:17","modified_gmt":"2026-04-29T12:03:17","slug":"vase-chrom-silber","status":"publish","type":"product","link":"https:\/\/www.fleurop-home.ch\/de-ch\/p\/vase-chrom-silber","title":{"rendered":"Vase Chrom Silber"},"content":{"rendered":"<p>Die Meltique Vase von Esm\u00e9e vereint modernes Design mit einer klaren, harmonischen Form. Die silber chromfarbene Oberfl\u00e4che reflektiert das Licht und setzt dezente Akzente im Wohnraum.<\/p>\n<p>Ob auf dem Sideboard, Nachttisch oder Esstisch, die Vase wirkt sowohl einzeln als auch in Kombination mit weiteren Dekoobjekten ausdrucksstark. Ihre reduzierte Formensprache unterstreicht einen minimalistischen Einrichtungsstil.<\/p>\n<p>Gefertigt aus Keramik steht die Meltique Vase f\u00fcr langlebige Qualit\u00e4t und Best\u00e4ndigkeit. Zur Schonung der Oberfl\u00e4che wird eine Reinigung von Hand empfohlen.<\/p>\n<ul>\n<li>Durchmesser 13 cm<\/li>\n<li>H\u00f6he 17,5 cm<\/li>\n<li>Gl\u00e4nzende silber chromfarbene Oberfl\u00e4che<\/li>\n<li>Klare, harmonische Form<\/li>\n<li>Aus Keramik gefertigt<\/li>\n<li>Handw\u00e4sche empfohlen<\/li>\n<\/ul>\n","protected":false},"excerpt":{"rendered":"<p>Die Meltique Vase von Esm\u00e9e vereint modernes Design mit einer klaren, harmonischen Form.<\/p>\n","protected":false},"featured_media":78001,"template":"","meta":[],"product_brand":[],"product_cat":[1197,23,27,132],"product_tag":[324],"woo-feed-brand":[],"class_list":{"0":"post-77999","1":"product","2":"type-product","3":"status-publish","4":"has-post-thumbnail","6":"product_cat-vasen","7":"product_cat-home-living","8":"product_cat-vasen-gefaesse","9":"product_cat-neu","10":"product_tag-marein-ag","12":"first","13":"instock","14":"taxable","15":"shipping-taxable","16":"purchasable","17":"product-type-simple"},"_links":{"self":[{"href":"https:\/\/www.fleurop-home.ch\/de-ch\/wp-json\/wp\/v2\/product\/77999","targetHints":{"allow":["GET"]}}],"collection":[{"href":"https:\/\/www.fleurop-home.ch\/de-ch\/wp-json\/wp\/v2\/product"}],"about":[{"href":"https:\/\/www.fleurop-home.ch\/de-ch\/wp-json\/wp\/v2\/types\/product"}],"wp:featuredmedia":[{"embeddable":true,"href":"https:\/\/www.fleurop-home.ch\/de-ch\/wp-json\/wp\/v2\/media\/78001"}],"wp:attachment":[{"href":"https:\/\/www.fleurop-home.ch\/de-ch\/wp-json\/wp\/v2\/media?parent=77999"}],"wp:term":[{"taxonomy":"product_brand","embeddable":true,"href":"https:\/\/www.fleurop-home.ch\/de-ch\/wp-json\/wp\/v2\/product_brand?post=77999"},{"taxonomy":"product_cat","embeddable":true,"href":"https:\/\/www.fleurop-home.ch\/de-ch\/wp-json\/wp\/v2\/product_cat?post=77999"},{"taxonomy":"product_tag","embeddable":true,"href":"https:\/\/www.fleurop-home.ch\/de-ch\/wp-json\/wp\/v2\/product_tag?post=77999"},{"taxonomy":"woo-feed-brand","embeddable":true,"href":"https:\/\/www.fleurop-home.ch\/de-ch\/wp-json\/wp\/v2\/woo-feed-brand?post=77999"}],"curies":[{"name":"wp","href":"https:\/\/api.w.org\/{rel}","templated":true}]}}