{"id":77987,"date":"2026-04-29T13:52:37","date_gmt":"2026-04-29T11:52:37","guid":{"rendered":"https:\/\/www.fleurop-home.ch\/?post_type=product&#038;p=77987"},"modified":"2026-04-30T14:23:49","modified_gmt":"2026-04-30T12:23:49","slug":"kraeuterabstreifer-aus-steingut-beige","status":"publish","type":"product","link":"https:\/\/www.fleurop-home.ch\/de-ch\/p\/kraeuterabstreifer-aus-steingut-beige","title":{"rendered":"Kr\u00e4uterabstreifer aus Steingut, Beige"},"content":{"rendered":"<p>Mit diesem Kr\u00e4uterabstreifer aus hochwertigem Steingut wird das Vorbereiten von frischen Kr\u00e4utern zum Kinderspiel. Das handliche Tool verf\u00fcgt \u00fcber drei unterschiedlich grosse L\u00f6cher, durch die du Stiele von Thymian, Rosmarin oder Oregano einfach durchziehst.<\/p>\n<p>Die abgestreiften Bl\u00e4ttchen werden direkt in der integrierten Auffangschale gesammelt, sodass deine Arbeitsfl\u00e4che sauber bleibt. Durch die organische Form und das dezente Beige ist der praktische K\u00fcchenhelfer zudem ein sch\u00f6nes Deko-Element in deiner K\u00fcche.<\/p>\n<p>Da das Material sp\u00fclmaschinenfest ist, gelingt die Reinigung nach dem Kochen besonders schnell. Ein ideales K\u00fcchen-Gadget f\u00fcr alle, die gerne mit frischen Gartenkr\u00e4utern kochen und Wert auf nachhaltiges K\u00fcchenzubeh\u00f6r legen.<\/p>\n<ul>\n<li>Kr\u00e4uterabstreifer aus langlebigem Steingut<\/li>\n<li>Drei verschiedene Lochgr\u00f6ssen f\u00fcr unterschiedliche Kr\u00e4uterarten<\/li>\n<li>Integrierte Schale zum Auffangen der Kr\u00e4uterbl\u00e4ttchen<\/li>\n<li>Sp\u00fclmaschinenfest f\u00fcr eine einfache Reinigung<\/li>\n<li>Kompakte Gr\u00f6sse von 7.2 x 4.9 x 3.7 cm<\/li>\n<\/ul>\n","protected":false},"excerpt":{"rendered":"<p>Drei verschiedene Lochgr\u00f6ssen f\u00fcr unterschiedliche Kr\u00e4uterarten<\/p>\n","protected":false},"featured_media":78093,"template":"","meta":[],"product_brand":[],"product_cat":[1102,42,1101,43,44,132],"product_tag":[324],"woo-feed-brand":[],"class_list":{"0":"post-77987","1":"product","2":"type-product","3":"status-publish","4":"has-post-thumbnail","6":"product_cat-essen","7":"product_cat-kueche","8":"product_cat-geschirr","9":"product_cat-gedeckter-tisch","10":"product_cat-kuechenhelfer","11":"product_cat-neu","12":"product_tag-marein-ag","14":"first","15":"instock","16":"taxable","17":"shipping-taxable","18":"purchasable","19":"product-type-simple"},"_links":{"self":[{"href":"https:\/\/www.fleurop-home.ch\/de-ch\/wp-json\/wp\/v2\/product\/77987","targetHints":{"allow":["GET"]}}],"collection":[{"href":"https:\/\/www.fleurop-home.ch\/de-ch\/wp-json\/wp\/v2\/product"}],"about":[{"href":"https:\/\/www.fleurop-home.ch\/de-ch\/wp-json\/wp\/v2\/types\/product"}],"wp:featuredmedia":[{"embeddable":true,"href":"https:\/\/www.fleurop-home.ch\/de-ch\/wp-json\/wp\/v2\/media\/78093"}],"wp:attachment":[{"href":"https:\/\/www.fleurop-home.ch\/de-ch\/wp-json\/wp\/v2\/media?parent=77987"}],"wp:term":[{"taxonomy":"product_brand","embeddable":true,"href":"https:\/\/www.fleurop-home.ch\/de-ch\/wp-json\/wp\/v2\/product_brand?post=77987"},{"taxonomy":"product_cat","embeddable":true,"href":"https:\/\/www.fleurop-home.ch\/de-ch\/wp-json\/wp\/v2\/product_cat?post=77987"},{"taxonomy":"product_tag","embeddable":true,"href":"https:\/\/www.fleurop-home.ch\/de-ch\/wp-json\/wp\/v2\/product_tag?post=77987"},{"taxonomy":"woo-feed-brand","embeddable":true,"href":"https:\/\/www.fleurop-home.ch\/de-ch\/wp-json\/wp\/v2\/woo-feed-brand?post=77987"}],"curies":[{"name":"wp","href":"https:\/\/api.w.org\/{rel}","templated":true}]}}