{"id":77980,"date":"2026-04-29T13:46:32","date_gmt":"2026-04-29T11:46:32","guid":{"rendered":"https:\/\/www.fleurop-home.ch\/?post_type=product&#038;p=77980"},"modified":"2026-04-29T13:51:58","modified_gmt":"2026-04-29T11:51:58","slug":"tasse-organische-form-2er-set","status":"publish","type":"product","link":"https:\/\/www.fleurop-home.ch\/de-ch\/p\/tasse-organische-form-2er-set","title":{"rendered":"Tasse organische Form, 2er Set"},"content":{"rendered":"<p>Verleihe deinem Kaffeetisch eine nat\u00fcrliche Note mit diesem Tassen Set aus hochwertigem Steingut. Die organische Form wirkt besonders sanft und modern, w\u00e4hrend das Weiss mit Sprenkeln f\u00fcr einen charmanten Handmade-Look sorgt.<\/p>\n<p>Diese Becher sind nicht nur optisch ein Highlight, sondern mit einem Fassungsverm\u00f6gen von 450 ml auch perfekt f\u00fcr ausgiebige Genussmomente mit Kaffee, Tee oder Latte Macchiato. Durch die individuelle Struktur der Keramik ist jedes Set ein kleines Unikat.<\/p>\n<p>Dank der langlebigen Materialqualit\u00e4t ist das Geschirr absolut sp\u00fclmaschinenfest und mikrowellenfest. So geniesst du maximalen Komfort im Alltag, ohne auf \u00e4sthetisches Design verzichten zu m\u00fcssen. Diese Kaffeebecher passen ideal in jede moderne K\u00fcche und sind auch als Geschenkset eine hervorragende Wahl.<\/p>\n<ul>\n<li>Set mit 2 Bechern aus hochwertigem Steingut<\/li>\n<li>Sp\u00fclmaschinen- &amp; mikrowellenfest<\/li>\n<li>Organische Form in Weiss mit Sprenkeln<\/li>\n<li>Masse: Durchmesser 8.8 x \u00a0H\u00f6he 10 cm<\/li>\n<li>Fassungsverm\u00f6gen: 450 ml<\/li>\n<\/ul>\n","protected":false},"excerpt":{"rendered":"<p>Keramik Becher \/ Tassen mit organischer Form, Weiss mit Sprenkeln, 450 ml, 2 St\u00fcck<\/p>\n","protected":false},"featured_media":77982,"template":"","meta":[],"product_brand":[],"product_cat":[1103,42,1101,43,132],"product_tag":[324],"woo-feed-brand":[],"class_list":{"0":"post-77980","1":"product","2":"type-product","3":"status-publish","4":"has-post-thumbnail","6":"product_cat-trinken","7":"product_cat-kueche","8":"product_cat-geschirr","9":"product_cat-gedeckter-tisch","10":"product_cat-neu","11":"product_tag-marein-ag","13":"first","14":"instock","15":"taxable","16":"shipping-taxable","17":"purchasable","18":"product-type-simple"},"_links":{"self":[{"href":"https:\/\/www.fleurop-home.ch\/de-ch\/wp-json\/wp\/v2\/product\/77980","targetHints":{"allow":["GET"]}}],"collection":[{"href":"https:\/\/www.fleurop-home.ch\/de-ch\/wp-json\/wp\/v2\/product"}],"about":[{"href":"https:\/\/www.fleurop-home.ch\/de-ch\/wp-json\/wp\/v2\/types\/product"}],"wp:featuredmedia":[{"embeddable":true,"href":"https:\/\/www.fleurop-home.ch\/de-ch\/wp-json\/wp\/v2\/media\/77982"}],"wp:attachment":[{"href":"https:\/\/www.fleurop-home.ch\/de-ch\/wp-json\/wp\/v2\/media?parent=77980"}],"wp:term":[{"taxonomy":"product_brand","embeddable":true,"href":"https:\/\/www.fleurop-home.ch\/de-ch\/wp-json\/wp\/v2\/product_brand?post=77980"},{"taxonomy":"product_cat","embeddable":true,"href":"https:\/\/www.fleurop-home.ch\/de-ch\/wp-json\/wp\/v2\/product_cat?post=77980"},{"taxonomy":"product_tag","embeddable":true,"href":"https:\/\/www.fleurop-home.ch\/de-ch\/wp-json\/wp\/v2\/product_tag?post=77980"},{"taxonomy":"woo-feed-brand","embeddable":true,"href":"https:\/\/www.fleurop-home.ch\/de-ch\/wp-json\/wp\/v2\/woo-feed-brand?post=77980"}],"curies":[{"name":"wp","href":"https:\/\/api.w.org\/{rel}","templated":true}]}}