{"id":77964,"date":"2026-04-29T10:05:34","date_gmt":"2026-04-29T08:05:34","guid":{"rendered":"https:\/\/www.fleurop-home.ch\/de-ch\/p\/mobile-elefanten"},"modified":"2026-04-29T12:27:04","modified_gmt":"2026-04-29T10:27:04","slug":"mobile-elefanten","status":"publish","type":"product","link":"https:\/\/www.fleurop-home.ch\/de-ch\/p\/mobile-elefanten","title":{"rendered":"Mobile Elefanten"},"content":{"rendered":"<p>Die Kinderartikel von Universal Knitwears werden alle in der Stadt Kundli in Indien handgefertigt. Das Unternehmen besitzt eine GOTS Zertifizierung. S\u00e4mtliche Bereiche m\u00fcssen nach strengen \u00f6kologischen und sozialen Kriterien zertifiziert sein, damit das Endprodukt das GOTS-Siegel tragen darf. Das Unternehmen ist sich seiner Verantwortung gegen\u00fcber seinen Mitarbeitenden, der Umwelt und der Gesellschaft bewusst. Pflegehinweise: Handw\u00e4sche, nicht im Trockner trocknen.<\/p>\n","protected":false},"excerpt":{"rendered":"<p>Mobile mit Holzring, Bio-Baumwolle und F\u00fcllung aus recyceltem Polyester<\/p>\n","protected":false},"featured_media":77963,"template":"","meta":[],"product_brand":[],"product_cat":[939,59,132],"product_tag":[1134],"woo-feed-brand":[],"class_list":{"0":"post-77964","1":"product","2":"type-product","3":"status-publish","4":"has-post-thumbnail","6":"product_cat-kindergeschenke","7":"product_cat-kids","8":"product_cat-neu","9":"product_tag-changemaker","11":"first","12":"instock","13":"taxable","14":"shipping-taxable","15":"purchasable","16":"product-type-simple"},"_links":{"self":[{"href":"https:\/\/www.fleurop-home.ch\/de-ch\/wp-json\/wp\/v2\/product\/77964","targetHints":{"allow":["GET"]}}],"collection":[{"href":"https:\/\/www.fleurop-home.ch\/de-ch\/wp-json\/wp\/v2\/product"}],"about":[{"href":"https:\/\/www.fleurop-home.ch\/de-ch\/wp-json\/wp\/v2\/types\/product"}],"wp:featuredmedia":[{"embeddable":true,"href":"https:\/\/www.fleurop-home.ch\/de-ch\/wp-json\/wp\/v2\/media\/77963"}],"wp:attachment":[{"href":"https:\/\/www.fleurop-home.ch\/de-ch\/wp-json\/wp\/v2\/media?parent=77964"}],"wp:term":[{"taxonomy":"product_brand","embeddable":true,"href":"https:\/\/www.fleurop-home.ch\/de-ch\/wp-json\/wp\/v2\/product_brand?post=77964"},{"taxonomy":"product_cat","embeddable":true,"href":"https:\/\/www.fleurop-home.ch\/de-ch\/wp-json\/wp\/v2\/product_cat?post=77964"},{"taxonomy":"product_tag","embeddable":true,"href":"https:\/\/www.fleurop-home.ch\/de-ch\/wp-json\/wp\/v2\/product_tag?post=77964"},{"taxonomy":"woo-feed-brand","embeddable":true,"href":"https:\/\/www.fleurop-home.ch\/de-ch\/wp-json\/wp\/v2\/woo-feed-brand?post=77964"}],"curies":[{"name":"wp","href":"https:\/\/api.w.org\/{rel}","templated":true}]}}