{"id":77943,"date":"2026-04-29T09:05:22","date_gmt":"2026-04-29T07:05:22","guid":{"rendered":"https:\/\/www.fleurop-home.ch\/de-ch\/p\/deko-giesskanne-flower-painting-mint"},"modified":"2026-04-29T09:25:44","modified_gmt":"2026-04-29T07:25:44","slug":"deko-giesskanne-flower-painting-mint","status":"publish","type":"product","link":"https:\/\/www.fleurop-home.ch\/de-ch\/p\/deko-giesskanne-flower-painting-mint","title":{"rendered":"Deko Giesskanne Flower Painting Mint"},"content":{"rendered":"<p>Die dekorative Giesskanne wurde in Kooperation mit Noah&#8217;s Ark und Changemaker produziert. Sie wurde in Indien in sorgf\u00e4ltiger Handarbeit hergestellt und anschliessend von Hand bemalt. Dadurch ist jedes St\u00fcck ein Unikat. Die Giesskanne eignet sich ausschliesslich f\u00fcr dekorative Zwecke \u2013 sie ist nicht wasserdicht und sollte daher nicht zur Bew\u00e4sserung von Pflanzen genutzt werden.<\/p>\n","protected":false},"excerpt":{"rendered":"<p>Handbemalte Deko Giesskanne aus Eisen<\/p>\n","protected":false},"featured_media":77942,"template":"","meta":[],"product_brand":[],"product_cat":[62,23,1190,1263,1266,30,34,37,1122,59,132],"product_tag":[1134],"woo-feed-brand":[],"class_list":{"0":"post-77943","1":"product","2":"type-product","3":"status-publish","4":"has-post-thumbnail","6":"product_cat-spielzeug","7":"product_cat-home-living","8":"product_cat-dekoobjekte","9":"product_cat-fleuropkids","10":"product_cat-garten-outdoor","11":"product_cat-deko-accessoires","12":"product_cat-garten-balkon","13":"product_cat-giesskannen","14":"product_cat-kids-im-gruenen","15":"product_cat-kids","16":"product_cat-neu","17":"product_tag-changemaker","19":"first","20":"instock","21":"taxable","22":"shipping-taxable","23":"purchasable","24":"product-type-simple"},"_links":{"self":[{"href":"https:\/\/www.fleurop-home.ch\/de-ch\/wp-json\/wp\/v2\/product\/77943","targetHints":{"allow":["GET"]}}],"collection":[{"href":"https:\/\/www.fleurop-home.ch\/de-ch\/wp-json\/wp\/v2\/product"}],"about":[{"href":"https:\/\/www.fleurop-home.ch\/de-ch\/wp-json\/wp\/v2\/types\/product"}],"wp:featuredmedia":[{"embeddable":true,"href":"https:\/\/www.fleurop-home.ch\/de-ch\/wp-json\/wp\/v2\/media\/77942"}],"wp:attachment":[{"href":"https:\/\/www.fleurop-home.ch\/de-ch\/wp-json\/wp\/v2\/media?parent=77943"}],"wp:term":[{"taxonomy":"product_brand","embeddable":true,"href":"https:\/\/www.fleurop-home.ch\/de-ch\/wp-json\/wp\/v2\/product_brand?post=77943"},{"taxonomy":"product_cat","embeddable":true,"href":"https:\/\/www.fleurop-home.ch\/de-ch\/wp-json\/wp\/v2\/product_cat?post=77943"},{"taxonomy":"product_tag","embeddable":true,"href":"https:\/\/www.fleurop-home.ch\/de-ch\/wp-json\/wp\/v2\/product_tag?post=77943"},{"taxonomy":"woo-feed-brand","embeddable":true,"href":"https:\/\/www.fleurop-home.ch\/de-ch\/wp-json\/wp\/v2\/woo-feed-brand?post=77943"}],"curies":[{"name":"wp","href":"https:\/\/api.w.org\/{rel}","templated":true}]}}