{"id":77935,"date":"2026-04-29T09:05:17","date_gmt":"2026-04-29T07:05:17","guid":{"rendered":"https:\/\/www.fleurop-home.ch\/de-ch\/p\/aufbewahrungsdose-daisies-beige"},"modified":"2026-04-29T09:24:03","modified_gmt":"2026-04-29T07:24:03","slug":"aufbewahrungsdose-daisies-beige","status":"publish","type":"product","link":"https:\/\/www.fleurop-home.ch\/de-ch\/p\/aufbewahrungsdose-daisies-beige","title":{"rendered":"Aufbewahrungsdose Daisies Beige"},"content":{"rendered":"<p>Die Aufbewahrungsdose wurde in Kooperation mit Noah&#8217;s Ark und Changemaker produziert. Sie wurde in Indien in sorgf\u00e4ltiger Handarbeit hergestellt und anschliessend von Hand bemalt. Dadurch ist jedes St\u00fcck ein Unikat. Die Dose eignet sich ideal f\u00fcr Guetzli oder andere Leckereien, kann aber auch f\u00fcr sonstige Gegenst\u00e4nde zur Aufbewahrung genutzt werden. Sie ist nicht f\u00fcr die Sp\u00fclmaschine geeignet.<\/p>\n","protected":false},"excerpt":{"rendered":"<p>Handbemalte Aufbewahrungsdose aus Eisen<\/p>\n","protected":false},"featured_media":77934,"template":"","meta":[],"product_brand":[],"product_cat":[32,23,30,42,44,132],"product_tag":[1134],"woo-feed-brand":[],"class_list":{"0":"post-77935","1":"product","2":"type-product","3":"status-publish","4":"has-post-thumbnail","6":"product_cat-aufbewahrung","7":"product_cat-home-living","8":"product_cat-deko-accessoires","9":"product_cat-kueche","10":"product_cat-kuechenhelfer","11":"product_cat-neu","12":"product_tag-changemaker","14":"first","15":"instock","16":"taxable","17":"shipping-taxable","18":"purchasable","19":"product-type-simple"},"_links":{"self":[{"href":"https:\/\/www.fleurop-home.ch\/de-ch\/wp-json\/wp\/v2\/product\/77935","targetHints":{"allow":["GET"]}}],"collection":[{"href":"https:\/\/www.fleurop-home.ch\/de-ch\/wp-json\/wp\/v2\/product"}],"about":[{"href":"https:\/\/www.fleurop-home.ch\/de-ch\/wp-json\/wp\/v2\/types\/product"}],"wp:featuredmedia":[{"embeddable":true,"href":"https:\/\/www.fleurop-home.ch\/de-ch\/wp-json\/wp\/v2\/media\/77934"}],"wp:attachment":[{"href":"https:\/\/www.fleurop-home.ch\/de-ch\/wp-json\/wp\/v2\/media?parent=77935"}],"wp:term":[{"taxonomy":"product_brand","embeddable":true,"href":"https:\/\/www.fleurop-home.ch\/de-ch\/wp-json\/wp\/v2\/product_brand?post=77935"},{"taxonomy":"product_cat","embeddable":true,"href":"https:\/\/www.fleurop-home.ch\/de-ch\/wp-json\/wp\/v2\/product_cat?post=77935"},{"taxonomy":"product_tag","embeddable":true,"href":"https:\/\/www.fleurop-home.ch\/de-ch\/wp-json\/wp\/v2\/product_tag?post=77935"},{"taxonomy":"woo-feed-brand","embeddable":true,"href":"https:\/\/www.fleurop-home.ch\/de-ch\/wp-json\/wp\/v2\/woo-feed-brand?post=77935"}],"curies":[{"name":"wp","href":"https:\/\/api.w.org\/{rel}","templated":true}]}}