{"id":77924,"date":"2026-04-29T09:05:09","date_gmt":"2026-04-29T07:05:09","guid":{"rendered":"https:\/\/www.fleurop-home.ch\/de-ch\/p\/schale-big-scallop-rosa"},"modified":"2026-04-29T09:19:45","modified_gmt":"2026-04-29T07:19:45","slug":"schale-big-scallop-rosa","status":"publish","type":"product","link":"https:\/\/www.fleurop-home.ch\/de-ch\/p\/schale-big-scallop-rosa","title":{"rendered":"Schale Big Scallop Rosa"},"content":{"rendered":"<p>Die Schale wurde in Kooperation mit Noah&#8217;s Ark und Changemaker produziert. Sie wurde in Indien handgefertigt und kann f\u00fcr Lebensmittel oder als Wohnaccessoire genutzt werden. Die Schale ist nicht f\u00fcr die Sp\u00fclmaschine geeignet.<\/p>\n","protected":false},"excerpt":{"rendered":"<p>Schale aus Eisen<\/p>\n","protected":false},"featured_media":77923,"template":"","meta":[],"product_brand":[],"product_cat":[1102,23,30,42,1101,43,132],"product_tag":[1134],"woo-feed-brand":[],"class_list":{"0":"post-77924","1":"product","2":"type-product","3":"status-publish","4":"has-post-thumbnail","6":"product_cat-essen","7":"product_cat-home-living","8":"product_cat-deko-accessoires","9":"product_cat-kueche","10":"product_cat-geschirr","11":"product_cat-gedeckter-tisch","12":"product_cat-neu","13":"product_tag-changemaker","15":"first","16":"instock","17":"taxable","18":"shipping-taxable","19":"purchasable","20":"product-type-simple"},"_links":{"self":[{"href":"https:\/\/www.fleurop-home.ch\/de-ch\/wp-json\/wp\/v2\/product\/77924","targetHints":{"allow":["GET"]}}],"collection":[{"href":"https:\/\/www.fleurop-home.ch\/de-ch\/wp-json\/wp\/v2\/product"}],"about":[{"href":"https:\/\/www.fleurop-home.ch\/de-ch\/wp-json\/wp\/v2\/types\/product"}],"wp:featuredmedia":[{"embeddable":true,"href":"https:\/\/www.fleurop-home.ch\/de-ch\/wp-json\/wp\/v2\/media\/77923"}],"wp:attachment":[{"href":"https:\/\/www.fleurop-home.ch\/de-ch\/wp-json\/wp\/v2\/media?parent=77924"}],"wp:term":[{"taxonomy":"product_brand","embeddable":true,"href":"https:\/\/www.fleurop-home.ch\/de-ch\/wp-json\/wp\/v2\/product_brand?post=77924"},{"taxonomy":"product_cat","embeddable":true,"href":"https:\/\/www.fleurop-home.ch\/de-ch\/wp-json\/wp\/v2\/product_cat?post=77924"},{"taxonomy":"product_tag","embeddable":true,"href":"https:\/\/www.fleurop-home.ch\/de-ch\/wp-json\/wp\/v2\/product_tag?post=77924"},{"taxonomy":"woo-feed-brand","embeddable":true,"href":"https:\/\/www.fleurop-home.ch\/de-ch\/wp-json\/wp\/v2\/woo-feed-brand?post=77924"}],"curies":[{"name":"wp","href":"https:\/\/api.w.org\/{rel}","templated":true}]}}