{"id":77908,"date":"2026-04-29T09:04:58","date_gmt":"2026-04-29T07:04:58","guid":{"rendered":"https:\/\/www.fleurop-home.ch\/de-ch\/p\/relaxound-birdytimer-weiss"},"modified":"2026-04-29T09:09:43","modified_gmt":"2026-04-29T07:09:43","slug":"relaxound-birdytimer-weiss","status":"publish","type":"product","link":"https:\/\/www.fleurop-home.ch\/de-ch\/p\/relaxound-birdytimer-weiss","title":{"rendered":"Relaxound Birdytimer Weiss"},"content":{"rendered":"<p>Ein Timer, wie es ihn so noch nie gab. Die Designfront des Birdytimers strahlt mit ihrem minimalistischen Weiss eine zeitlose Eleganz aus. Das fr\u00f6hliche Zwitschern des Birdytimers ist der perfekte Abschluss und ideale Auftakt f\u00fcr eine besondere Zeit. Kreatives Kochen, entspannendes Yoga, erholsame Pausen, all das und mehr l\u00e4sst sich mit dem Zwitschern des Birdytimers noch besser geniessen. Es weckt unsere Vorfreude auf das, was kommt. Weil jeder Anfang verzaubert. Mit der Easy-Crown an der Seite rechts stellst du deine Wunschzeit ein. Einmal dr\u00fccken: Zeit durch Drehen einstellen. Noch einmal dr\u00fccken: Fertig! Deine Wunschzeit ist aktiviert. Die Ziffern zeigen die Minuten, in der letzten Minute zeigen sie dir die Sekunden. Dank nachhaltigem Akku hast du reichlich Energie, wenn du eine gute Zeit geniesst.<\/p>\n","protected":false},"excerpt":{"rendered":"<p>Timer mit Vogelgezwitscher aus Kunststoff<\/p>\n","protected":false},"featured_media":77907,"template":"","meta":[],"product_brand":[],"product_cat":[44,42,132],"product_tag":[1134],"woo-feed-brand":[],"class_list":{"0":"post-77908","1":"product","2":"type-product","3":"status-publish","4":"has-post-thumbnail","6":"product_cat-kuechenhelfer","7":"product_cat-kueche","8":"product_cat-neu","9":"product_tag-changemaker","11":"first","12":"instock","13":"taxable","14":"shipping-taxable","15":"purchasable","16":"product-type-simple"},"_links":{"self":[{"href":"https:\/\/www.fleurop-home.ch\/de-ch\/wp-json\/wp\/v2\/product\/77908","targetHints":{"allow":["GET"]}}],"collection":[{"href":"https:\/\/www.fleurop-home.ch\/de-ch\/wp-json\/wp\/v2\/product"}],"about":[{"href":"https:\/\/www.fleurop-home.ch\/de-ch\/wp-json\/wp\/v2\/types\/product"}],"wp:featuredmedia":[{"embeddable":true,"href":"https:\/\/www.fleurop-home.ch\/de-ch\/wp-json\/wp\/v2\/media\/77907"}],"wp:attachment":[{"href":"https:\/\/www.fleurop-home.ch\/de-ch\/wp-json\/wp\/v2\/media?parent=77908"}],"wp:term":[{"taxonomy":"product_brand","embeddable":true,"href":"https:\/\/www.fleurop-home.ch\/de-ch\/wp-json\/wp\/v2\/product_brand?post=77908"},{"taxonomy":"product_cat","embeddable":true,"href":"https:\/\/www.fleurop-home.ch\/de-ch\/wp-json\/wp\/v2\/product_cat?post=77908"},{"taxonomy":"product_tag","embeddable":true,"href":"https:\/\/www.fleurop-home.ch\/de-ch\/wp-json\/wp\/v2\/product_tag?post=77908"},{"taxonomy":"woo-feed-brand","embeddable":true,"href":"https:\/\/www.fleurop-home.ch\/de-ch\/wp-json\/wp\/v2\/woo-feed-brand?post=77908"}],"curies":[{"name":"wp","href":"https:\/\/api.w.org\/{rel}","templated":true}]}}