{"id":77894,"date":"2026-04-28T21:07:00","date_gmt":"2026-04-28T19:07:00","guid":{"rendered":"https:\/\/www.fleurop-home.ch\/fr-ch\/?post_type=product&#038;p=77894"},"modified":"2026-04-29T08:59:01","modified_gmt":"2026-04-29T06:59:01","slug":"stabilisierter-bonsai-juste-eternel","status":"publish","type":"product","link":"https:\/\/www.fleurop-home.ch\/de-ch\/p\/stabilisierter-bonsai-juste-eternel","title":{"rendered":"Stabilisierter Bonsai &#171;Juste \u00e9ternel&#187;"},"content":{"rendered":"<p>Dieser wundersch\u00f6ne Bonsai versch\u00f6nert dein Wohnzimmer oder jeden anderen Ort in deinem Zuhause, eignet sich auch f\u00fcr Unternehmen oder Empf\u00e4nge. H\u00e4lt viele Jahre ohne Pflege, ist ein Unikat und handgefertigt.<br \/>\nF\u00fcr alle, die sich ein St\u00fcck Natur in ihren vier W\u00e4nden w\u00fcnschen, aber keine Zeit haben, sich darum zu k\u00fcmmern, ist dieser Bonsai genau das Richtige.<\/p>\n","protected":false},"excerpt":{"rendered":"<p>Stabilisierter Bonsai (Juniperus)<\/p>\n","protected":false},"featured_media":77887,"template":"","meta":[],"product_brand":[],"product_cat":[107,23,26,132],"product_tag":[1135],"woo-feed-brand":[],"class_list":{"0":"post-77894","1":"product","2":"type-product","3":"status-publish","4":"has-post-thumbnail","6":"product_cat-kunstblumen","7":"product_cat-home-living","8":"product_cat-blumen-pflanzen","9":"product_cat-neu","10":"product_tag-mon-reve-fleuri","12":"first","13":"instock","14":"taxable","15":"shipping-taxable","16":"purchasable","17":"product-type-simple"},"_links":{"self":[{"href":"https:\/\/www.fleurop-home.ch\/de-ch\/wp-json\/wp\/v2\/product\/77894","targetHints":{"allow":["GET"]}}],"collection":[{"href":"https:\/\/www.fleurop-home.ch\/de-ch\/wp-json\/wp\/v2\/product"}],"about":[{"href":"https:\/\/www.fleurop-home.ch\/de-ch\/wp-json\/wp\/v2\/types\/product"}],"wp:featuredmedia":[{"embeddable":true,"href":"https:\/\/www.fleurop-home.ch\/de-ch\/wp-json\/wp\/v2\/media\/77887"}],"wp:attachment":[{"href":"https:\/\/www.fleurop-home.ch\/de-ch\/wp-json\/wp\/v2\/media?parent=77894"}],"wp:term":[{"taxonomy":"product_brand","embeddable":true,"href":"https:\/\/www.fleurop-home.ch\/de-ch\/wp-json\/wp\/v2\/product_brand?post=77894"},{"taxonomy":"product_cat","embeddable":true,"href":"https:\/\/www.fleurop-home.ch\/de-ch\/wp-json\/wp\/v2\/product_cat?post=77894"},{"taxonomy":"product_tag","embeddable":true,"href":"https:\/\/www.fleurop-home.ch\/de-ch\/wp-json\/wp\/v2\/product_tag?post=77894"},{"taxonomy":"woo-feed-brand","embeddable":true,"href":"https:\/\/www.fleurop-home.ch\/de-ch\/wp-json\/wp\/v2\/woo-feed-brand?post=77894"}],"curies":[{"name":"wp","href":"https:\/\/api.w.org\/{rel}","templated":true}]}}