{"id":77793,"date":"2026-04-27T17:54:03","date_gmt":"2026-04-27T15:54:03","guid":{"rendered":"https:\/\/www.fleurop-home.ch\/de-ch\/?post_type=product&#038;p=77793"},"modified":"2026-04-28T07:58:47","modified_gmt":"2026-04-28T05:58:47","slug":"duftstaebli-lavendel-duft-120ml","status":"publish","type":"product","link":"https:\/\/www.fleurop-home.ch\/de-ch\/p\/duftstaebli-lavendel-duft-120ml","title":{"rendered":"Duftst\u00e4bli Lavendel Duft 120ml"},"content":{"rendered":"<p data-pm-slice=\"1 1 []\">Die Lavendel-Duftst\u00e4bli aus der italienischen &#171;Smal&#187;-Serie verwandeln dein Zuhause mit ihrem beruhigenden und frischen Aroma in eine Oase der Ruhe. Dank der erstklassigen Qualit\u00e4t &#171;Made in Italy&#187; verstr\u00f6mt der 120ml-Flakon \u00fcber Wochen hinweg einen gleichm\u00e4ssigen Duft, der ideal zur Entspannung nach einem aktiven Tag beitr\u00e4gt. Das zeitlose Design und die nat\u00fcrliche Duftnote machen dieses Set zu einem perfekten Accessoire f\u00fcr ein harmonisches Wohlf\u00fchlambiente.<\/p>\n","protected":false},"excerpt":{"rendered":"<p>Lavendel Duftst\u00e4bchen, ein Duft der allen Schmeckt.<\/p>\n","protected":false},"featured_media":77790,"template":"","meta":[],"product_brand":[],"product_cat":[51,48,132],"product_tag":[1094],"woo-feed-brand":[],"class_list":{"0":"post-77793","1":"product","2":"type-product","3":"status-publish","4":"has-post-thumbnail","6":"product_cat-raumduefte","7":"product_cat-bad-wellness","8":"product_cat-neu","9":"product_tag-corinas","11":"first","12":"instock","13":"taxable","14":"shipping-taxable","15":"purchasable","16":"product-type-simple"},"_links":{"self":[{"href":"https:\/\/www.fleurop-home.ch\/de-ch\/wp-json\/wp\/v2\/product\/77793","targetHints":{"allow":["GET"]}}],"collection":[{"href":"https:\/\/www.fleurop-home.ch\/de-ch\/wp-json\/wp\/v2\/product"}],"about":[{"href":"https:\/\/www.fleurop-home.ch\/de-ch\/wp-json\/wp\/v2\/types\/product"}],"wp:featuredmedia":[{"embeddable":true,"href":"https:\/\/www.fleurop-home.ch\/de-ch\/wp-json\/wp\/v2\/media\/77790"}],"wp:attachment":[{"href":"https:\/\/www.fleurop-home.ch\/de-ch\/wp-json\/wp\/v2\/media?parent=77793"}],"wp:term":[{"taxonomy":"product_brand","embeddable":true,"href":"https:\/\/www.fleurop-home.ch\/de-ch\/wp-json\/wp\/v2\/product_brand?post=77793"},{"taxonomy":"product_cat","embeddable":true,"href":"https:\/\/www.fleurop-home.ch\/de-ch\/wp-json\/wp\/v2\/product_cat?post=77793"},{"taxonomy":"product_tag","embeddable":true,"href":"https:\/\/www.fleurop-home.ch\/de-ch\/wp-json\/wp\/v2\/product_tag?post=77793"},{"taxonomy":"woo-feed-brand","embeddable":true,"href":"https:\/\/www.fleurop-home.ch\/de-ch\/wp-json\/wp\/v2\/woo-feed-brand?post=77793"}],"curies":[{"name":"wp","href":"https:\/\/api.w.org\/{rel}","templated":true}]}}