{"id":77787,"date":"2026-04-27T17:38:44","date_gmt":"2026-04-27T15:38:44","guid":{"rendered":"https:\/\/www.fleurop-home.ch\/de-ch\/?post_type=product&#038;p=77787"},"modified":"2026-04-28T07:56:29","modified_gmt":"2026-04-28T05:56:29","slug":"duftstaebli-vanille-duft-120ml","status":"publish","type":"product","link":"https:\/\/www.fleurop-home.ch\/de-ch\/p\/duftstaebli-vanille-duft-120ml","title":{"rendered":"Duftst\u00e4bli Vanille Duft 120ml"},"content":{"rendered":"<p data-pm-slice=\"1 1 []\">Diese eleganten Vanille-Duftst\u00e4bli aus der italienischen &#171;Smal&#187;-Serie bringen mit ihrem warmen und cremigen Aroma zeitlose Eleganz in jeden Raum. Die hochwertige Verarbeitung &#171;Made in Italy&#187; garantiert ein langanhaltendes und gleichm\u00e4ssiges Dufterlebnis, das in den 120ml-Flakons perfekt zur Geltung kommt. Das dezente Design f\u00fcgt sich harmonisch in dein Ambiente ein und schafft sofort eine einladende Wohlf\u00fchlatmosph\u00e4re zum Entspannen.<\/p>\n","protected":false},"excerpt":{"rendered":"<p>Vanille Duftst\u00e4bchen, ein Duft der allen Schmeckt.<\/p>\n","protected":false},"featured_media":77788,"template":"","meta":[],"product_brand":[],"product_cat":[51,48,132],"product_tag":[1094],"woo-feed-brand":[],"class_list":{"0":"post-77787","1":"product","2":"type-product","3":"status-publish","4":"has-post-thumbnail","6":"product_cat-raumduefte","7":"product_cat-bad-wellness","8":"product_cat-neu","9":"product_tag-corinas","11":"first","12":"instock","13":"taxable","14":"shipping-taxable","15":"purchasable","16":"product-type-simple"},"_links":{"self":[{"href":"https:\/\/www.fleurop-home.ch\/de-ch\/wp-json\/wp\/v2\/product\/77787","targetHints":{"allow":["GET"]}}],"collection":[{"href":"https:\/\/www.fleurop-home.ch\/de-ch\/wp-json\/wp\/v2\/product"}],"about":[{"href":"https:\/\/www.fleurop-home.ch\/de-ch\/wp-json\/wp\/v2\/types\/product"}],"wp:featuredmedia":[{"embeddable":true,"href":"https:\/\/www.fleurop-home.ch\/de-ch\/wp-json\/wp\/v2\/media\/77788"}],"wp:attachment":[{"href":"https:\/\/www.fleurop-home.ch\/de-ch\/wp-json\/wp\/v2\/media?parent=77787"}],"wp:term":[{"taxonomy":"product_brand","embeddable":true,"href":"https:\/\/www.fleurop-home.ch\/de-ch\/wp-json\/wp\/v2\/product_brand?post=77787"},{"taxonomy":"product_cat","embeddable":true,"href":"https:\/\/www.fleurop-home.ch\/de-ch\/wp-json\/wp\/v2\/product_cat?post=77787"},{"taxonomy":"product_tag","embeddable":true,"href":"https:\/\/www.fleurop-home.ch\/de-ch\/wp-json\/wp\/v2\/product_tag?post=77787"},{"taxonomy":"woo-feed-brand","embeddable":true,"href":"https:\/\/www.fleurop-home.ch\/de-ch\/wp-json\/wp\/v2\/woo-feed-brand?post=77787"}],"curies":[{"name":"wp","href":"https:\/\/api.w.org\/{rel}","templated":true}]}}