{"id":77309,"date":"2026-04-12T20:59:46","date_gmt":"2026-04-12T18:59:46","guid":{"rendered":"https:\/\/www.fleurop-home.ch\/fr-ch\/?post_type=product&#038;p=77309"},"modified":"2026-04-13T09:21:00","modified_gmt":"2026-04-13T07:21:00","slug":"kranz-aus-getrockneten-blumen","status":"publish","type":"product","link":"https:\/\/www.fleurop-home.ch\/de-ch\/p\/kranz-aus-getrockneten-blumen","title":{"rendered":"Kranz aus getrockneten Blumen"},"content":{"rendered":"<p>Dieser wundersch\u00f6ne, handgefertigte Kranz aus getrockneten Blumen und konservierten Hortensien in Rosat\u00f6nen versch\u00f6nert jeden Raum oder jede Haust\u00fcr und hat einen Durchmesser von etwa 38 cm.<\/p>\n","protected":false},"excerpt":{"rendered":"<p>Kranz aus getrockneten Blumen<\/p>\n","protected":false},"featured_media":77305,"template":"","meta":[],"product_brand":[],"product_cat":[117,23],"product_tag":[1135],"woo-feed-brand":[],"class_list":{"0":"post-77309","1":"product","2":"type-product","3":"status-publish","4":"has-post-thumbnail","6":"product_cat-trockenblumen","7":"product_cat-home-living","8":"product_tag-mon-reve-fleuri","10":"first","11":"instock","12":"taxable","13":"shipping-taxable","14":"purchasable","15":"product-type-simple"},"_links":{"self":[{"href":"https:\/\/www.fleurop-home.ch\/de-ch\/wp-json\/wp\/v2\/product\/77309","targetHints":{"allow":["GET"]}}],"collection":[{"href":"https:\/\/www.fleurop-home.ch\/de-ch\/wp-json\/wp\/v2\/product"}],"about":[{"href":"https:\/\/www.fleurop-home.ch\/de-ch\/wp-json\/wp\/v2\/types\/product"}],"wp:featuredmedia":[{"embeddable":true,"href":"https:\/\/www.fleurop-home.ch\/de-ch\/wp-json\/wp\/v2\/media\/77305"}],"wp:attachment":[{"href":"https:\/\/www.fleurop-home.ch\/de-ch\/wp-json\/wp\/v2\/media?parent=77309"}],"wp:term":[{"taxonomy":"product_brand","embeddable":true,"href":"https:\/\/www.fleurop-home.ch\/de-ch\/wp-json\/wp\/v2\/product_brand?post=77309"},{"taxonomy":"product_cat","embeddable":true,"href":"https:\/\/www.fleurop-home.ch\/de-ch\/wp-json\/wp\/v2\/product_cat?post=77309"},{"taxonomy":"product_tag","embeddable":true,"href":"https:\/\/www.fleurop-home.ch\/de-ch\/wp-json\/wp\/v2\/product_tag?post=77309"},{"taxonomy":"woo-feed-brand","embeddable":true,"href":"https:\/\/www.fleurop-home.ch\/de-ch\/wp-json\/wp\/v2\/woo-feed-brand?post=77309"}],"curies":[{"name":"wp","href":"https:\/\/api.w.org\/{rel}","templated":true}]}}