{"id":77301,"date":"2026-04-12T20:31:23","date_gmt":"2026-04-12T18:31:23","guid":{"rendered":"https:\/\/www.fleurop-home.ch\/fr-ch\/?post_type=product&#038;p=77301"},"modified":"2026-04-13T09:23:47","modified_gmt":"2026-04-13T07:23:47","slug":"wanddeko-mon-coeur","status":"publish","type":"product","link":"https:\/\/www.fleurop-home.ch\/de-ch\/p\/wanddeko-mon-coeur","title":{"rendered":"Wanddeko \u00abMon coeur\u00bb"},"content":{"rendered":"<p>Dieses wundersch\u00f6ne Herz zum Aufh\u00e4ngen aus getrockneten Blumen ist ein h\u00fcbsches Geschenk f\u00fcr dich selbst oder deine Lieben.<br \/>\nEtwa 34 cm hoch und 30 cm breit<\/p>\n","protected":false},"excerpt":{"rendered":"<p>Herz zum Aufh\u00e4ngen<\/p>\n","protected":false},"featured_media":77302,"template":"","meta":[],"product_brand":[],"product_cat":[117,23,797,1024],"product_tag":[1135],"woo-feed-brand":[],"class_list":{"0":"post-77301","1":"product","2":"type-product","3":"status-publish","4":"has-post-thumbnail","6":"product_cat-trockenblumen","7":"product_cat-home-living","8":"product_cat-muttertag","9":"product_cat-muttertagsdeko","10":"product_tag-mon-reve-fleuri","12":"first","13":"instock","14":"taxable","15":"shipping-taxable","16":"purchasable","17":"product-type-simple"},"_links":{"self":[{"href":"https:\/\/www.fleurop-home.ch\/de-ch\/wp-json\/wp\/v2\/product\/77301","targetHints":{"allow":["GET"]}}],"collection":[{"href":"https:\/\/www.fleurop-home.ch\/de-ch\/wp-json\/wp\/v2\/product"}],"about":[{"href":"https:\/\/www.fleurop-home.ch\/de-ch\/wp-json\/wp\/v2\/types\/product"}],"wp:featuredmedia":[{"embeddable":true,"href":"https:\/\/www.fleurop-home.ch\/de-ch\/wp-json\/wp\/v2\/media\/77302"}],"wp:attachment":[{"href":"https:\/\/www.fleurop-home.ch\/de-ch\/wp-json\/wp\/v2\/media?parent=77301"}],"wp:term":[{"taxonomy":"product_brand","embeddable":true,"href":"https:\/\/www.fleurop-home.ch\/de-ch\/wp-json\/wp\/v2\/product_brand?post=77301"},{"taxonomy":"product_cat","embeddable":true,"href":"https:\/\/www.fleurop-home.ch\/de-ch\/wp-json\/wp\/v2\/product_cat?post=77301"},{"taxonomy":"product_tag","embeddable":true,"href":"https:\/\/www.fleurop-home.ch\/de-ch\/wp-json\/wp\/v2\/product_tag?post=77301"},{"taxonomy":"woo-feed-brand","embeddable":true,"href":"https:\/\/www.fleurop-home.ch\/de-ch\/wp-json\/wp\/v2\/woo-feed-brand?post=77301"}],"curies":[{"name":"wp","href":"https:\/\/api.w.org\/{rel}","templated":true}]}}