{"id":77243,"date":"2026-04-09T14:35:27","date_gmt":"2026-04-09T12:35:27","guid":{"rendered":"https:\/\/www.fleurop-home.ch\/de-ch\/p\/weisses-geschenkband-dekoband-6-x-2-m"},"modified":"2026-04-10T08:44:15","modified_gmt":"2026-04-10T06:44:15","slug":"satinband-weiss-6x2-m","status":"publish","type":"product","link":"https:\/\/www.fleurop-home.ch\/de-ch\/p\/satinband-weiss-6x2-m","title":{"rendered":"Satinband, weiss, 6&#215;2 m"},"content":{"rendered":"<p>Das vielseitige Satinband eignet sich hervorragend zum Basteln und Geschenke einpacken. Mit dem Band werden die Ergebnisse von Bastelarbeiten noch sch\u00f6ner. Das Satinband eignet sich hervorragend f\u00fcr kleine Pr\u00e4sente f\u00fcr einen ganz besonderen Menschen. Es eignet sich nat\u00fcrlich ebenfalls zum Basteln mit Kindern, \u00fcbrigens viele sch\u00f6ne Bastelideen entstehen erst beim Arbeiten, lassen Sie sich einfach inspirieren.<\/p>\n<p>Abmessungen:<br \/>\n\u2022 3 mm x 2 m<br \/>\n\u2022 6 mm x 2 m<br \/>\n\u2022 10 mm x 2 m<br \/>\n\u2022 16 mm x 2 m<br \/>\n\u2022 17 mm x 2 m<br \/>\n\u2022 40 mm x 2 m<\/p>\n","protected":false},"excerpt":{"rendered":"<p>Weisses Geschenkband \/ Dekoband 6 x 2 m<\/p>\n","protected":false},"featured_media":77242,"template":"","meta":[],"product_brand":[],"product_cat":[1193,23,29],"product_tag":[324],"woo-feed-brand":[],"class_list":{"0":"post-77243","1":"product","2":"type-product","3":"status-publish","4":"has-post-thumbnail","6":"product_cat-baender-tueten","7":"product_cat-home-living","8":"product_cat-do-it-yourself","9":"product_tag-marein-ag","11":"first","12":"instock","13":"taxable","14":"shipping-taxable","15":"purchasable","16":"product-type-simple"},"_links":{"self":[{"href":"https:\/\/www.fleurop-home.ch\/de-ch\/wp-json\/wp\/v2\/product\/77243","targetHints":{"allow":["GET"]}}],"collection":[{"href":"https:\/\/www.fleurop-home.ch\/de-ch\/wp-json\/wp\/v2\/product"}],"about":[{"href":"https:\/\/www.fleurop-home.ch\/de-ch\/wp-json\/wp\/v2\/types\/product"}],"wp:featuredmedia":[{"embeddable":true,"href":"https:\/\/www.fleurop-home.ch\/de-ch\/wp-json\/wp\/v2\/media\/77242"}],"wp:attachment":[{"href":"https:\/\/www.fleurop-home.ch\/de-ch\/wp-json\/wp\/v2\/media?parent=77243"}],"wp:term":[{"taxonomy":"product_brand","embeddable":true,"href":"https:\/\/www.fleurop-home.ch\/de-ch\/wp-json\/wp\/v2\/product_brand?post=77243"},{"taxonomy":"product_cat","embeddable":true,"href":"https:\/\/www.fleurop-home.ch\/de-ch\/wp-json\/wp\/v2\/product_cat?post=77243"},{"taxonomy":"product_tag","embeddable":true,"href":"https:\/\/www.fleurop-home.ch\/de-ch\/wp-json\/wp\/v2\/product_tag?post=77243"},{"taxonomy":"woo-feed-brand","embeddable":true,"href":"https:\/\/www.fleurop-home.ch\/de-ch\/wp-json\/wp\/v2\/woo-feed-brand?post=77243"}],"curies":[{"name":"wp","href":"https:\/\/api.w.org\/{rel}","templated":true}]}}