{"id":77231,"date":"2026-04-09T14:35:10","date_gmt":"2026-04-09T12:35:10","guid":{"rendered":"https:\/\/www.fleurop-home.ch\/de-ch\/p\/wasserfeste-acryl-permanent-marker-pigment-stifte-4-mm-24-stk"},"modified":"2026-04-16T13:26:17","modified_gmt":"2026-04-16T11:26:17","slug":"wasserfeste-acryl-permanent-marker-24-stk","status":"publish","type":"product","link":"https:\/\/www.fleurop-home.ch\/de-ch\/p\/wasserfeste-acryl-permanent-marker-24-stk","title":{"rendered":"Wasserfeste Acryl Permanent Marker, 24 Stk."},"content":{"rendered":"<p>Suchst du nach sch\u00f6nen Stiften zum Schreiben oder Malen?<\/p>\n<p>Mit unseren Wasserfesten Acryl Permanent Marker hast du daf\u00fcr genau das Richtige. Die Stifte mit bunter Acryl Tinte auf Wasserbasis sind dank der feinen Spitze, ideal f\u00fcr Zeichnungen oder zum Schreiben auf Holz, Stein, Kunststoff, Glas oder Metall geeignet, trocknen schnell und haben zudem eine hohe Deckkraft.<\/p>\n<p>ANWENDUNG: Sch\u00fcttle die Acryl Marker zuerst durch, um die Pigmente zu vermischen. Dr\u00fccke danach die Ventil Spitze einmal nach unten, und bleibe so, bis sich die Fasern mit dem Lack f\u00fcllen. Ist die Spitze Vollst\u00e4ndig vollgesogen, kannst du mit dem Zeichnen anfangen.<\/p>\n<p>ACHTUNG: Das Geschirr sollte nach dem Bemalen von Hand und nicht in der Geschirrmaschine gereinigt werden.<\/p>\n<p>Wasserfeste Acryl Marker mit Etui:<\/p>\n<p>\u2022 Haften auf Holz, Stein, Glas, Metall, etc.<br \/>\n\u2022 Kommen im praktischen 24er Set mit Etui<br \/>\n\u2022 Zum Skizzieren, Schreiben und Verzieren<br \/>\n\u2022 Auch f\u00fcr Karten, Fotoalben, G\u00e4steb\u00fccher etc.<br \/>\n\u2022 Die Spitzen haben eine Breite von 4 Millimeter<br \/>\n\u2022 Farbe Stift: Transparent\/Schwarz<br \/>\n\u2022 Farbe Tinte: Bunt<br \/>\n\u2022 Material: Kunststoff<br \/>\n\u2022 Gr\u00f6sse: ca. 15 x 1.5 cm<br \/>\n\u2022 Breite Spitze: \u00d8 4 mm<\/p>\n","protected":false},"excerpt":{"rendered":"<p>Wasserfeste Acryl Permanent Marker Pigment Stifte, 4 mm, 24 Stk.<\/p>\n","protected":false},"featured_media":77230,"template":"","meta":[],"product_brand":[],"product_cat":[939,23,1195,1263,29,59],"product_tag":[324],"woo-feed-brand":[],"class_list":{"0":"post-77231","1":"product","2":"type-product","3":"status-publish","4":"has-post-thumbnail","6":"product_cat-kindergeschenke","7":"product_cat-home-living","8":"product_cat-dekogrundlagen","9":"product_cat-fleuropkids","10":"product_cat-do-it-yourself","11":"product_cat-kids","12":"product_tag-marein-ag","14":"first","15":"instock","16":"taxable","17":"shipping-taxable","18":"purchasable","19":"product-type-simple"},"_links":{"self":[{"href":"https:\/\/www.fleurop-home.ch\/de-ch\/wp-json\/wp\/v2\/product\/77231","targetHints":{"allow":["GET"]}}],"collection":[{"href":"https:\/\/www.fleurop-home.ch\/de-ch\/wp-json\/wp\/v2\/product"}],"about":[{"href":"https:\/\/www.fleurop-home.ch\/de-ch\/wp-json\/wp\/v2\/types\/product"}],"wp:featuredmedia":[{"embeddable":true,"href":"https:\/\/www.fleurop-home.ch\/de-ch\/wp-json\/wp\/v2\/media\/77230"}],"wp:attachment":[{"href":"https:\/\/www.fleurop-home.ch\/de-ch\/wp-json\/wp\/v2\/media?parent=77231"}],"wp:term":[{"taxonomy":"product_brand","embeddable":true,"href":"https:\/\/www.fleurop-home.ch\/de-ch\/wp-json\/wp\/v2\/product_brand?post=77231"},{"taxonomy":"product_cat","embeddable":true,"href":"https:\/\/www.fleurop-home.ch\/de-ch\/wp-json\/wp\/v2\/product_cat?post=77231"},{"taxonomy":"product_tag","embeddable":true,"href":"https:\/\/www.fleurop-home.ch\/de-ch\/wp-json\/wp\/v2\/product_tag?post=77231"},{"taxonomy":"woo-feed-brand","embeddable":true,"href":"https:\/\/www.fleurop-home.ch\/de-ch\/wp-json\/wp\/v2\/woo-feed-brand?post=77231"}],"curies":[{"name":"wp","href":"https:\/\/api.w.org\/{rel}","templated":true}]}}