{"id":77222,"date":"2026-04-09T14:34:55","date_gmt":"2026-04-09T12:34:55","guid":{"rendered":"https:\/\/www.fleurop-home.ch\/de-ch\/p\/wasserfeste-acryl-permanent-brush-marker-lack-mal-stifte-30-stk"},"modified":"2026-04-15T13:32:29","modified_gmt":"2026-04-15T11:32:29","slug":"wasserfeste-acryl-permanent-brush-marker-30-stk","status":"publish","type":"product","link":"https:\/\/www.fleurop-home.ch\/de-ch\/p\/wasserfeste-acryl-permanent-brush-marker-30-stk","title":{"rendered":"Wasserfeste Acryl Permanent Brush Marker, 30 Stk."},"content":{"rendered":"<p>Du bist kreativ und suchst nach vielseitig einsetzbaren Stiften?<\/p>\n<p>Dann bestelle jetzt unser Set mit 30 Acryl Permanent Markern in unterschiedlichen Farben. Die wasserfesten Stifte erm\u00f6glichen Dir dank der Brush Spitze ein ideale Hand Lettering Voraussetzung. Der Lack, welcher auf Acryl Basis besteht, f\u00fcgt der Zeichnung Lebendigkeit und S\u00e4ttigung hinzu und macht es einfach, Schichten und Farben zu mischen. Zudem sind diese Stifte ideal daf\u00fcr geeignet auf Steine, Holz, Deko Elemente oder Porzellan zu malen und farbenfrohe Zeichnungen zu kreieren, die schnell trocknen.<\/p>\n<p>Acryl Marker im praktischen 30er Set:<\/p>\n<p>\u2022 F\u00fcr k\u00fcnstlerische Sch\u00f6nheit<br \/>\n\u2022 Perfekt f\u00fcr Skizzenzeichnungen<br \/>\n\u2022 Lack Tinte auf Acryl Basis<br \/>\n\u2022 Wasserfeste, Pigmentierte Tinte<br \/>\n\u2022 Besteht aus Brush Spitzen<br \/>\n\u2022 In 30 verschiedenen Farben<br \/>\n\u2022 Auch zum Bemalen von Porzellan etc.<br \/>\n\u2022 Farben: Siehe Bild<br \/>\n\u2022 Material: Kunststoff<br \/>\n\u2022 Gr\u00f6sse Stifte: ca. 14 cm<br \/>\n\u2022 Breite der Spitzen: ca. 1 mm<\/p>\n","protected":false},"excerpt":{"rendered":"<p>(30er Set) Wasserfeste Acryl Permanent Brush Marker Lack Mal Stifte<\/p>\n","protected":false},"featured_media":77221,"template":"","meta":[],"product_brand":[],"product_cat":[939,23,1195,29,59],"product_tag":[324],"woo-feed-brand":[],"class_list":{"0":"post-77222","1":"product","2":"type-product","3":"status-publish","4":"has-post-thumbnail","6":"product_cat-kindergeschenke","7":"product_cat-home-living","8":"product_cat-dekogrundlagen","9":"product_cat-do-it-yourself","10":"product_cat-kids","11":"product_tag-marein-ag","13":"first","14":"instock","15":"taxable","16":"shipping-taxable","17":"purchasable","18":"product-type-simple"},"_links":{"self":[{"href":"https:\/\/www.fleurop-home.ch\/de-ch\/wp-json\/wp\/v2\/product\/77222","targetHints":{"allow":["GET"]}}],"collection":[{"href":"https:\/\/www.fleurop-home.ch\/de-ch\/wp-json\/wp\/v2\/product"}],"about":[{"href":"https:\/\/www.fleurop-home.ch\/de-ch\/wp-json\/wp\/v2\/types\/product"}],"wp:featuredmedia":[{"embeddable":true,"href":"https:\/\/www.fleurop-home.ch\/de-ch\/wp-json\/wp\/v2\/media\/77221"}],"wp:attachment":[{"href":"https:\/\/www.fleurop-home.ch\/de-ch\/wp-json\/wp\/v2\/media?parent=77222"}],"wp:term":[{"taxonomy":"product_brand","embeddable":true,"href":"https:\/\/www.fleurop-home.ch\/de-ch\/wp-json\/wp\/v2\/product_brand?post=77222"},{"taxonomy":"product_cat","embeddable":true,"href":"https:\/\/www.fleurop-home.ch\/de-ch\/wp-json\/wp\/v2\/product_cat?post=77222"},{"taxonomy":"product_tag","embeddable":true,"href":"https:\/\/www.fleurop-home.ch\/de-ch\/wp-json\/wp\/v2\/product_tag?post=77222"},{"taxonomy":"woo-feed-brand","embeddable":true,"href":"https:\/\/www.fleurop-home.ch\/de-ch\/wp-json\/wp\/v2\/woo-feed-brand?post=77222"}],"curies":[{"name":"wp","href":"https:\/\/api.w.org\/{rel}","templated":true}]}}