{"id":77218,"date":"2026-04-09T14:34:50","date_gmt":"2026-04-09T12:34:50","guid":{"rendered":"https:\/\/www.fleurop-home.ch\/de-ch\/p\/washi-tape-set-5-stk"},"modified":"2026-04-13T16:32:41","modified_gmt":"2026-04-13T14:32:41","slug":"washi-tape-set-5-stk","status":"publish","type":"product","link":"https:\/\/www.fleurop-home.ch\/de-ch\/p\/washi-tape-set-5-stk","title":{"rendered":"Washi Tape Set, 5 Stk."},"content":{"rendered":"<p>Mit dem Washi Tape oder auch Masking Tape genannt kommt Farbe ins Leben! Die peppigen Klebeb\u00e4nder aus teils auch leicht transparentem Reispapier oder mit Glitter best\u00fcckt verzieren Karten, Fotob\u00fccher, Bullet Journale, Tageb\u00fccher, Schulhefte, Briefe, Geschenkkarten, Dosen, Bilderrahmen, Geschenkt\u00fcten, Geschenkverpackungen, Karten und vieles mehr. Der Fantasie sind kaum Grenzen gesetzt. Das von Hand abreissbare Klebeband zaubert aus allt\u00e4glichen Dinge m\u00fchelos kleine individuelle Designerst\u00fccke. Das Tape ist selbstklebend und wieder abl\u00f6sbar.&lt;br&gt;Um ein einfaches Glas geklebt wird es zum Beispiel zum h\u00fcbschen Teelicht oder einer dekorativen Vase f\u00fcr die perfekte Tischdekoration. Zu St\u00fccken geschnitten und um Zahnstocher geklebt, sind sie als kleine F\u00e4hnchen auf leckeren Cupcakes der absolute Hingucker. Auch als Tortentopper zu einer Girlande zwischen zwei Holzspiessen oder Trinkhalmen verarbeitet sind die bunten Tapes perfekt geeignet. Die Klebeb\u00e4nder sind in unserem Shop in vielen verschiedenen Ausf\u00fchrungen erh\u00e4ltlich.&lt;br&gt;&lt;br&gt;# Klebeband, Dekoband, Maskingtape, selbstklebendes Bastelband, Lettering, Tischdekoration, Partydeko, Geschenkverzierung, Karten, Kartengestaltung<\/p>\n<p>\u2022 Washi Tape Klebeband Set<br \/>\n\u2022 Eigenschaften: selbstklebendes Band mit h\u00fcbschem hochwertigem Muster, haftet auf den meisten glatten Untergr\u00fcnden, l\u00e4sst sich gut reissen, hinterl\u00e4sst keine klebrigen R\u00fcckst\u00e4nde, bleicht nicht aus. In diversen Mustern und Farben erh\u00e4ltlich.<br \/>\n\u2022 Anwendung: F\u00fcr Geschenkverpackungen und Karten, f\u00fcr Planer, Bullet Journale und Tageb\u00fccher, zum Verzieren von Bilderrahmen und Alltagsgegenst\u00e4nden, perfekt geeignet f\u00fcr Scrapbooking und in Kombination mit Handlettering, f\u00fcr Windlichter um ein Glas geklebt, als Minif\u00e4hnchen an Zahnstocher befestigt wird es zum Cupcake oder Tortentopper, perfekt f\u00fcr Kinderpartys, Tischdekorationen usw.<br \/>\n\u2022 Bearbeitung: das Klebeband l\u00e4sst sich ganz einfach in St\u00fccke reissen oder schneiden und auf glatte Untergr\u00fcnde kleben.<br \/>\n\u2022 Gr\u00f6sse: 10-20 mm x 5 m (5x)<br \/>\n\u2022 Inhalt: 5 Rollen<\/p>\n","protected":false},"excerpt":{"rendered":"<p>Washitape Set 11, 10-20 mm x 5m,5 Stk.<\/p>\n","protected":false},"featured_media":77217,"template":"","meta":[],"product_brand":[],"product_cat":[1193,23,29],"product_tag":[324],"woo-feed-brand":[],"class_list":{"0":"post-77218","1":"product","2":"type-product","3":"status-publish","4":"has-post-thumbnail","6":"product_cat-baender-tueten","7":"product_cat-home-living","8":"product_cat-do-it-yourself","9":"product_tag-marein-ag","11":"first","12":"instock","13":"taxable","14":"shipping-taxable","15":"purchasable","16":"product-type-simple"},"_links":{"self":[{"href":"https:\/\/www.fleurop-home.ch\/de-ch\/wp-json\/wp\/v2\/product\/77218","targetHints":{"allow":["GET"]}}],"collection":[{"href":"https:\/\/www.fleurop-home.ch\/de-ch\/wp-json\/wp\/v2\/product"}],"about":[{"href":"https:\/\/www.fleurop-home.ch\/de-ch\/wp-json\/wp\/v2\/types\/product"}],"wp:featuredmedia":[{"embeddable":true,"href":"https:\/\/www.fleurop-home.ch\/de-ch\/wp-json\/wp\/v2\/media\/77217"}],"wp:attachment":[{"href":"https:\/\/www.fleurop-home.ch\/de-ch\/wp-json\/wp\/v2\/media?parent=77218"}],"wp:term":[{"taxonomy":"product_brand","embeddable":true,"href":"https:\/\/www.fleurop-home.ch\/de-ch\/wp-json\/wp\/v2\/product_brand?post=77218"},{"taxonomy":"product_cat","embeddable":true,"href":"https:\/\/www.fleurop-home.ch\/de-ch\/wp-json\/wp\/v2\/product_cat?post=77218"},{"taxonomy":"product_tag","embeddable":true,"href":"https:\/\/www.fleurop-home.ch\/de-ch\/wp-json\/wp\/v2\/product_tag?post=77218"},{"taxonomy":"woo-feed-brand","embeddable":true,"href":"https:\/\/www.fleurop-home.ch\/de-ch\/wp-json\/wp\/v2\/woo-feed-brand?post=77218"}],"curies":[{"name":"wp","href":"https:\/\/api.w.org\/{rel}","templated":true}]}}