{"id":77206,"date":"2026-04-09T14:34:28","date_gmt":"2026-04-09T12:34:28","guid":{"rendered":"https:\/\/www.fleurop-home.ch\/de-ch\/p\/tannenzapfen-6-stueck"},"modified":"2026-04-15T13:55:40","modified_gmt":"2026-04-15T11:55:40","slug":"tannenzapfen-6-stueck","status":"publish","type":"product","link":"https:\/\/www.fleurop-home.ch\/de-ch\/p\/tannenzapfen-6-stueck","title":{"rendered":"Tannenzapfen, 6 St\u00fcck"},"content":{"rendered":"<p>Verleihe deinen Dekoideen eine nat\u00fcrliche Note mit diesen echten Tannenzapfen aus Waldkiefer. Unbehandelt und naturbelassen eignen sich die Zapfen perfekt f\u00fcr kreative Herbst- und Winterdekorationen. Ob f\u00fcr Kr\u00e4nze, Tischdekorationen oder Girlanden \u2013 diese 6 Zapfen bringen den Charme der Natur direkt in dein Zuhause und sind vielseitig einsetzbar. Hol dir den Wald nach Hause und gestalte individuelle, saisonale Dekorationen.<\/p>\n<p>\u2022 Inhalt: 6 St\u00fcck \u2013 Gr\u00f6sse ca. \u00f8 22 x 50 mm<br \/>\n\u2022 Nat\u00fcrliche braune Farbe \u2013 Material: unbehandelte Waldkiefer<br \/>\n\u2022 Echte, naturbelassene Zapfen f\u00fcr eine authentische Deko<br \/>\n\u2022 Perfekt f\u00fcr herbstliche und winterliche Dekorationen wie Kr\u00e4nze, Tischdekorationen, Girlanden und mehr<\/p>\n","protected":false},"excerpt":{"rendered":"<p>L\u00e4ngliches Tannenzapfenset, 6 Stk.<\/p>\n","protected":false},"featured_media":77205,"template":"","meta":[],"product_brand":[],"product_cat":[1196,23,29],"product_tag":[324],"woo-feed-brand":[],"class_list":{"0":"post-77206","1":"product","2":"type-product","3":"status-publish","4":"has-post-thumbnail","6":"product_cat-natur-deko","7":"product_cat-home-living","8":"product_cat-do-it-yourself","9":"product_tag-marein-ag","11":"first","12":"instock","13":"taxable","14":"shipping-taxable","15":"purchasable","16":"product-type-simple"},"_links":{"self":[{"href":"https:\/\/www.fleurop-home.ch\/de-ch\/wp-json\/wp\/v2\/product\/77206","targetHints":{"allow":["GET"]}}],"collection":[{"href":"https:\/\/www.fleurop-home.ch\/de-ch\/wp-json\/wp\/v2\/product"}],"about":[{"href":"https:\/\/www.fleurop-home.ch\/de-ch\/wp-json\/wp\/v2\/types\/product"}],"wp:featuredmedia":[{"embeddable":true,"href":"https:\/\/www.fleurop-home.ch\/de-ch\/wp-json\/wp\/v2\/media\/77205"}],"wp:attachment":[{"href":"https:\/\/www.fleurop-home.ch\/de-ch\/wp-json\/wp\/v2\/media?parent=77206"}],"wp:term":[{"taxonomy":"product_brand","embeddable":true,"href":"https:\/\/www.fleurop-home.ch\/de-ch\/wp-json\/wp\/v2\/product_brand?post=77206"},{"taxonomy":"product_cat","embeddable":true,"href":"https:\/\/www.fleurop-home.ch\/de-ch\/wp-json\/wp\/v2\/product_cat?post=77206"},{"taxonomy":"product_tag","embeddable":true,"href":"https:\/\/www.fleurop-home.ch\/de-ch\/wp-json\/wp\/v2\/product_tag?post=77206"},{"taxonomy":"woo-feed-brand","embeddable":true,"href":"https:\/\/www.fleurop-home.ch\/de-ch\/wp-json\/wp\/v2\/woo-feed-brand?post=77206"}],"curies":[{"name":"wp","href":"https:\/\/api.w.org\/{rel}","templated":true}]}}