{"id":77201,"date":"2026-04-09T14:34:23","date_gmt":"2026-04-09T12:34:23","guid":{"rendered":"https:\/\/www.fleurop-home.ch\/de-ch\/p\/sticky-notes-koala-haftnotizen-mit-selbsthaftenden-suessen-koala-notizzetteln-wie-einer-selbstklebenden-to-do-liste-zum-ankreuzen-bunt-ca-23-x-65-mm-6-bloecke-a-30-zettel"},"modified":"2026-04-16T13:25:32","modified_gmt":"2026-04-16T11:25:32","slug":"sticky-notes-koala","status":"publish","type":"product","link":"https:\/\/www.fleurop-home.ch\/de-ch\/p\/sticky-notes-koala","title":{"rendered":"Sticky Notes, Koala"},"content":{"rendered":"<p>Sticky Notes Koala, Haftnotizen mit selbsthaftenden s\u00fcssen Koala Notizzetteln wie einer selbstklebenden To Do Liste zum Ankreuzen, Bunt, ca. 23 x 65 mm, 6 Bl\u00f6cke \u00e0 30 Zettel<\/p>\n<p>Mit den farbigen bunten selbsthaftenden Notizzetteln mit s\u00fcssen Koala Motiven k\u00f6nnen wichtige Seiten in Schulheften, B\u00fcchern, Lieblingsrezepte im Kochbuch oder die aktuelle Seite in einem spannenden Krimi markiert werden. Auch kleine Reminder, liebe Botschaften und To Do\u2019s lassen sich auf den Zettelchen notieren. Sie haften auf glatten Oberfl\u00e4chen, sind selbstklebend und wieder abl\u00f6sbar. Zudem hilft die kleine To-Do Liste wichtige Arbeiten nicht zu vergessen. Die h\u00fcbschen Blumen k\u00f6nnen auch auf Geschenken als Dekoration angebracht werden.<br \/>\nDie F\u00e4hnchen Haftnotizen eignen sich auch perfekt zum Beschriften von Ap\u00e9ro Platten und Dessert Buffets oder als Namensk\u00e4rtchen f\u00fcr Gl\u00e4ser.<\/p>\n","protected":false},"excerpt":{"rendered":"<p>Sticky Notes, Koala, 30 Blatt<\/p>\n","protected":false},"featured_media":77200,"template":"","meta":[],"product_brand":[],"product_cat":[939,23,1195,1263,29,59],"product_tag":[324],"woo-feed-brand":[],"class_list":{"0":"post-77201","1":"product","2":"type-product","3":"status-publish","4":"has-post-thumbnail","6":"product_cat-kindergeschenke","7":"product_cat-home-living","8":"product_cat-dekogrundlagen","9":"product_cat-fleuropkids","10":"product_cat-do-it-yourself","11":"product_cat-kids","12":"product_tag-marein-ag","14":"first","15":"instock","16":"taxable","17":"shipping-taxable","18":"purchasable","19":"product-type-simple"},"_links":{"self":[{"href":"https:\/\/www.fleurop-home.ch\/de-ch\/wp-json\/wp\/v2\/product\/77201","targetHints":{"allow":["GET"]}}],"collection":[{"href":"https:\/\/www.fleurop-home.ch\/de-ch\/wp-json\/wp\/v2\/product"}],"about":[{"href":"https:\/\/www.fleurop-home.ch\/de-ch\/wp-json\/wp\/v2\/types\/product"}],"wp:featuredmedia":[{"embeddable":true,"href":"https:\/\/www.fleurop-home.ch\/de-ch\/wp-json\/wp\/v2\/media\/77200"}],"wp:attachment":[{"href":"https:\/\/www.fleurop-home.ch\/de-ch\/wp-json\/wp\/v2\/media?parent=77201"}],"wp:term":[{"taxonomy":"product_brand","embeddable":true,"href":"https:\/\/www.fleurop-home.ch\/de-ch\/wp-json\/wp\/v2\/product_brand?post=77201"},{"taxonomy":"product_cat","embeddable":true,"href":"https:\/\/www.fleurop-home.ch\/de-ch\/wp-json\/wp\/v2\/product_cat?post=77201"},{"taxonomy":"product_tag","embeddable":true,"href":"https:\/\/www.fleurop-home.ch\/de-ch\/wp-json\/wp\/v2\/product_tag?post=77201"},{"taxonomy":"woo-feed-brand","embeddable":true,"href":"https:\/\/www.fleurop-home.ch\/de-ch\/wp-json\/wp\/v2\/woo-feed-brand?post=77201"}],"curies":[{"name":"wp","href":"https:\/\/api.w.org\/{rel}","templated":true}]}}