{"id":77189,"date":"2026-04-09T14:34:07","date_gmt":"2026-04-09T12:34:07","guid":{"rendered":"https:\/\/www.fleurop-home.ch\/de-ch\/p\/stickerbook-wild-free-6-blatt"},"modified":"2026-04-16T13:25:33","modified_gmt":"2026-04-16T11:25:33","slug":"stickerbook-wild-free-6-blatt","status":"publish","type":"product","link":"https:\/\/www.fleurop-home.ch\/de-ch\/p\/stickerbook-wild-free-6-blatt","title":{"rendered":"Stickerbook Wild &#038; Free, 6 Blatt"},"content":{"rendered":"<p>Die zauberhaften Sticker zeichnen sich durch ihre Vielseitigkeit aus. Zum Set geh\u00f6ren 6 Bl\u00e4tter mit vielen verschiedenen Motiven. Die Sticker laden zum Verzieren und Basteln ein zum Beispiel zum versch\u00f6nern von Notizb\u00fcchern, Grusskarten oder Fotos. Ideal geeignet f\u00fcr Kinder.<\/p>\n","protected":false},"excerpt":{"rendered":"<p>Stickerbook, Wild &amp; Free, 6 Blatt<\/p>\n","protected":false},"featured_media":77188,"template":"","meta":[],"product_brand":[],"product_cat":[939,23,1195,1263,29,59],"product_tag":[324],"woo-feed-brand":[],"class_list":{"0":"post-77189","1":"product","2":"type-product","3":"status-publish","4":"has-post-thumbnail","6":"product_cat-kindergeschenke","7":"product_cat-home-living","8":"product_cat-dekogrundlagen","9":"product_cat-fleuropkids","10":"product_cat-do-it-yourself","11":"product_cat-kids","12":"product_tag-marein-ag","14":"first","15":"instock","16":"taxable","17":"shipping-taxable","18":"purchasable","19":"product-type-simple"},"_links":{"self":[{"href":"https:\/\/www.fleurop-home.ch\/de-ch\/wp-json\/wp\/v2\/product\/77189","targetHints":{"allow":["GET"]}}],"collection":[{"href":"https:\/\/www.fleurop-home.ch\/de-ch\/wp-json\/wp\/v2\/product"}],"about":[{"href":"https:\/\/www.fleurop-home.ch\/de-ch\/wp-json\/wp\/v2\/types\/product"}],"wp:featuredmedia":[{"embeddable":true,"href":"https:\/\/www.fleurop-home.ch\/de-ch\/wp-json\/wp\/v2\/media\/77188"}],"wp:attachment":[{"href":"https:\/\/www.fleurop-home.ch\/de-ch\/wp-json\/wp\/v2\/media?parent=77189"}],"wp:term":[{"taxonomy":"product_brand","embeddable":true,"href":"https:\/\/www.fleurop-home.ch\/de-ch\/wp-json\/wp\/v2\/product_brand?post=77189"},{"taxonomy":"product_cat","embeddable":true,"href":"https:\/\/www.fleurop-home.ch\/de-ch\/wp-json\/wp\/v2\/product_cat?post=77189"},{"taxonomy":"product_tag","embeddable":true,"href":"https:\/\/www.fleurop-home.ch\/de-ch\/wp-json\/wp\/v2\/product_tag?post=77189"},{"taxonomy":"woo-feed-brand","embeddable":true,"href":"https:\/\/www.fleurop-home.ch\/de-ch\/wp-json\/wp\/v2\/woo-feed-brand?post=77189"}],"curies":[{"name":"wp","href":"https:\/\/api.w.org\/{rel}","templated":true}]}}