{"id":77177,"date":"2026-04-09T14:33:46","date_gmt":"2026-04-09T12:33:46","guid":{"rendered":"https:\/\/www.fleurop-home.ch\/de-ch\/p\/sticker-baum-12-stk"},"modified":"2026-04-16T13:25:33","modified_gmt":"2026-04-16T11:25:33","slug":"sticker-baum-12-stk","status":"publish","type":"product","link":"https:\/\/www.fleurop-home.ch\/de-ch\/p\/sticker-baum-12-stk","title":{"rendered":"Sticker Baum, 12 Stk."},"content":{"rendered":"<p>Die zauberhaften Sticker aus Holz zeichnen sich durch ihre Vielseitigkeit aus. Die Sticker laden zum Verzieren und Basteln ein zum Beispiel zum versch\u00f6nern von Notizb\u00fcchern, Grusskarten oder Fotos. Ideal geeignet f\u00fcr Kinder.<\/p>\n<p>\u2022 5.0 cm<br \/>\n\u2022 12 St\u00fcck<\/p>\n","protected":false},"excerpt":{"rendered":"<p>Sticker, Holz, Baum, 5 cm, 12 S.<\/p>\n","protected":false},"featured_media":77176,"template":"","meta":[],"product_brand":[],"product_cat":[1195,23,1263,29,59,62],"product_tag":[324],"woo-feed-brand":[],"class_list":{"0":"post-77177","1":"product","2":"type-product","3":"status-publish","4":"has-post-thumbnail","6":"product_cat-dekogrundlagen","7":"product_cat-home-living","8":"product_cat-fleuropkids","9":"product_cat-do-it-yourself","10":"product_cat-kids","11":"product_cat-spielzeug","12":"product_tag-marein-ag","14":"first","15":"instock","16":"taxable","17":"shipping-taxable","18":"purchasable","19":"product-type-simple"},"_links":{"self":[{"href":"https:\/\/www.fleurop-home.ch\/de-ch\/wp-json\/wp\/v2\/product\/77177","targetHints":{"allow":["GET"]}}],"collection":[{"href":"https:\/\/www.fleurop-home.ch\/de-ch\/wp-json\/wp\/v2\/product"}],"about":[{"href":"https:\/\/www.fleurop-home.ch\/de-ch\/wp-json\/wp\/v2\/types\/product"}],"wp:featuredmedia":[{"embeddable":true,"href":"https:\/\/www.fleurop-home.ch\/de-ch\/wp-json\/wp\/v2\/media\/77176"}],"wp:attachment":[{"href":"https:\/\/www.fleurop-home.ch\/de-ch\/wp-json\/wp\/v2\/media?parent=77177"}],"wp:term":[{"taxonomy":"product_brand","embeddable":true,"href":"https:\/\/www.fleurop-home.ch\/de-ch\/wp-json\/wp\/v2\/product_brand?post=77177"},{"taxonomy":"product_cat","embeddable":true,"href":"https:\/\/www.fleurop-home.ch\/de-ch\/wp-json\/wp\/v2\/product_cat?post=77177"},{"taxonomy":"product_tag","embeddable":true,"href":"https:\/\/www.fleurop-home.ch\/de-ch\/wp-json\/wp\/v2\/product_tag?post=77177"},{"taxonomy":"woo-feed-brand","embeddable":true,"href":"https:\/\/www.fleurop-home.ch\/de-ch\/wp-json\/wp\/v2\/woo-feed-brand?post=77177"}],"curies":[{"name":"wp","href":"https:\/\/api.w.org\/{rel}","templated":true}]}}