{"id":77133,"date":"2026-04-09T14:32:18","date_gmt":"2026-04-09T12:32:18","guid":{"rendered":"https:\/\/www.fleurop-home.ch\/de-ch\/p\/quality-stempelkissen-64-x-99-mm-silber"},"modified":"2026-04-16T13:25:34","modified_gmt":"2026-04-16T11:25:34","slug":"quality-stempelkissen-silber","status":"publish","type":"product","link":"https:\/\/www.fleurop-home.ch\/de-ch\/p\/quality-stempelkissen-silber","title":{"rendered":"Quality Stempelkissen, silber"},"content":{"rendered":"<p>Mit der Hilfe des Stempelkissens kannst du deine Stempel m\u00fchelos mit Farbe benetzen und danach einzigartige Motive auf unterschiedliche Materialien \u00fcbertragen. Zum Schutz befindet sich das Farbkissen in einer Box mit Deckel, sodass die Farbe jederzeit vor dem Austrocknen gesch\u00fctzt ist. Quality Stempelkissen bieteten die bestm\u00f6glichste Qualit\u00e4t an Farbe &amp; Feuchtigkeit.<\/p>\n<p>Die Stempelkissen sind in vielen verschiedenen Farben erh\u00e4ltlich. Die Farbe haftet auf diversen Oberfl\u00e4chen wie Papier, Karton, Pappmach\u00e9 und Holz.<\/p>\n<p>\u2022 64 x 99 mm<br \/>\n\u2022 1 St\u00fcck<\/p>\n","protected":false},"excerpt":{"rendered":"<p>Stempelkissen Quality 64&#215;99 mm, silber<\/p>\n","protected":false},"featured_media":77132,"template":"","meta":[],"product_brand":[],"product_cat":[1195,23,1263,29],"product_tag":[324],"woo-feed-brand":[],"class_list":{"0":"post-77133","1":"product","2":"type-product","3":"status-publish","4":"has-post-thumbnail","6":"product_cat-dekogrundlagen","7":"product_cat-home-living","8":"product_cat-fleuropkids","9":"product_cat-do-it-yourself","10":"product_tag-marein-ag","12":"first","13":"instock","14":"taxable","15":"shipping-taxable","16":"purchasable","17":"product-type-simple"},"_links":{"self":[{"href":"https:\/\/www.fleurop-home.ch\/de-ch\/wp-json\/wp\/v2\/product\/77133","targetHints":{"allow":["GET"]}}],"collection":[{"href":"https:\/\/www.fleurop-home.ch\/de-ch\/wp-json\/wp\/v2\/product"}],"about":[{"href":"https:\/\/www.fleurop-home.ch\/de-ch\/wp-json\/wp\/v2\/types\/product"}],"wp:featuredmedia":[{"embeddable":true,"href":"https:\/\/www.fleurop-home.ch\/de-ch\/wp-json\/wp\/v2\/media\/77132"}],"wp:attachment":[{"href":"https:\/\/www.fleurop-home.ch\/de-ch\/wp-json\/wp\/v2\/media?parent=77133"}],"wp:term":[{"taxonomy":"product_brand","embeddable":true,"href":"https:\/\/www.fleurop-home.ch\/de-ch\/wp-json\/wp\/v2\/product_brand?post=77133"},{"taxonomy":"product_cat","embeddable":true,"href":"https:\/\/www.fleurop-home.ch\/de-ch\/wp-json\/wp\/v2\/product_cat?post=77133"},{"taxonomy":"product_tag","embeddable":true,"href":"https:\/\/www.fleurop-home.ch\/de-ch\/wp-json\/wp\/v2\/product_tag?post=77133"},{"taxonomy":"woo-feed-brand","embeddable":true,"href":"https:\/\/www.fleurop-home.ch\/de-ch\/wp-json\/wp\/v2\/woo-feed-brand?post=77133"}],"curies":[{"name":"wp","href":"https:\/\/api.w.org\/{rel}","templated":true}]}}