{"id":77124,"date":"2026-04-09T14:32:07","date_gmt":"2026-04-09T12:32:07","guid":{"rendered":"https:\/\/www.fleurop-home.ch\/de-ch\/p\/papiertueten-papiertaschen-mit-edlem-streifen-und-tupfenmuster-in-goldpraegung-als-geschenkverpackung-braun-gold-25-4-x-30-x-12-7-cm-4-stk"},"modified":"2026-04-13T16:59:20","modified_gmt":"2026-04-13T14:59:20","slug":"papiertaschen-streifen-und-tupfenmuster-in-goldpraegung","status":"publish","type":"product","link":"https:\/\/www.fleurop-home.ch\/de-ch\/p\/papiertaschen-streifen-und-tupfenmuster-in-goldpraegung","title":{"rendered":"Papiertaschen, Streifen- und Tupfenmuster in Goldpr\u00e4gung"},"content":{"rendered":"<p>Papiert\u00fcten, Papiertaschen mit edlem Streifen- und Tupfenmuster in Goldpr\u00e4gung als Geschenkverpackung, Braun &amp; Gold, 25.4 x 30 x 12.7 cm, 4 Stk.<\/p>\n<p>Die Papiert\u00fcten sind kleine Verwandlungsk\u00fcnstler, mit denen du fantasievoll und kreativ arbeiten kannst. Sie lassen sich bemalen und bekleben, falten und stempeln, deinem Einfallsreichtum sind keine Grenzen gesetzt. Ihre Farbe macht sie absolut neutral und zu einer idealen Leinwand f\u00fcr deine Ideen. Ob kunterbunt, dezent oder verspielt, deine selbst gemachte Geschenkverpackung wird dir bestimmt gelingen.<\/p>\n<p>\u2022 25.4 x 30 x 12.7 cm<br \/>\n\u2022 4 St\u00fcck, Streifen &amp; Punkte<\/p>\n","protected":false},"excerpt":{"rendered":"<p>Papiert\u00fcten, 25.4 x 30 x 12.7 cm, 4 St\u00fcck<\/p>\n","protected":false},"featured_media":77123,"template":"","meta":[],"product_brand":[],"product_cat":[1193,23,29],"product_tag":[324],"woo-feed-brand":[],"class_list":{"0":"post-77124","1":"product","2":"type-product","3":"status-publish","4":"has-post-thumbnail","6":"product_cat-baender-tueten","7":"product_cat-home-living","8":"product_cat-do-it-yourself","9":"product_tag-marein-ag","11":"first","12":"instock","13":"taxable","14":"shipping-taxable","15":"purchasable","16":"product-type-simple"},"_links":{"self":[{"href":"https:\/\/www.fleurop-home.ch\/de-ch\/wp-json\/wp\/v2\/product\/77124","targetHints":{"allow":["GET"]}}],"collection":[{"href":"https:\/\/www.fleurop-home.ch\/de-ch\/wp-json\/wp\/v2\/product"}],"about":[{"href":"https:\/\/www.fleurop-home.ch\/de-ch\/wp-json\/wp\/v2\/types\/product"}],"wp:featuredmedia":[{"embeddable":true,"href":"https:\/\/www.fleurop-home.ch\/de-ch\/wp-json\/wp\/v2\/media\/77123"}],"wp:attachment":[{"href":"https:\/\/www.fleurop-home.ch\/de-ch\/wp-json\/wp\/v2\/media?parent=77124"}],"wp:term":[{"taxonomy":"product_brand","embeddable":true,"href":"https:\/\/www.fleurop-home.ch\/de-ch\/wp-json\/wp\/v2\/product_brand?post=77124"},{"taxonomy":"product_cat","embeddable":true,"href":"https:\/\/www.fleurop-home.ch\/de-ch\/wp-json\/wp\/v2\/product_cat?post=77124"},{"taxonomy":"product_tag","embeddable":true,"href":"https:\/\/www.fleurop-home.ch\/de-ch\/wp-json\/wp\/v2\/product_tag?post=77124"},{"taxonomy":"woo-feed-brand","embeddable":true,"href":"https:\/\/www.fleurop-home.ch\/de-ch\/wp-json\/wp\/v2\/woo-feed-brand?post=77124"}],"curies":[{"name":"wp","href":"https:\/\/api.w.org\/{rel}","templated":true}]}}