{"id":77118,"date":"2026-04-09T14:32:00","date_gmt":"2026-04-09T12:32:00","guid":{"rendered":"https:\/\/www.fleurop-home.ch\/de-ch\/p\/papierboxen-19-5-x-10-x-6-3-cm-4-stk"},"modified":"2026-04-13T17:00:18","modified_gmt":"2026-04-13T15:00:18","slug":"papierboxen-19-5-x-10-x-6-3-cm-4-stk","status":"publish","type":"product","link":"https:\/\/www.fleurop-home.ch\/de-ch\/p\/papierboxen-19-5-x-10-x-6-3-cm-4-stk","title":{"rendered":"Papierboxen 19.5 x 10 x 6.3 cm, 4 Stk."},"content":{"rendered":"<p>Die Papierboxen sind kleine Verwandlungsk\u00fcnstler, mit denen du fantasievoll und kreativ arbeiten kannst. Sie lassen sich bemalen, bekleben oder bestempeln, deinem Einfallsreichtum sind keine Grenzen gesetzt. Ihre Farbe macht sie absolut neutral und zu einer idealen Leinwand f\u00fcr deine Ideen. Ob kunterbunt, dezent oder verspielt, deine selbst gemachte Geschenkverpackung wird dir bestimmt gelingen. Alle Boxen sind lebensmittelzertifiziert. Es empfiehlt sich bei fettiger Backware zus\u00e4tzlich die Boxen mit Backpapier oder \u00e4hnlichem zu sch\u00fctzen.<\/p>\n<p>\u2022 19.5 x 10 x 6.3 cm<br \/>\n\u2022 4 St\u00fcck, inkl. Sichtfenster<\/p>\n","protected":false},"excerpt":{"rendered":"<p>Papierboxen,19.5x10x6.3 cm, braun.,4 Stk.<\/p>\n","protected":false},"featured_media":77117,"template":"","meta":[],"product_brand":[],"product_cat":[1193,23,29],"product_tag":[324],"woo-feed-brand":[],"class_list":{"0":"post-77118","1":"product","2":"type-product","3":"status-publish","4":"has-post-thumbnail","6":"product_cat-baender-tueten","7":"product_cat-home-living","8":"product_cat-do-it-yourself","9":"product_tag-marein-ag","11":"first","12":"instock","13":"taxable","14":"shipping-taxable","15":"purchasable","16":"product-type-simple"},"_links":{"self":[{"href":"https:\/\/www.fleurop-home.ch\/de-ch\/wp-json\/wp\/v2\/product\/77118","targetHints":{"allow":["GET"]}}],"collection":[{"href":"https:\/\/www.fleurop-home.ch\/de-ch\/wp-json\/wp\/v2\/product"}],"about":[{"href":"https:\/\/www.fleurop-home.ch\/de-ch\/wp-json\/wp\/v2\/types\/product"}],"wp:featuredmedia":[{"embeddable":true,"href":"https:\/\/www.fleurop-home.ch\/de-ch\/wp-json\/wp\/v2\/media\/77117"}],"wp:attachment":[{"href":"https:\/\/www.fleurop-home.ch\/de-ch\/wp-json\/wp\/v2\/media?parent=77118"}],"wp:term":[{"taxonomy":"product_brand","embeddable":true,"href":"https:\/\/www.fleurop-home.ch\/de-ch\/wp-json\/wp\/v2\/product_brand?post=77118"},{"taxonomy":"product_cat","embeddable":true,"href":"https:\/\/www.fleurop-home.ch\/de-ch\/wp-json\/wp\/v2\/product_cat?post=77118"},{"taxonomy":"product_tag","embeddable":true,"href":"https:\/\/www.fleurop-home.ch\/de-ch\/wp-json\/wp\/v2\/product_tag?post=77118"},{"taxonomy":"woo-feed-brand","embeddable":true,"href":"https:\/\/www.fleurop-home.ch\/de-ch\/wp-json\/wp\/v2\/woo-feed-brand?post=77118"}],"curies":[{"name":"wp","href":"https:\/\/api.w.org\/{rel}","templated":true}]}}