{"id":77114,"date":"2026-04-09T14:31:58","date_gmt":"2026-04-09T12:31:58","guid":{"rendered":"https:\/\/www.fleurop-home.ch\/de-ch\/p\/papierbeutel-papiertueten-uni-mit-huebscher-verschlusskappe-als-geschenkverpackung-zum-selbst-dekorieren-braun-13-5-x-8-7-cm-6-stk"},"modified":"2026-04-13T16:44:47","modified_gmt":"2026-04-13T14:44:47","slug":"papiertueten-uni","status":"publish","type":"product","link":"https:\/\/www.fleurop-home.ch\/de-ch\/p\/papiertueten-uni","title":{"rendered":"Papiert\u00fcten uni"},"content":{"rendered":"<p>Papierbeutel, Papiert\u00fcten uni mit h\u00fcbscher Verschlusskappe als Geschenkverpackung zum selbst dekorieren, weiss, 13.5 x 8.7 cm, 6 Stk.<\/p>\n<p>Die Papierbeutel sind kleine Verwandlungsk\u00fcnstler, mit denen du fantasievoll und kreativ arbeiten kannst. Sie lassen sich bekleben, mit Hang Tags verzieren und bestempeln, deinem Einfallsreichtum sind keine Grenzen gesetzt. Ihre Farbe macht sie absolut neutral und zu einer idealen Leinwand f\u00fcr deine Ideen. Ob kunterbunt, dezent oder verspielt, deine selbst gemachte Geschenkverpackung wird dir bestimmt gelingen. Es empfiehlt sich bei fettiger Backware zus\u00e4tzlich die Beutel mit Backpapier oder \u00e4hnlichem zu sch\u00fctzen.<\/p>\n<p>\u2022 13.5 x 8.7 cm<br \/>\n\u2022 6 St\u00fcck<\/p>\n","protected":false},"excerpt":{"rendered":"<p>Papiert\u00fcten, weiss, 6 St\u00fcck<\/p>\n","protected":false},"featured_media":77113,"template":"","meta":[],"product_brand":[],"product_cat":[1193,23,29],"product_tag":[324],"woo-feed-brand":[],"class_list":{"0":"post-77114","1":"product","2":"type-product","3":"status-publish","4":"has-post-thumbnail","6":"product_cat-baender-tueten","7":"product_cat-home-living","8":"product_cat-do-it-yourself","9":"product_tag-marein-ag","11":"first","12":"instock","13":"taxable","14":"shipping-taxable","15":"purchasable","16":"product-type-simple"},"_links":{"self":[{"href":"https:\/\/www.fleurop-home.ch\/de-ch\/wp-json\/wp\/v2\/product\/77114","targetHints":{"allow":["GET"]}}],"collection":[{"href":"https:\/\/www.fleurop-home.ch\/de-ch\/wp-json\/wp\/v2\/product"}],"about":[{"href":"https:\/\/www.fleurop-home.ch\/de-ch\/wp-json\/wp\/v2\/types\/product"}],"wp:featuredmedia":[{"embeddable":true,"href":"https:\/\/www.fleurop-home.ch\/de-ch\/wp-json\/wp\/v2\/media\/77113"}],"wp:attachment":[{"href":"https:\/\/www.fleurop-home.ch\/de-ch\/wp-json\/wp\/v2\/media?parent=77114"}],"wp:term":[{"taxonomy":"product_brand","embeddable":true,"href":"https:\/\/www.fleurop-home.ch\/de-ch\/wp-json\/wp\/v2\/product_brand?post=77114"},{"taxonomy":"product_cat","embeddable":true,"href":"https:\/\/www.fleurop-home.ch\/de-ch\/wp-json\/wp\/v2\/product_cat?post=77114"},{"taxonomy":"product_tag","embeddable":true,"href":"https:\/\/www.fleurop-home.ch\/de-ch\/wp-json\/wp\/v2\/product_tag?post=77114"},{"taxonomy":"woo-feed-brand","embeddable":true,"href":"https:\/\/www.fleurop-home.ch\/de-ch\/wp-json\/wp\/v2\/woo-feed-brand?post=77114"}],"curies":[{"name":"wp","href":"https:\/\/api.w.org\/{rel}","templated":true}]}}