{"id":77084,"date":"2026-04-09T14:31:02","date_gmt":"2026-04-09T12:31:02","guid":{"rendered":"https:\/\/www.fleurop-home.ch\/de-ch\/p\/notebook-a5-notizheft-mit-karierten-blaettern-in-schlichtem-floral-gemusterten-design-mit-etikett-bunt-80-g-148-x-210-mm-60-blatt"},"modified":"2026-04-16T13:25:34","modified_gmt":"2026-04-16T11:25:34","slug":"notizheft-a5-floral","status":"publish","type":"product","link":"https:\/\/www.fleurop-home.ch\/de-ch\/p\/notizheft-a5-floral","title":{"rendered":"Notizheft A5 floral"},"content":{"rendered":"<p>Das schlichte edle Notizheft mit blumigem Design in zarten T\u00f6nen eignet sich wunderbar f\u00fcr Adressen, To-do-Listen, Rezepte, Notizen in Meetings oder als Skizzenheft f\u00fcr unterwegs. Das Heft im A5 Format hat jeweils 60 karierte Seiten. Das Etikett auf der Vorderseite kann zudem beschriftet werden.<\/p>\n<p>\u2022 148 \u00d7 210 mm (A5)<br \/>\n\u2022 60 Blatt, kariert<br \/>\n\u2022 80 g Papier<\/p>\n","protected":false},"excerpt":{"rendered":"<p>Notebook, gr\u00fcn, A5, 60 Blatt<\/p>\n","protected":false},"featured_media":77083,"template":"","meta":[],"product_brand":[],"product_cat":[939,1263,59],"product_tag":[324],"woo-feed-brand":[],"class_list":{"0":"post-77084","1":"product","2":"type-product","3":"status-publish","4":"has-post-thumbnail","6":"product_cat-kindergeschenke","7":"product_cat-fleuropkids","8":"product_cat-kids","9":"product_tag-marein-ag","11":"first","12":"instock","13":"taxable","14":"shipping-taxable","15":"purchasable","16":"product-type-simple"},"_links":{"self":[{"href":"https:\/\/www.fleurop-home.ch\/de-ch\/wp-json\/wp\/v2\/product\/77084","targetHints":{"allow":["GET"]}}],"collection":[{"href":"https:\/\/www.fleurop-home.ch\/de-ch\/wp-json\/wp\/v2\/product"}],"about":[{"href":"https:\/\/www.fleurop-home.ch\/de-ch\/wp-json\/wp\/v2\/types\/product"}],"wp:featuredmedia":[{"embeddable":true,"href":"https:\/\/www.fleurop-home.ch\/de-ch\/wp-json\/wp\/v2\/media\/77083"}],"wp:attachment":[{"href":"https:\/\/www.fleurop-home.ch\/de-ch\/wp-json\/wp\/v2\/media?parent=77084"}],"wp:term":[{"taxonomy":"product_brand","embeddable":true,"href":"https:\/\/www.fleurop-home.ch\/de-ch\/wp-json\/wp\/v2\/product_brand?post=77084"},{"taxonomy":"product_cat","embeddable":true,"href":"https:\/\/www.fleurop-home.ch\/de-ch\/wp-json\/wp\/v2\/product_cat?post=77084"},{"taxonomy":"product_tag","embeddable":true,"href":"https:\/\/www.fleurop-home.ch\/de-ch\/wp-json\/wp\/v2\/product_tag?post=77084"},{"taxonomy":"woo-feed-brand","embeddable":true,"href":"https:\/\/www.fleurop-home.ch\/de-ch\/wp-json\/wp\/v2\/woo-feed-brand?post=77084"}],"curies":[{"name":"wp","href":"https:\/\/api.w.org\/{rel}","templated":true}]}}