{"id":77074,"date":"2026-04-09T14:30:39","date_gmt":"2026-04-09T12:30:39","guid":{"rendered":"https:\/\/www.fleurop-home.ch\/de-ch\/p\/mini-pinienzapfen-4-stueck"},"modified":"2026-04-09T16:27:11","modified_gmt":"2026-04-09T14:27:11","slug":"mini-pinienzapfen-4-stueck","status":"publish","type":"product","link":"https:\/\/www.fleurop-home.ch\/de-ch\/p\/mini-pinienzapfen-4-stueck","title":{"rendered":"Mini Pinienzapfen, 4 St\u00fcck"},"content":{"rendered":"<p>Diese naturbelassenen Mini-Pinienzapfen bringen den Charme der Natur direkt in dein Zuhause. Ideal f\u00fcr herbstliche und weihnachtliche Dekorationen, lassen sich die echten Pinienzapfen vielseitig einsetzen \u2013 ob f\u00fcr Kr\u00e4nze, Tischdekorationen oder Girlanden. Mit ihrer nat\u00fcrlichen Farbe und Struktur sind sie die perfekte Wahl f\u00fcr alle, die eine authentische, rustikale Note in ihre Deko bringen m\u00f6chten.<\/p>\n<p>\u2022 Inhalt: 4 St\u00fcck | Gr\u00f6sse: ca. \u00f8 35 x 40 mm<br \/>\n\u2022 Farbe: Braun | Material: Pinie<br \/>\n\u2022 Echte Pinienzapfen<br \/>\n\u2022 Unbehandelt und naturbelassen<br \/>\n\u2022 Perfekt f\u00fcr herbstliche und weihnachtliche \u00a0Dekorationen wie Kr\u00e4nze, Tischdeko, Girlanden, uvm.<\/p>\n","protected":false},"excerpt":{"rendered":"<p>Tannenzapfen, 4 Stk.<\/p>\n","protected":false},"featured_media":77073,"template":"","meta":[],"product_brand":[],"product_cat":[1196,23,29],"product_tag":[324],"woo-feed-brand":[],"class_list":{"0":"post-77074","1":"product","2":"type-product","3":"status-publish","4":"has-post-thumbnail","6":"product_cat-natur-deko","7":"product_cat-home-living","8":"product_cat-do-it-yourself","9":"product_tag-marein-ag","11":"first","12":"instock","13":"taxable","14":"shipping-taxable","15":"purchasable","16":"product-type-simple"},"_links":{"self":[{"href":"https:\/\/www.fleurop-home.ch\/de-ch\/wp-json\/wp\/v2\/product\/77074","targetHints":{"allow":["GET"]}}],"collection":[{"href":"https:\/\/www.fleurop-home.ch\/de-ch\/wp-json\/wp\/v2\/product"}],"about":[{"href":"https:\/\/www.fleurop-home.ch\/de-ch\/wp-json\/wp\/v2\/types\/product"}],"wp:featuredmedia":[{"embeddable":true,"href":"https:\/\/www.fleurop-home.ch\/de-ch\/wp-json\/wp\/v2\/media\/77073"}],"wp:attachment":[{"href":"https:\/\/www.fleurop-home.ch\/de-ch\/wp-json\/wp\/v2\/media?parent=77074"}],"wp:term":[{"taxonomy":"product_brand","embeddable":true,"href":"https:\/\/www.fleurop-home.ch\/de-ch\/wp-json\/wp\/v2\/product_brand?post=77074"},{"taxonomy":"product_cat","embeddable":true,"href":"https:\/\/www.fleurop-home.ch\/de-ch\/wp-json\/wp\/v2\/product_cat?post=77074"},{"taxonomy":"product_tag","embeddable":true,"href":"https:\/\/www.fleurop-home.ch\/de-ch\/wp-json\/wp\/v2\/product_tag?post=77074"},{"taxonomy":"woo-feed-brand","embeddable":true,"href":"https:\/\/www.fleurop-home.ch\/de-ch\/wp-json\/wp\/v2\/woo-feed-brand?post=77074"}],"curies":[{"name":"wp","href":"https:\/\/api.w.org\/{rel}","templated":true}]}}