{"id":77055,"date":"2026-04-09T14:30:10","date_gmt":"2026-04-09T12:30:10","guid":{"rendered":"https:\/\/www.fleurop-home.ch\/de-ch\/p\/matt-rosa-blechtopf-mit-spitzenverzierung-und-haken-d11-x-h22-cm"},"modified":"2026-04-15T13:28:09","modified_gmt":"2026-04-15T11:28:09","slug":"blumentopf-rosa-mit-buegelhalter-d11-x-h22-cm","status":"publish","type":"product","link":"https:\/\/www.fleurop-home.ch\/de-ch\/p\/blumentopf-rosa-mit-buegelhalter-d11-x-h22-cm","title":{"rendered":"Blumentopf rosa mit B\u00fcgelhalter, D11 x H22 cm"},"content":{"rendered":"<p>Matt-rosa Blechtopf mit Spitzenverzierung und Haken, D11 x H22 cm<\/p>\n<p>Mit dem H\u00e4ngetopf kannst du deine Pflanzen stilvoll pr\u00e4sentieren! Egal ob Orchidee, Kaktus oder deine pers\u00f6nliche Lieblingspflanze \u2013 der schlichte Look eignet sich f\u00fcr fast alle Arten und ist zudem noch zeitlos.<\/p>\n<p>Der Topf hat eine Abmessung von 22 cm und kommt ohne Loch in der Mitte.<\/p>\n<p>\u2022 22 cm<br \/>\n\u2022 1 St\u00fcck<\/p>\n","protected":false},"excerpt":{"rendered":"<p>H\u00e4ngetopf m. Spitzen, rosa, 22cm<\/p>\n","protected":false},"featured_media":77054,"template":"","meta":[],"product_brand":[],"product_cat":[1198,23,27,34,40],"product_tag":[324],"woo-feed-brand":[],"class_list":{"0":"post-77055","1":"product","2":"type-product","3":"status-publish","4":"has-post-thumbnail","6":"product_cat-toepfe","7":"product_cat-home-living","8":"product_cat-vasen-gefaesse","9":"product_cat-garten-balkon","10":"product_cat-uebertoepfe","11":"product_tag-marein-ag","13":"first","14":"instock","15":"taxable","16":"shipping-taxable","17":"purchasable","18":"product-type-simple"},"_links":{"self":[{"href":"https:\/\/www.fleurop-home.ch\/de-ch\/wp-json\/wp\/v2\/product\/77055","targetHints":{"allow":["GET"]}}],"collection":[{"href":"https:\/\/www.fleurop-home.ch\/de-ch\/wp-json\/wp\/v2\/product"}],"about":[{"href":"https:\/\/www.fleurop-home.ch\/de-ch\/wp-json\/wp\/v2\/types\/product"}],"wp:featuredmedia":[{"embeddable":true,"href":"https:\/\/www.fleurop-home.ch\/de-ch\/wp-json\/wp\/v2\/media\/77054"}],"wp:attachment":[{"href":"https:\/\/www.fleurop-home.ch\/de-ch\/wp-json\/wp\/v2\/media?parent=77055"}],"wp:term":[{"taxonomy":"product_brand","embeddable":true,"href":"https:\/\/www.fleurop-home.ch\/de-ch\/wp-json\/wp\/v2\/product_brand?post=77055"},{"taxonomy":"product_cat","embeddable":true,"href":"https:\/\/www.fleurop-home.ch\/de-ch\/wp-json\/wp\/v2\/product_cat?post=77055"},{"taxonomy":"product_tag","embeddable":true,"href":"https:\/\/www.fleurop-home.ch\/de-ch\/wp-json\/wp\/v2\/product_tag?post=77055"},{"taxonomy":"woo-feed-brand","embeddable":true,"href":"https:\/\/www.fleurop-home.ch\/de-ch\/wp-json\/wp\/v2\/woo-feed-brand?post=77055"}],"curies":[{"name":"wp","href":"https:\/\/api.w.org\/{rel}","templated":true}]}}