{"id":77051,"date":"2026-04-09T14:30:04","date_gmt":"2026-04-09T12:30:04","guid":{"rendered":"https:\/\/www.fleurop-home.ch\/de-ch\/p\/matt-rosa-blumentopf-aus-metall-mit-buegelhalter-und-spitzenverzierung-o-14-x-23-5-cm"},"modified":"2026-04-15T13:25:12","modified_gmt":"2026-04-15T11:25:12","slug":"blumentopf-rosa-mit-buegelhalter-o-14-x-23-5-cm","status":"publish","type":"product","link":"https:\/\/www.fleurop-home.ch\/de-ch\/p\/blumentopf-rosa-mit-buegelhalter-o-14-x-23-5-cm","title":{"rendered":"Blumentopf rosa mit B\u00fcgelhalter, \u00d8 14 x 23.5 cm"},"content":{"rendered":"<p>Matt Rosa Blumentopf aus Metall mit B\u00fcgelhalter und Spitzenverzierung, \u00d8 14 x 23.5 cm<\/p>\n<p>Mit dem H\u00e4ngetopf kannst du deine Pflanzen stilvoll pr\u00e4sentieren! Egal ob Orchidee, Kaktus oder deine pers\u00f6nliche Lieblingspflanze \u2013 der schlichte Look eignet sich f\u00fcr fast alle Arten und ist zudem noch zeitlos.<\/p>\n<p>\u2022 Langlebiger Balkontopf mit B\u00fcgelhaken und h\u00fcbschem Spitzenrand<br \/>\n\u2022 Mit praktischem B\u00fcgelhenkel zum Aufh\u00e4ngen an Balkon, Fenstern, Gel\u00e4ndern oder Zaun<br \/>\n\u2022 Ideal f\u00fcr Blumen, Pflanzen und Kr\u00e4uter<br \/>\n\u2022 Aus leichtem und best\u00e4ndigem Aluminium<br \/>\n\u2022 Frostbest\u00e4ndig und rostfrei<br \/>\n\u2022 \u00d8 14 x 23.5 cm<\/p>\n","protected":false},"excerpt":{"rendered":"<p>H\u00e4ngetopf m. Spitzen, rosa<\/p>\n","protected":false},"featured_media":77050,"template":"","meta":[],"product_brand":[],"product_cat":[1198,23,27,34,40],"product_tag":[324],"woo-feed-brand":[],"class_list":{"0":"post-77051","1":"product","2":"type-product","3":"status-publish","4":"has-post-thumbnail","6":"product_cat-toepfe","7":"product_cat-home-living","8":"product_cat-vasen-gefaesse","9":"product_cat-garten-balkon","10":"product_cat-uebertoepfe","11":"product_tag-marein-ag","13":"first","14":"instock","15":"taxable","16":"shipping-taxable","17":"purchasable","18":"product-type-simple"},"_links":{"self":[{"href":"https:\/\/www.fleurop-home.ch\/de-ch\/wp-json\/wp\/v2\/product\/77051","targetHints":{"allow":["GET"]}}],"collection":[{"href":"https:\/\/www.fleurop-home.ch\/de-ch\/wp-json\/wp\/v2\/product"}],"about":[{"href":"https:\/\/www.fleurop-home.ch\/de-ch\/wp-json\/wp\/v2\/types\/product"}],"wp:featuredmedia":[{"embeddable":true,"href":"https:\/\/www.fleurop-home.ch\/de-ch\/wp-json\/wp\/v2\/media\/77050"}],"wp:attachment":[{"href":"https:\/\/www.fleurop-home.ch\/de-ch\/wp-json\/wp\/v2\/media?parent=77051"}],"wp:term":[{"taxonomy":"product_brand","embeddable":true,"href":"https:\/\/www.fleurop-home.ch\/de-ch\/wp-json\/wp\/v2\/product_brand?post=77051"},{"taxonomy":"product_cat","embeddable":true,"href":"https:\/\/www.fleurop-home.ch\/de-ch\/wp-json\/wp\/v2\/product_cat?post=77051"},{"taxonomy":"product_tag","embeddable":true,"href":"https:\/\/www.fleurop-home.ch\/de-ch\/wp-json\/wp\/v2\/product_tag?post=77051"},{"taxonomy":"woo-feed-brand","embeddable":true,"href":"https:\/\/www.fleurop-home.ch\/de-ch\/wp-json\/wp\/v2\/woo-feed-brand?post=77051"}],"curies":[{"name":"wp","href":"https:\/\/api.w.org\/{rel}","templated":true}]}}