{"id":77045,"date":"2026-04-09T14:29:47","date_gmt":"2026-04-09T12:29:47","guid":{"rendered":"https:\/\/www.fleurop-home.ch\/de-ch\/p\/magische-lcd-schreibtafel-mit-zauberstift-inkl-batterie-22x14-5cm"},"modified":"2026-04-15T13:53:07","modified_gmt":"2026-04-15T11:53:07","slug":"magische-lcd-schreibtafel-mit-zauberstift","status":"publish","type":"product","link":"https:\/\/www.fleurop-home.ch\/de-ch\/p\/magische-lcd-schreibtafel-mit-zauberstift","title":{"rendered":"Magische LCD Schreibtafel mit Zauberstift"},"content":{"rendered":"<p>Magische LCD Schreibtafel mit Zauberstift (inkl. Batterie), 22\u00d714.5cm<\/p>\n<p>Mit dieser coolen LCD Schreibtafel kann Dein Kind seiner Kreativit\u00e4t freien Lauf lassen. Schnappe Dir einfach den Zauberstift und schon kannst Du malen, schreiben oder auch einfach nur drauflos kritzeln. M\u00f6chtest Du Dein Kunstwerk l\u00f6schen, so kannst Du einfach den grossen M\u00fclleimer Knopf dr\u00fccken und schon ist das Zeichenbrett wieder schwarz. Die wiederverwendbare Maltafel ist eine besonders tolle Geschenkidee f\u00fcr den n\u00e4chsten Kinder Geburtstag oder auch zu Weihnachten.<\/p>\n<p>HINWEIS: Die Tafel wird mit einer CR2025 Batterie betrieben, welche bereits im Zeichenbrett integriert ist.<\/p>\n<p>L\u00e4ssige Zeichentafel mit Zauberstift:<\/p>\n<p>\u2022 F\u00f6rdert die Kreativit\u00e4t der Kinder<br \/>\n\u2022 Zum Schreiben, Zeichnen und Kritzeln<br \/>\n\u2022 Ideal f\u00fcr das Lernen oder Spielen<br \/>\n\u2022 Inklusive praktischem Zauberstift<br \/>\n\u2022 Tolle Geschenkidee f\u00fcr Geburtstage<br \/>\n\u2022 Farbe: Schwarz\/Blau<br \/>\n\u2022 Material: Kunststoff<br \/>\n\u2022 Gr\u00f6sse Tafel: 22 x 14.5 cm<br \/>\n\u2022 Gr\u00f6sse Bildschirm: ca. 17 x 12.5 cm<br \/>\n\u2022 Gr\u00f6sse Stift: ca.12 x 1 cm<br \/>\n\u2022 Gewicht: ca. 92 g<\/p>\n","protected":false},"excerpt":{"rendered":"<p>(22&#215;14.5cm) Magische LCD Schreibtafel Wiederverwendbares Zeichenbrett mit Zauberstift (inkl. Batterie)<\/p>\n","protected":false},"featured_media":77044,"template":"","meta":[],"product_brand":[],"product_cat":[62,23,59,939],"product_tag":[324],"woo-feed-brand":[],"class_list":{"0":"post-77045","1":"product","2":"type-product","3":"status-publish","4":"has-post-thumbnail","6":"product_cat-spielzeug","7":"product_cat-home-living","8":"product_cat-kids","9":"product_cat-kindergeschenke","10":"product_tag-marein-ag","12":"first","13":"instock","14":"taxable","15":"shipping-taxable","16":"purchasable","17":"product-type-simple"},"_links":{"self":[{"href":"https:\/\/www.fleurop-home.ch\/de-ch\/wp-json\/wp\/v2\/product\/77045","targetHints":{"allow":["GET"]}}],"collection":[{"href":"https:\/\/www.fleurop-home.ch\/de-ch\/wp-json\/wp\/v2\/product"}],"about":[{"href":"https:\/\/www.fleurop-home.ch\/de-ch\/wp-json\/wp\/v2\/types\/product"}],"wp:featuredmedia":[{"embeddable":true,"href":"https:\/\/www.fleurop-home.ch\/de-ch\/wp-json\/wp\/v2\/media\/77044"}],"wp:attachment":[{"href":"https:\/\/www.fleurop-home.ch\/de-ch\/wp-json\/wp\/v2\/media?parent=77045"}],"wp:term":[{"taxonomy":"product_brand","embeddable":true,"href":"https:\/\/www.fleurop-home.ch\/de-ch\/wp-json\/wp\/v2\/product_brand?post=77045"},{"taxonomy":"product_cat","embeddable":true,"href":"https:\/\/www.fleurop-home.ch\/de-ch\/wp-json\/wp\/v2\/product_cat?post=77045"},{"taxonomy":"product_tag","embeddable":true,"href":"https:\/\/www.fleurop-home.ch\/de-ch\/wp-json\/wp\/v2\/product_tag?post=77045"},{"taxonomy":"woo-feed-brand","embeddable":true,"href":"https:\/\/www.fleurop-home.ch\/de-ch\/wp-json\/wp\/v2\/woo-feed-brand?post=77045"}],"curies":[{"name":"wp","href":"https:\/\/api.w.org\/{rel}","templated":true}]}}