{"id":77030,"date":"2026-04-09T14:29:22","date_gmt":"2026-04-09T12:29:22","guid":{"rendered":"https:\/\/www.fleurop-home.ch\/de-ch\/p\/laetzchen-mit-langen-aermeln-tiere-2-stueck-wasserabweisend"},"modified":"2026-04-10T08:16:11","modified_gmt":"2026-04-10T06:16:11","slug":"laetzchen-set-mit-langen-aermeln-tiere","status":"publish","type":"product","link":"https:\/\/www.fleurop-home.ch\/de-ch\/p\/laetzchen-set-mit-langen-aermeln-tiere","title":{"rendered":"L\u00e4tzchen Set mit langen \u00c4rmeln, Tiere"},"content":{"rendered":"<p>Das L\u00e4tzchen Set mit Tiermotiv enth\u00e4lt 2 L\u00e4tzchen mit langen \u00c4rmeln und eignet sich f\u00fcr Babys ab 6 Monaten. Es sch\u00fctzt Kleidung zuverl\u00e4ssig beim Essen, Basteln oder Malen.<\/p>\n<p>Durch die langen \u00c4rmel werden Brust, Bauch und Arme abgedeckt. Das wasserabweisende Material hilft, Flecken durch Brei, Farbe oder Fl\u00fcssigkeiten zu reduzieren.<\/p>\n<p>Der Bindeverschluss erm\u00f6glicht ein einfaches An- und Ausziehen. Die L\u00e4tzchen sind bei 40 \u00b0C maschinenwaschbar und schnell wieder einsatzbereit.<\/p>\n<p>Ideal als Baby L\u00e4tzchen mit \u00c4rmeln, Essl\u00e4tzchen f\u00fcr den Brei Start oder Malsch\u00fcrze f\u00fcr Kleinkinder.<\/p>\n<ul>\n<li>2 L\u00e4tzchen im Set<\/li>\n<li>Mit langen \u00c4rmeln<\/li>\n<li>Wasserabweisendes Material<\/li>\n<li>Mit Bindeverschluss<\/li>\n<li>Waschbar bei 40 \u00b0C<\/li>\n<li>Geeignet ab 6 Monaten<\/li>\n<\/ul>\n","protected":false},"excerpt":{"rendered":"<p>L\u00e4tzchen mit langen \u00c4rmeln, Tiere, 2 St\u00fcck, wasserabweisend<\/p>\n","protected":false},"featured_media":77029,"template":"","meta":[],"product_brand":[],"product_cat":[60,59],"product_tag":[324],"woo-feed-brand":[],"class_list":{"0":"post-77030","1":"product","2":"type-product","3":"status-publish","4":"has-post-thumbnail","6":"product_cat-kindertextilien","7":"product_cat-kids","8":"product_tag-marein-ag","10":"first","11":"instock","12":"taxable","13":"shipping-taxable","14":"purchasable","15":"product-type-simple"},"_links":{"self":[{"href":"https:\/\/www.fleurop-home.ch\/de-ch\/wp-json\/wp\/v2\/product\/77030","targetHints":{"allow":["GET"]}}],"collection":[{"href":"https:\/\/www.fleurop-home.ch\/de-ch\/wp-json\/wp\/v2\/product"}],"about":[{"href":"https:\/\/www.fleurop-home.ch\/de-ch\/wp-json\/wp\/v2\/types\/product"}],"wp:featuredmedia":[{"embeddable":true,"href":"https:\/\/www.fleurop-home.ch\/de-ch\/wp-json\/wp\/v2\/media\/77029"}],"wp:attachment":[{"href":"https:\/\/www.fleurop-home.ch\/de-ch\/wp-json\/wp\/v2\/media?parent=77030"}],"wp:term":[{"taxonomy":"product_brand","embeddable":true,"href":"https:\/\/www.fleurop-home.ch\/de-ch\/wp-json\/wp\/v2\/product_brand?post=77030"},{"taxonomy":"product_cat","embeddable":true,"href":"https:\/\/www.fleurop-home.ch\/de-ch\/wp-json\/wp\/v2\/product_cat?post=77030"},{"taxonomy":"product_tag","embeddable":true,"href":"https:\/\/www.fleurop-home.ch\/de-ch\/wp-json\/wp\/v2\/product_tag?post=77030"},{"taxonomy":"woo-feed-brand","embeddable":true,"href":"https:\/\/www.fleurop-home.ch\/de-ch\/wp-json\/wp\/v2\/woo-feed-brand?post=77030"}],"curies":[{"name":"wp","href":"https:\/\/api.w.org\/{rel}","templated":true}]}}