{"id":77028,"date":"2026-04-09T14:29:20","date_gmt":"2026-04-09T12:29:20","guid":{"rendered":"https:\/\/www.fleurop-home.ch\/de-ch\/p\/korksticker-abc-buchstaben-aufkleber-aus-kork-mit-dem-ganzen-alphabet-braun-2-x-2-cm-80-stk"},"modified":"2026-04-16T13:25:35","modified_gmt":"2026-04-16T11:25:35","slug":"korksticker-alphabet","status":"publish","type":"product","link":"https:\/\/www.fleurop-home.ch\/de-ch\/p\/korksticker-alphabet","title":{"rendered":"Korksticker Alphabet"},"content":{"rendered":"<p>Korksticker ABC, Buchstaben Aufkleber aus Kork mit dem ganzen Alphabet, Braun, 2 x 2 cm, 80 Stk.<\/p>\n<p>Kork ist ein wunderbares Material f\u00fcr allerlei Bastel- und Kreativarbeiten. Es l\u00e4sst sich bemalen, beschriften, mit kleinen Nadeln als Pinwand nutzen und f\u00fcr allerlei Dekorationen einsetzen. Mit seiner warmen angenehmen Haptik verleiht es den Gegenst\u00e4nden ein angenehmes behagliches Aussehen. Kork ist wasserabweisend und verf\u00fcgt \u00fcber ein geringes Gewicht.<br \/>\nDurch die abziehbare Folie lassen sich die Korksticker auf allerlei glatten Oberfl\u00e4chen befestigen und dekorativ einsetzen wie auf; Schulb\u00fcchern, Heften, Ordnern, Platten, Stifthalter usw.<\/p>\n","protected":false},"excerpt":{"rendered":"<p>Kork Sticker, ABC II, 80 St\u00fcck<\/p>\n","protected":false},"featured_media":77027,"template":"","meta":[],"product_brand":[],"product_cat":[1195,23,1263,29,59,62],"product_tag":[324],"woo-feed-brand":[],"class_list":{"0":"post-77028","1":"product","2":"type-product","3":"status-publish","4":"has-post-thumbnail","6":"product_cat-dekogrundlagen","7":"product_cat-home-living","8":"product_cat-fleuropkids","9":"product_cat-do-it-yourself","10":"product_cat-kids","11":"product_cat-spielzeug","12":"product_tag-marein-ag","14":"first","15":"instock","16":"taxable","17":"shipping-taxable","18":"purchasable","19":"product-type-simple"},"_links":{"self":[{"href":"https:\/\/www.fleurop-home.ch\/de-ch\/wp-json\/wp\/v2\/product\/77028","targetHints":{"allow":["GET"]}}],"collection":[{"href":"https:\/\/www.fleurop-home.ch\/de-ch\/wp-json\/wp\/v2\/product"}],"about":[{"href":"https:\/\/www.fleurop-home.ch\/de-ch\/wp-json\/wp\/v2\/types\/product"}],"wp:featuredmedia":[{"embeddable":true,"href":"https:\/\/www.fleurop-home.ch\/de-ch\/wp-json\/wp\/v2\/media\/77027"}],"wp:attachment":[{"href":"https:\/\/www.fleurop-home.ch\/de-ch\/wp-json\/wp\/v2\/media?parent=77028"}],"wp:term":[{"taxonomy":"product_brand","embeddable":true,"href":"https:\/\/www.fleurop-home.ch\/de-ch\/wp-json\/wp\/v2\/product_brand?post=77028"},{"taxonomy":"product_cat","embeddable":true,"href":"https:\/\/www.fleurop-home.ch\/de-ch\/wp-json\/wp\/v2\/product_cat?post=77028"},{"taxonomy":"product_tag","embeddable":true,"href":"https:\/\/www.fleurop-home.ch\/de-ch\/wp-json\/wp\/v2\/product_tag?post=77028"},{"taxonomy":"woo-feed-brand","embeddable":true,"href":"https:\/\/www.fleurop-home.ch\/de-ch\/wp-json\/wp\/v2\/woo-feed-brand?post=77028"}],"curies":[{"name":"wp","href":"https:\/\/api.w.org\/{rel}","templated":true}]}}