{"id":77025,"date":"2026-04-09T14:29:17","date_gmt":"2026-04-09T12:29:17","guid":{"rendered":"https:\/\/www.fleurop-home.ch\/de-ch\/p\/kordelset-bastelschnuere-mit-drei-unterschiedlilichein-texturen-in-harmonischen-naturtoenen-fuer-diy-projekte-natur-1-mm-x-9-45-m-1-5-mm-x-2-8-m-2-mm-x-2-8-m-gebuendelt"},"modified":"2026-04-13T16:42:53","modified_gmt":"2026-04-13T14:42:53","slug":"bastelschnuere-naturtoene","status":"publish","type":"product","link":"https:\/\/www.fleurop-home.ch\/de-ch\/p\/bastelschnuere-naturtoene","title":{"rendered":"Bastelschn\u00fcre Naturt\u00f6ne"},"content":{"rendered":"<p>Kordelset, Bastelschn\u00fcre mit drei unterschiedlichen Texturen in harmonischen Naturt\u00f6nen f\u00fcr DIY Projekte, Natur, 1 mm x 9.45 m \/ 1.5 mm x 2.8 m \/ 2 mm x 2.8 m, geb\u00fcndelt<\/p>\n<p>Die drei hochwertigen Bastel- und Gartenkordeln sollten in keiner Bastelschublade fehlen. Als Geschenkschnur f\u00fcr eine h\u00fcbsche Verpackung oder als Dekokordel um einen Gegenstand gewickelt wird sie auf jeden Fall ein Hingucker. Auch f\u00fcr Bastelarbeiten ist sie perfekt geeignet. Da sie nicht sehr reissfest ist kann die Hanfschnur auch f\u00fcr Makramee oder Webprojekte verwendet werden.<\/p>\n<p>\u2022 1 mm \/ 1.5 mm \/ 2 mm<br \/>\n\u2022 3 St\u00fcck<\/p>\n","protected":false},"excerpt":{"rendered":"<p>Juteb\u00e4nder D 1 \/ 1.5 \/ 2 mm, 3 St\u00fcck<\/p>\n","protected":false},"featured_media":77024,"template":"","meta":[],"product_brand":[],"product_cat":[1193,23,29],"product_tag":[324],"woo-feed-brand":[],"class_list":{"0":"post-77025","1":"product","2":"type-product","3":"status-publish","4":"has-post-thumbnail","6":"product_cat-baender-tueten","7":"product_cat-home-living","8":"product_cat-do-it-yourself","9":"product_tag-marein-ag","11":"first","12":"instock","13":"taxable","14":"shipping-taxable","15":"purchasable","16":"product-type-simple"},"_links":{"self":[{"href":"https:\/\/www.fleurop-home.ch\/de-ch\/wp-json\/wp\/v2\/product\/77025","targetHints":{"allow":["GET"]}}],"collection":[{"href":"https:\/\/www.fleurop-home.ch\/de-ch\/wp-json\/wp\/v2\/product"}],"about":[{"href":"https:\/\/www.fleurop-home.ch\/de-ch\/wp-json\/wp\/v2\/types\/product"}],"wp:featuredmedia":[{"embeddable":true,"href":"https:\/\/www.fleurop-home.ch\/de-ch\/wp-json\/wp\/v2\/media\/77024"}],"wp:attachment":[{"href":"https:\/\/www.fleurop-home.ch\/de-ch\/wp-json\/wp\/v2\/media?parent=77025"}],"wp:term":[{"taxonomy":"product_brand","embeddable":true,"href":"https:\/\/www.fleurop-home.ch\/de-ch\/wp-json\/wp\/v2\/product_brand?post=77025"},{"taxonomy":"product_cat","embeddable":true,"href":"https:\/\/www.fleurop-home.ch\/de-ch\/wp-json\/wp\/v2\/product_cat?post=77025"},{"taxonomy":"product_tag","embeddable":true,"href":"https:\/\/www.fleurop-home.ch\/de-ch\/wp-json\/wp\/v2\/product_tag?post=77025"},{"taxonomy":"woo-feed-brand","embeddable":true,"href":"https:\/\/www.fleurop-home.ch\/de-ch\/wp-json\/wp\/v2\/woo-feed-brand?post=77025"}],"curies":[{"name":"wp","href":"https:\/\/api.w.org\/{rel}","templated":true}]}}