{"id":77008,"date":"2026-04-09T14:28:39","date_gmt":"2026-04-09T12:28:39","guid":{"rendered":"https:\/\/www.fleurop-home.ch\/de-ch\/p\/holzklammer-vogel-rosa-4-stk"},"modified":"2026-04-16T13:25:35","modified_gmt":"2026-04-16T11:25:35","slug":"holzklammer-vogel-rosa-4-stk","status":"publish","type":"product","link":"https:\/\/www.fleurop-home.ch\/de-ch\/p\/holzklammer-vogel-rosa-4-stk","title":{"rendered":"Holzklammer Vogel rosa, 4 Stk."},"content":{"rendered":"<p>Die vielseitigen Clips zeichnen sich durch ihre hohe Qualit\u00e4t und die zahlreichen Nutzungsm\u00f6glichkeiten aus. Mit den Clips kann man zum Beispiel eine ganz pers\u00f6nliche Fotowand mit den sch\u00f6nsten Erinnerungen gestalten. Die Clips halten nicht nur Papiere der unterschiedlichsten Art zusammen, nein, mit ihnen gelingen auch tolle Bastelarbeiten.<\/p>\n<p>\u2022 4.5 x 5.0 cm<br \/>\n\u2022 4 St\u00fcck<\/p>\n","protected":false},"excerpt":{"rendered":"<p>Holzklammern, Vogel, rosa, 4 S.<\/p>\n","protected":false},"featured_media":77007,"template":"","meta":[],"product_brand":[],"product_cat":[1195,23,1263,29],"product_tag":[324],"woo-feed-brand":[],"class_list":{"0":"post-77008","1":"product","2":"type-product","3":"status-publish","4":"has-post-thumbnail","6":"product_cat-dekogrundlagen","7":"product_cat-home-living","8":"product_cat-fleuropkids","9":"product_cat-do-it-yourself","10":"product_tag-marein-ag","12":"first","13":"instock","14":"taxable","15":"shipping-taxable","16":"purchasable","17":"product-type-simple"},"_links":{"self":[{"href":"https:\/\/www.fleurop-home.ch\/de-ch\/wp-json\/wp\/v2\/product\/77008","targetHints":{"allow":["GET"]}}],"collection":[{"href":"https:\/\/www.fleurop-home.ch\/de-ch\/wp-json\/wp\/v2\/product"}],"about":[{"href":"https:\/\/www.fleurop-home.ch\/de-ch\/wp-json\/wp\/v2\/types\/product"}],"wp:featuredmedia":[{"embeddable":true,"href":"https:\/\/www.fleurop-home.ch\/de-ch\/wp-json\/wp\/v2\/media\/77007"}],"wp:attachment":[{"href":"https:\/\/www.fleurop-home.ch\/de-ch\/wp-json\/wp\/v2\/media?parent=77008"}],"wp:term":[{"taxonomy":"product_brand","embeddable":true,"href":"https:\/\/www.fleurop-home.ch\/de-ch\/wp-json\/wp\/v2\/product_brand?post=77008"},{"taxonomy":"product_cat","embeddable":true,"href":"https:\/\/www.fleurop-home.ch\/de-ch\/wp-json\/wp\/v2\/product_cat?post=77008"},{"taxonomy":"product_tag","embeddable":true,"href":"https:\/\/www.fleurop-home.ch\/de-ch\/wp-json\/wp\/v2\/product_tag?post=77008"},{"taxonomy":"woo-feed-brand","embeddable":true,"href":"https:\/\/www.fleurop-home.ch\/de-ch\/wp-json\/wp\/v2\/woo-feed-brand?post=77008"}],"curies":[{"name":"wp","href":"https:\/\/api.w.org\/{rel}","templated":true}]}}