{"id":77001,"date":"2026-04-09T14:28:22","date_gmt":"2026-04-09T12:28:22","guid":{"rendered":"https:\/\/www.fleurop-home.ch\/de-ch\/p\/holz-kinder-buntstifte-skizzen-farbverlauf-farbstifte-17-5cm-12-stk"},"modified":"2026-04-16T13:25:35","modified_gmt":"2026-04-16T11:25:35","slug":"buntstifte-farbverlauf-12-stk","status":"publish","type":"product","link":"https:\/\/www.fleurop-home.ch\/de-ch\/p\/buntstifte-farbverlauf-12-stk","title":{"rendered":"Buntstifte Farbverlauf, 12 Stk."},"content":{"rendered":"<p>Holz Kinder Buntstifte Skizzen Farbverlauf Farbstifte, 17.5cm, 12 Stk.<\/p>\n<p>Bestelle jetzt dieses 12er Set mit Buntstiften und lasse deiner Kreativit\u00e4t freien Lauf! Die tollen Farbstifte wurden aus Holz gefertigt und sind ideal f\u00fcr das Ausmalen von Bildern oder f\u00fcrs Skizzieren geeignet. Die Stifte haben einen tollen Regenbogen Farbverlauf, was Kinder Augen garantiert zum Strahlen bringt. Dank der extra breiten Dicke liegen die Stifte angenehm in der Hand.<\/p>\n<p>Holz Buntstifte mit Regenbogen Farbverlauf:<\/p>\n<p>\u2022 Kommen im praktischen 12er Set<br \/>\n\u2022 Toller Regenbogen Farbverlauf<br \/>\n\u2022 Perfekt zum Ausmalen oder Skizzieren<br \/>\n\u2022 Dicke Buntstifte ideal f\u00fcr Kinder<br \/>\n\u2022 Farbe: Bunt\/Schwarz<br \/>\n\u2022 Material: Holz\/Russ<br \/>\n\u2022 Gr\u00f6sse Stift: ca. \u00d8 1 x 17.5 cm<br \/>\n\u2022 Gewicht: ca. 150 g<\/p>\n","protected":false},"excerpt":{"rendered":"<p>(12er Set) 17.5cm Holz Kinder Buntstifte Skizzen Farbverlauf Farbstift<\/p>\n","protected":false},"featured_media":77000,"template":"","meta":[],"product_brand":[],"product_cat":[939,23,1195,1263,29,59],"product_tag":[324],"woo-feed-brand":[],"class_list":{"0":"post-77001","1":"product","2":"type-product","3":"status-publish","4":"has-post-thumbnail","6":"product_cat-kindergeschenke","7":"product_cat-home-living","8":"product_cat-dekogrundlagen","9":"product_cat-fleuropkids","10":"product_cat-do-it-yourself","11":"product_cat-kids","12":"product_tag-marein-ag","14":"first","15":"instock","16":"taxable","17":"shipping-taxable","18":"purchasable","19":"product-type-simple"},"_links":{"self":[{"href":"https:\/\/www.fleurop-home.ch\/de-ch\/wp-json\/wp\/v2\/product\/77001","targetHints":{"allow":["GET"]}}],"collection":[{"href":"https:\/\/www.fleurop-home.ch\/de-ch\/wp-json\/wp\/v2\/product"}],"about":[{"href":"https:\/\/www.fleurop-home.ch\/de-ch\/wp-json\/wp\/v2\/types\/product"}],"wp:featuredmedia":[{"embeddable":true,"href":"https:\/\/www.fleurop-home.ch\/de-ch\/wp-json\/wp\/v2\/media\/77000"}],"wp:attachment":[{"href":"https:\/\/www.fleurop-home.ch\/de-ch\/wp-json\/wp\/v2\/media?parent=77001"}],"wp:term":[{"taxonomy":"product_brand","embeddable":true,"href":"https:\/\/www.fleurop-home.ch\/de-ch\/wp-json\/wp\/v2\/product_brand?post=77001"},{"taxonomy":"product_cat","embeddable":true,"href":"https:\/\/www.fleurop-home.ch\/de-ch\/wp-json\/wp\/v2\/product_cat?post=77001"},{"taxonomy":"product_tag","embeddable":true,"href":"https:\/\/www.fleurop-home.ch\/de-ch\/wp-json\/wp\/v2\/product_tag?post=77001"},{"taxonomy":"woo-feed-brand","embeddable":true,"href":"https:\/\/www.fleurop-home.ch\/de-ch\/wp-json\/wp\/v2\/woo-feed-brand?post=77001"}],"curies":[{"name":"wp","href":"https:\/\/api.w.org\/{rel}","templated":true}]}}