{"id":76997,"date":"2026-04-09T14:28:17","date_gmt":"2026-04-09T12:28:17","guid":{"rendered":"https:\/\/www.fleurop-home.ch\/de-ch\/p\/hellblaue-klappkarte-its-a-boy-zum-aufstellen"},"modified":"2026-04-13T11:38:51","modified_gmt":"2026-04-13T09:38:51","slug":"hellblaue-klappkarte-its-a-boy","status":"publish","type":"product","link":"https:\/\/www.fleurop-home.ch\/de-ch\/p\/hellblaue-klappkarte-its-a-boy","title":{"rendered":"Hellblaue Klappkarte \u201cit\u2019s a boy!\u201d"},"content":{"rendered":"<p>Schlichte und zeitlose Klappkarte zum Gl\u00fcckwunsch zum Gender Reveal und Neugeborenen Jungen.<\/p>\n<p>\u2022 Zweiseitige Klappkarte<br \/>\n\u2022 Blanko Innenseiten<br \/>\n\u2022 Als Gl\u00fcckwunschkarte f\u00fcr m\u00e4nnlichen Zuwachs<br \/>\n\u2022 Hochwertiges, Matt-bedrucktes Naturpapier<br \/>\n\u2022 Satte Farben in hoher Druckaufl\u00f6sung<br \/>\n\u2022 Gl\u00e4nzender Folienprint in Gold<br \/>\n\u2022 Made in Germany<\/p>\n","protected":false},"excerpt":{"rendered":"<p>Schlichte und zeitlose Klappkarte zum Gl\u00fcckwunsch zum Gender Reveal und Neugeborenen Jungen.<\/p>\n","protected":false},"featured_media":76996,"template":"","meta":[],"product_brand":[],"product_cat":[58,52],"product_tag":[324],"woo-feed-brand":[],"class_list":{"0":"post-76997","1":"product","2":"type-product","3":"status-publish","4":"has-post-thumbnail","6":"product_cat-grusskarten","7":"product_cat-geschenke","8":"product_tag-marein-ag","10":"first","11":"instock","12":"taxable","13":"shipping-taxable","14":"purchasable","15":"product-type-simple"},"_links":{"self":[{"href":"https:\/\/www.fleurop-home.ch\/de-ch\/wp-json\/wp\/v2\/product\/76997","targetHints":{"allow":["GET"]}}],"collection":[{"href":"https:\/\/www.fleurop-home.ch\/de-ch\/wp-json\/wp\/v2\/product"}],"about":[{"href":"https:\/\/www.fleurop-home.ch\/de-ch\/wp-json\/wp\/v2\/types\/product"}],"wp:featuredmedia":[{"embeddable":true,"href":"https:\/\/www.fleurop-home.ch\/de-ch\/wp-json\/wp\/v2\/media\/76996"}],"wp:attachment":[{"href":"https:\/\/www.fleurop-home.ch\/de-ch\/wp-json\/wp\/v2\/media?parent=76997"}],"wp:term":[{"taxonomy":"product_brand","embeddable":true,"href":"https:\/\/www.fleurop-home.ch\/de-ch\/wp-json\/wp\/v2\/product_brand?post=76997"},{"taxonomy":"product_cat","embeddable":true,"href":"https:\/\/www.fleurop-home.ch\/de-ch\/wp-json\/wp\/v2\/product_cat?post=76997"},{"taxonomy":"product_tag","embeddable":true,"href":"https:\/\/www.fleurop-home.ch\/de-ch\/wp-json\/wp\/v2\/product_tag?post=76997"},{"taxonomy":"woo-feed-brand","embeddable":true,"href":"https:\/\/www.fleurop-home.ch\/de-ch\/wp-json\/wp\/v2\/woo-feed-brand?post=76997"}],"curies":[{"name":"wp","href":"https:\/\/api.w.org\/{rel}","templated":true}]}}